{"id":1098,"date":"2026-01-15T09:06:08","date_gmt":"2026-01-15T08:06:08","guid":{"rendered":"https:\/\/soulmade-tours.eu\/?page_id=1098"},"modified":"2026-01-15T09:28:43","modified_gmt":"2026-01-15T08:28:43","slug":"werner_hall_zertifizierter_motorrad_tourguide","status":"publish","type":"page","link":"https:\/\/soulmade-tours.eu\/en\/werner_hall_zertifizierter_motorrad_tourguide\/","title":{"rendered":"Werner Hall"},"content":{"rendered":"<h1>Werner Hall<\/h1>\n<h3>&#8211; Certified tour guide and owner<\/h3>\n<p>For more than four decades already, the motorcycle has been a steady companion of mine. The Puch Maxi S, Vespa and big players such as the BMW GS, Triumph Tiger XC or my present Honda Africa Twin Adventure Sports that share their presence with Italian beauties like an MV Augusta, Guzzi or Benelli, they all have been part of my motorcycle family accompanying me as a member of several motorbike clubs around the world. On my numerous trips through Germany, the Alps, the South of Europe and the US, I\u2019ve been privileged to guide multiple tours and gather valuable experience and learned that it is vital to carry a map with you, despite GPS and navigation system, \u00a0and to know how to be guided by the position of the sun \u2013 and that if you sometimes take the wrong turn you may end up on the most beautiful roads \u2026<\/p>\n<p>My love and dedication to motor cycling was the reason why I decided to leave my family business after 30 years and turned my hobby into my profession: I became a certified motorcycle tour guide, knowing that only on the motorbike, all your senses are stimulated. Bikers are confronted with heat, cold, wind, rain and smells. This, combined with the unforgettable impressions of different sceneries and mother nature, is what freedom is all about.<\/p>\n<p>I look forward to sharing my passion for motorbiking and my experiences with you.<\/p>\n<div  id=\"jtg-238\" class=\"modula modula-gallery modula-custom-grid\" data-config=\"{&quot;height&quot;:0,&quot;tabletHeight&quot;:0,&quot;mobileHeight&quot;:0,&quot;desktopHeight&quot;:0,&quot;enableTwitter&quot;:false,&quot;enableWhatsapp&quot;:false,&quot;enableFacebook&quot;:false,&quot;enablePinterest&quot;:false,&quot;enableLinkedin&quot;:false,&quot;enableEmail&quot;:false,&quot;randomFactor&quot;:0,&quot;type&quot;:&quot;custom-grid&quot;,&quot;columns&quot;:12,&quot;gutter&quot;:10,&quot;mobileGutter&quot;:10,&quot;tabletGutter&quot;:10,&quot;desktopGutter&quot;:10,&quot;enableResponsive&quot;:&quot;0&quot;,&quot;tabletColumns&quot;:&quot;2&quot;,&quot;mobileColumns&quot;:&quot;1&quot;,&quot;lazyLoad&quot;:0,&quot;lightboxOpts&quot;:{&quot;animated&quot;:true,&quot;Thumbs&quot;:{&quot;type&quot;:&quot;modern&quot;,&quot;showOnStart&quot;:false},&quot;Toolbar&quot;:{&quot;display&quot;:{&quot;right&quot;:[&quot;close&quot;]},&quot;enabled&quot;:true},&quot;Carousel&quot;:{&quot;Panzoom&quot;:{&quot;touch&quot;:true},&quot;infinite&quot;:false},&quot;keyboard&quot;:{&quot;Escape&quot;:&quot;close&quot;,&quot;Delete&quot;:&quot;close&quot;,&quot;Backspace&quot;:&quot;close&quot;,&quot;PageUp&quot;:false,&quot;PageDown&quot;:false,&quot;ArrowUp&quot;:false,&quot;ArrowDown&quot;:false,&quot;ArrowRight&quot;:false,&quot;ArrowLeft&quot;:false},&quot;touch&quot;:false,&quot;backdropClick&quot;:false,&quot;l10n&quot;:{&quot;CLOSE&quot;:&quot;Close&quot;,&quot;NEXT&quot;:&quot;Next&quot;,&quot;PREV&quot;:&quot;Previous&quot;,&quot;Error&quot;:&quot;The requested content cannot be loaded. Please try again later.&quot;,&quot;PLAY_START&quot;:&quot;Start slideshow&quot;,&quot;PLAY_STOP&quot;:&quot;Pause slideshow&quot;,&quot;FULL_SCREEN&quot;:&quot;Full screen&quot;,&quot;THUMBS&quot;:&quot;Thumbnails&quot;,&quot;DOWNLOAD&quot;:&quot;Download&quot;,&quot;SHARE&quot;:&quot;Share&quot;,&quot;ZOOM&quot;:&quot;Zoom&quot;,&quot;EMAIL&quot;:&quot;Here is the link to the image : %%image_link%% and this is the link to the gallery : %%gallery_link%%&quot;,&quot;MODAL&quot;:&quot;You can close this modal content with the ESC key&quot;,&quot;ERROR&quot;:&quot;Something Went Wrong, Please Try Again Later&quot;,&quot;IMAGE_ERROR&quot;:&quot;Image Not Found&quot;,&quot;ELEMENT_NOT_FOUND&quot;:&quot;HTML Element Not Found&quot;,&quot;AJAX_NOT_FOUND&quot;:&quot;Error Loading AJAX : Not Found&quot;,&quot;AJAX_FORBIDDEN&quot;:&quot;Error Loading AJAX : Forbidden&quot;,&quot;IFRAME_ERROR&quot;:&quot;Error Loading Page&quot;,&quot;TOGGLE_ZOOM&quot;:&quot;Toggle zoom level&quot;,&quot;TOGGLE_THUMBS&quot;:&quot;Toggle thumbnails&quot;,&quot;TOGGLE_SLIDESHOW&quot;:&quot;Toggle slideshow&quot;,&quot;TOGGLE_FULLSCREEN&quot;:&quot;Toggle full-screen mode&quot;},&quot;Images&quot;:{&quot;Panzoom&quot;:{&quot;maxScale&quot;:2}},&quot;mainClass&quot;:&quot;modula-fancybox-container modula-lightbox-jtg-238&quot;,&quot;Html&quot;:{&quot;videoAutoplay&quot;:0,&quot;videoTpl&quot;:&quot;&lt;video class=\\&quot;fancybox__html5video\\&quot; controls muted playsinline controlsList controlsList=\\&quot;nodownload\\&quot; poster=\\&quot;{{poster}}\\&quot; src=\\&quot;{{src}}\\&quot; type=\\&quot;{{format}}\\&quot; &gt;  Sorry, your browser doesn&#039;t support embedded videos, &lt;a href=\\&quot;{{src}}\\&quot;&gt; download &lt;\\\/a&gt; and watch with your favorite video player! &lt;\\\/video&gt;&quot;}},&quot;inView&quot;:false,&quot;email_subject&quot;:&quot;Check out this awesome image !!&quot;,&quot;email_message&quot;:&quot;Here is the link to the image : %%image_link%% and this is the link to the gallery : %%gallery_link%%&quot;,&quot;lightbox&quot;:&quot;fancybox&quot;}\">\n\n\t\n\t<div  class=\"modula-items\">\n\t\t<div class=\"modula-item effect-pufrobo\" data-width=\"5\" data-height=\"7\" >\n\t<div class=\"modula-item-overlay\"><\/div>\n\n\t<div class=\"modula-item-content\">\n\n\t\t<a data-image-id=\"239\" role=\"button\" tabindex=\"0\" rel=\"jtg-238\" data-caption=\"\" aria-label=\"Open image in lightbox\" class=\"tile-inner modula-item-link\"><\/a><img loading=\"lazy\" decoding=\"async\" class=\"pic wp-image-239\"  data-valign=\"middle\" data-halign=\"center\" alt=\"\" data-full=\"https:\/\/soulmade-tours.eu\/wp-content\/uploads\/2023\/02\/CAP_20220511_133516.jpg\" title=\"CAP_20220511_133516\" crop=\"\" width=\"253\" height=\"450\" src=\"https:\/\/soulmade-tours.eu\/wp-content\/uploads\/2023\/02\/CAP_20220511_133516-253x450.jpg\" data-src=\"https:\/\/soulmade-tours.eu\/wp-content\/uploads\/2023\/02\/CAP_20220511_133516-253x450.jpg\" data-caption=\"\" srcset=\"https:\/\/soulmade-tours.eu\/wp-content\/uploads\/2023\/02\/CAP_20220511_133516.jpg 1296w, https:\/\/soulmade-tours.eu\/wp-content\/uploads\/2023\/02\/CAP_20220511_133516-253x450.jpg 253w, https:\/\/soulmade-tours.eu\/wp-content\/uploads\/2023\/02\/CAP_20220511_133516-576x1024.jpg 576w, https:\/\/soulmade-tours.eu\/wp-content\/uploads\/2023\/02\/CAP_20220511_133516-768x1365.jpg 768w, https:\/\/soulmade-tours.eu\/wp-content\/uploads\/2023\/02\/CAP_20220511_133516-864x1536.jpg 864w, https:\/\/soulmade-tours.eu\/wp-content\/uploads\/2023\/02\/CAP_20220511_133516-1152x2048.jpg 1152w\" sizes=\"auto, (max-width: 253px) 100vw, 253px\" \/>\n\t\t<div class=\"figc no-description\">\n\t\t\t<div class=\"figc-inner\">\n\t\t\t\t\t\t\t\t\t\t\t\t\t\t\t<\/div>\n\t\t<\/div>\n\n\t<\/div>\n\n<\/div><div class=\"modula-item effect-pufrobo\" data-width=\"7\" data-height=\"4\" >\n\t<div class=\"modula-item-overlay\"><\/div>\n\n\t<div class=\"modula-item-content\">\n\n\t\t<a data-image-id=\"240\" role=\"button\" tabindex=\"0\" rel=\"jtg-238\" data-caption=\"\" aria-label=\"Open image in lightbox\" class=\"tile-inner modula-item-link\"><\/a><img loading=\"lazy\" decoding=\"async\" class=\"pic wp-image-240\"  data-valign=\"middle\" data-halign=\"center\" alt=\"\" data-full=\"https:\/\/soulmade-tours.eu\/wp-content\/uploads\/2023\/02\/CAP_20220511_133553.jpg\" title=\"CAP_20220511_133553\" crop=\"\" width=\"450\" height=\"253\" src=\"https:\/\/soulmade-tours.eu\/wp-content\/uploads\/2023\/02\/CAP_20220511_133553-450x253.jpg\" data-src=\"https:\/\/soulmade-tours.eu\/wp-content\/uploads\/2023\/02\/CAP_20220511_133553-450x253.jpg\" data-caption=\"\" srcset=\"https:\/\/soulmade-tours.eu\/wp-content\/uploads\/2023\/02\/CAP_20220511_133553.jpg 2304w, https:\/\/soulmade-tours.eu\/wp-content\/uploads\/2023\/02\/CAP_20220511_133553-450x253.jpg 450w, https:\/\/soulmade-tours.eu\/wp-content\/uploads\/2023\/02\/CAP_20220511_133553-1024x576.jpg 1024w, https:\/\/soulmade-tours.eu\/wp-content\/uploads\/2023\/02\/CAP_20220511_133553-768x432.jpg 768w, https:\/\/soulmade-tours.eu\/wp-content\/uploads\/2023\/02\/CAP_20220511_133553-1536x864.jpg 1536w, https:\/\/soulmade-tours.eu\/wp-content\/uploads\/2023\/02\/CAP_20220511_133553-2048x1152.jpg 2048w\" sizes=\"auto, (max-width: 450px) 100vw, 450px\" \/>\n\t\t<div class=\"figc no-description\">\n\t\t\t<div class=\"figc-inner\">\n\t\t\t\t\t\t\t\t\t\t\t\t\t\t\t<\/div>\n\t\t<\/div>\n\n\t<\/div>\n\n<\/div><div class=\"modula-item effect-pufrobo\" data-width=\"3\" data-height=\"3\" >\n\t<div class=\"modula-item-overlay\"><\/div>\n\n\t<div class=\"modula-item-content\">\n\n\t\t<a data-image-id=\"241\" role=\"button\" tabindex=\"0\" rel=\"jtg-238\" data-caption=\"\" aria-label=\"Open image in lightbox\" class=\"tile-inner modula-item-link\"><\/a><img loading=\"lazy\" decoding=\"async\" class=\"pic wp-image-241\"  data-valign=\"middle\" data-halign=\"center\" alt=\"\" data-full=\"https:\/\/soulmade-tours.eu\/wp-content\/uploads\/2023\/02\/IMG_20220826_122132115_HDR.jpg\" title=\"IMG_20220826_122132115_HDR\" crop=\"\" width=\"450\" height=\"338\" src=\"https:\/\/soulmade-tours.eu\/wp-content\/uploads\/2023\/02\/IMG_20220826_122132115_HDR-450x338.jpg\" data-src=\"https:\/\/soulmade-tours.eu\/wp-content\/uploads\/2023\/02\/IMG_20220826_122132115_HDR-450x338.jpg\" data-caption=\"\" srcset=\"https:\/\/soulmade-tours.eu\/wp-content\/uploads\/2023\/02\/IMG_20220826_122132115_HDR.jpg 2304w, https:\/\/soulmade-tours.eu\/wp-content\/uploads\/2023\/02\/IMG_20220826_122132115_HDR-450x338.jpg 450w, https:\/\/soulmade-tours.eu\/wp-content\/uploads\/2023\/02\/IMG_20220826_122132115_HDR-1024x768.jpg 1024w, https:\/\/soulmade-tours.eu\/wp-content\/uploads\/2023\/02\/IMG_20220826_122132115_HDR-768x576.jpg 768w, https:\/\/soulmade-tours.eu\/wp-content\/uploads\/2023\/02\/IMG_20220826_122132115_HDR-1536x1152.jpg 1536w, https:\/\/soulmade-tours.eu\/wp-content\/uploads\/2023\/02\/IMG_20220826_122132115_HDR-2048x1536.jpg 2048w\" sizes=\"auto, (max-width: 450px) 100vw, 450px\" \/>\n\t\t<div class=\"figc no-description\">\n\t\t\t<div class=\"figc-inner\">\n\t\t\t\t\t\t\t\t\t\t\t\t\t\t\t<\/div>\n\t\t<\/div>\n\n\t<\/div>\n\n<\/div><div class=\"modula-item effect-pufrobo\" data-width=\"4\" data-height=\"3\" >\n\t<div class=\"modula-item-overlay\"><\/div>\n\n\t<div class=\"modula-item-content\">\n\n\t\t<a data-image-id=\"242\" role=\"button\" tabindex=\"0\" rel=\"jtg-238\" data-caption=\"\" aria-label=\"Open image in lightbox\" class=\"tile-inner modula-item-link\"><\/a><img loading=\"lazy\" decoding=\"async\" class=\"pic wp-image-242\"  data-valign=\"middle\" data-halign=\"center\" alt=\"\" data-full=\"https:\/\/soulmade-tours.eu\/wp-content\/uploads\/2023\/02\/IMG_20220826_122254007.jpg\" title=\"IMG_20220826_122254007\" crop=\"\" width=\"450\" height=\"338\" src=\"https:\/\/soulmade-tours.eu\/wp-content\/uploads\/2023\/02\/IMG_20220826_122254007-450x338.jpg\" data-src=\"https:\/\/soulmade-tours.eu\/wp-content\/uploads\/2023\/02\/IMG_20220826_122254007-450x338.jpg\" data-caption=\"\" srcset=\"https:\/\/soulmade-tours.eu\/wp-content\/uploads\/2023\/02\/IMG_20220826_122254007.jpg 2304w, https:\/\/soulmade-tours.eu\/wp-content\/uploads\/2023\/02\/IMG_20220826_122254007-450x338.jpg 450w, https:\/\/soulmade-tours.eu\/wp-content\/uploads\/2023\/02\/IMG_20220826_122254007-1024x768.jpg 1024w, https:\/\/soulmade-tours.eu\/wp-content\/uploads\/2023\/02\/IMG_20220826_122254007-768x576.jpg 768w, https:\/\/soulmade-tours.eu\/wp-content\/uploads\/2023\/02\/IMG_20220826_122254007-1536x1152.jpg 1536w, https:\/\/soulmade-tours.eu\/wp-content\/uploads\/2023\/02\/IMG_20220826_122254007-2048x1536.jpg 2048w\" sizes=\"auto, (max-width: 450px) 100vw, 450px\" \/>\n\t\t<div class=\"figc no-description\">\n\t\t\t<div class=\"figc-inner\">\n\t\t\t\t\t\t\t\t\t\t\t\t\t\t\t<\/div>\n\t\t<\/div>\n\n\t<\/div>\n\n<\/div><div class=\"modula-item effect-pufrobo\" data-width=\"12\" data-height=\"8\" >\n\t<div class=\"modula-item-overlay\"><\/div>\n\n\t<div class=\"modula-item-content\">\n\n\t\t<a data-image-id=\"243\" role=\"button\" tabindex=\"0\" rel=\"jtg-238\" data-caption=\"\" aria-label=\"Open image in lightbox\" class=\"tile-inner modula-item-link\"><\/a><img loading=\"lazy\" decoding=\"async\" class=\"pic wp-image-243\"  data-valign=\"middle\" data-halign=\"center\" alt=\"\" data-full=\"https:\/\/soulmade-tours.eu\/wp-content\/uploads\/2023\/02\/IMG_20220907_100201612_HDR.jpg\" title=\"IMG_20220907_100201612_HDR\" crop=\"\" width=\"338\" height=\"450\" src=\"https:\/\/soulmade-tours.eu\/wp-content\/uploads\/2023\/02\/IMG_20220907_100201612_HDR-338x450.jpg\" data-src=\"https:\/\/soulmade-tours.eu\/wp-content\/uploads\/2023\/02\/IMG_20220907_100201612_HDR-338x450.jpg\" data-caption=\"\" srcset=\"https:\/\/soulmade-tours.eu\/wp-content\/uploads\/2023\/02\/IMG_20220907_100201612_HDR.jpg 1728w, https:\/\/soulmade-tours.eu\/wp-content\/uploads\/2023\/02\/IMG_20220907_100201612_HDR-338x450.jpg 338w, https:\/\/soulmade-tours.eu\/wp-content\/uploads\/2023\/02\/IMG_20220907_100201612_HDR-768x1024.jpg 768w, https:\/\/soulmade-tours.eu\/wp-content\/uploads\/2023\/02\/IMG_20220907_100201612_HDR-1152x1536.jpg 1152w, https:\/\/soulmade-tours.eu\/wp-content\/uploads\/2023\/02\/IMG_20220907_100201612_HDR-1536x2048.jpg 1536w\" sizes=\"auto, (max-width: 338px) 100vw, 338px\" \/>\n\t\t<div class=\"figc no-description\">\n\t\t\t<div class=\"figc-inner\">\n\t\t\t\t\t\t\t\t\t\t\t\t\t\t\t<\/div>\n\t\t<\/div>\n\n\t<\/div>\n\n<\/div>\t\t\n\t<\/div>\n\n\t\n\t\n\t<script type=\"application\/ld+json\">\n\t{\n\t\t\"@context\": \"http:\/\/schema.org\",\n\t\t\"@type\"   : \"ImageGallery\",\n\t\t\"id\"      : \"https:\/\/soulmade-tours.eu\/en\/werner_hall_zertifizierter_motorrad_tourguide\/\",\n\t\t\"url\"     : \"https:\/\/soulmade-tours.eu\/en\/werner_hall_zertifizierter_motorrad_tourguide\/\"\n\t}\n\n\t<\/script>\n\n\t\n<\/div>\n\n","protected":false},"excerpt":{"rendered":"<p>Werner Hall &#8211; Certified tour guide and owner For more than four decades already, the motorcycle has been a steady companion of mine. The Puch Maxi S, Vespa and big players such as the BMW GS, Triumph Tiger XC or [&hellip;]<\/p>\n","protected":false},"author":1,"featured_media":0,"parent":0,"menu_order":0,"comment_status":"closed","ping_status":"closed","template":"","meta":{"_price":"","_stock":"","_tribe_ticket_header":"","_tribe_default_ticket_provider":"","_tribe_ticket_capacity":"","_ticket_start_date":"","_ticket_end_date":"","_tribe_ticket_show_description":"","_tribe_ticket_show_not_going":false,"_tribe_ticket_use_global_stock":"","_tribe_ticket_global_stock_level":"","_global_stock_mode":"","_global_stock_cap":"","_tribe_rsvp_for_event":"","_tribe_ticket_going_count":"","_tribe_ticket_not_going_count":"","_tribe_tickets_list":"[]","_tribe_ticket_has_attendee_info_fields":false,"footnotes":""},"class_list":["post-1098","page","type-page","status-publish","hentry","post"],"translation":{"provider":"WPGlobus","version":"3.0.2","language":"en","enabled_languages":["de","en"],"languages":{"de":{"title":true,"content":true,"excerpt":false},"en":{"title":true,"content":true,"excerpt":false}}},"yoast_head":"<!-- This site is optimized with the Yoast SEO plugin v27.3 - https:\/\/yoast.com\/product\/yoast-seo-wordpress\/ -->\n<title>Werner Hall - SOULMADE TOURS<\/title>\n<meta name=\"robots\" content=\"index, follow, max-snippet:-1, max-image-preview:large, max-video-preview:-1\" \/>\n<link rel=\"canonical\" href=\"https:\/\/soulmade-tours.eu\/werner_hall_zertifizierter_motorrad_tourguide\/\" \/>\n<meta property=\"og:locale\" content=\"en_US\" \/>\n<meta property=\"og:type\" content=\"article\" \/>\n<meta property=\"og:title\" content=\"Werner Hall - SOULMADE TOURS\" \/>\n<meta property=\"og:url\" content=\"https:\/\/soulmade-tours.eu\/werner_hall_zertifizierter_motorrad_tourguide\/\" \/>\n<meta property=\"og:site_name\" content=\"SOULMADE TOURS\" \/>\n<meta property=\"article:modified_time\" content=\"2026-01-15T08:28:43+00:00\" \/>\n<meta name=\"twitter:card\" content=\"summary_large_image\" \/>\n<meta name=\"twitter:label1\" content=\"Est. reading time\" \/>\n\t<meta name=\"twitter:data1\" content=\"2 minutes\" \/>\n<script type=\"application\/ld+json\" class=\"yoast-schema-graph\">{\"@context\":\"https:\\\/\\\/schema.org\",\"@graph\":[{\"@type\":\"WebPage\",\"@id\":\"https:\\\/\\\/soulmade-tours.eu\\\/werner_hall_zertifizierter_motorrad_tourguide\\\/\",\"url\":\"https:\\\/\\\/soulmade-tours.eu\\\/werner_hall_zertifizierter_motorrad_tourguide\\\/\",\"name\":\"Werner Hall - SOULMADE TOURS\",\"isPartOf\":{\"@id\":\"https:\\\/\\\/soulmade-tours.eu\\\/#website\"},\"datePublished\":\"2026-01-15T08:06:08+00:00\",\"dateModified\":\"2026-01-15T08:28:43+00:00\",\"breadcrumb\":{\"@id\":\"https:\\\/\\\/soulmade-tours.eu\\\/werner_hall_zertifizierter_motorrad_tourguide\\\/#breadcrumb\"},\"inLanguage\":\"en-US\",\"potentialAction\":[{\"@type\":\"ReadAction\",\"target\":[\"https:\\\/\\\/soulmade-tours.eu\\\/werner_hall_zertifizierter_motorrad_tourguide\\\/\"]}]},{\"@type\":\"BreadcrumbList\",\"@id\":\"https:\\\/\\\/soulmade-tours.eu\\\/werner_hall_zertifizierter_motorrad_tourguide\\\/#breadcrumb\",\"itemListElement\":[{\"@type\":\"ListItem\",\"position\":1,\"name\":\"Startseite\",\"item\":\"https:\\\/\\\/soulmade-tours.eu\\\/\"},{\"@type\":\"ListItem\",\"position\":2,\"name\":\"Werner Hall\"}]},{\"@type\":\"WebSite\",\"@id\":\"https:\\\/\\\/soulmade-tours.eu\\\/#website\",\"url\":\"https:\\\/\\\/soulmade-tours.eu\\\/\",\"name\":\"SOULMADE TOURS gef\u00fchrte Motorradtouren\",\"description\":\"Gef\u00fchrte Motorradtouren mit K\u00f6rper, Geist &amp; Seele\",\"publisher\":{\"@id\":\"https:\\\/\\\/soulmade-tours.eu\\\/#organization\"},\"potentialAction\":[{\"@type\":\"SearchAction\",\"target\":{\"@type\":\"EntryPoint\",\"urlTemplate\":\"https:\\\/\\\/soulmade-tours.eu\\\/?s={search_term_string}\"},\"query-input\":{\"@type\":\"PropertyValueSpecification\",\"valueRequired\":true,\"valueName\":\"search_term_string\"}}],\"inLanguage\":\"en-US\"},{\"@type\":\"Organization\",\"@id\":\"https:\\\/\\\/soulmade-tours.eu\\\/#organization\",\"name\":\"SOULMADE TOURS gef\u00fchrte Motorradtouren\",\"url\":\"https:\\\/\\\/soulmade-tours.eu\\\/\",\"logo\":{\"@type\":\"ImageObject\",\"inLanguage\":\"en-US\",\"@id\":\"https:\\\/\\\/soulmade-tours.eu\\\/#\\\/schema\\\/logo\\\/image\\\/\",\"url\":\"https:\\\/\\\/soulmade-tours.eu\\\/wp-content\\\/uploads\\\/2022\\\/10\\\/cropped-512er_logo_soulmade_tours-Kopie-2.png\",\"contentUrl\":\"https:\\\/\\\/soulmade-tours.eu\\\/wp-content\\\/uploads\\\/2022\\\/10\\\/cropped-512er_logo_soulmade_tours-Kopie-2.png\",\"width\":512,\"height\":512,\"caption\":\"SOULMADE TOURS gef\u00fchrte Motorradtouren\"},\"image\":{\"@id\":\"https:\\\/\\\/soulmade-tours.eu\\\/#\\\/schema\\\/logo\\\/image\\\/\"}}]}<\/script>\n<!-- \/ Yoast SEO plugin. -->","yoast_head_json":{"title":"Werner Hall - SOULMADE TOURS","robots":{"index":"index","follow":"follow","max-snippet":"max-snippet:-1","max-image-preview":"max-image-preview:large","max-video-preview":"max-video-preview:-1"},"canonical":"https:\/\/soulmade-tours.eu\/werner_hall_zertifizierter_motorrad_tourguide\/","og_locale":"en_US","og_type":"article","og_title":"Werner Hall - SOULMADE TOURS","og_url":"https:\/\/soulmade-tours.eu\/werner_hall_zertifizierter_motorrad_tourguide\/","og_site_name":"SOULMADE TOURS","article_modified_time":"2026-01-15T08:28:43+00:00","twitter_card":"summary_large_image","twitter_misc":{"Est. reading time":"2 minutes"},"schema":{"@context":"https:\/\/schema.org","@graph":[{"@type":"WebPage","@id":"https:\/\/soulmade-tours.eu\/werner_hall_zertifizierter_motorrad_tourguide\/","url":"https:\/\/soulmade-tours.eu\/werner_hall_zertifizierter_motorrad_tourguide\/","name":"Werner Hall - SOULMADE TOURS","isPartOf":{"@id":"https:\/\/soulmade-tours.eu\/#website"},"datePublished":"2026-01-15T08:06:08+00:00","dateModified":"2026-01-15T08:28:43+00:00","breadcrumb":{"@id":"https:\/\/soulmade-tours.eu\/werner_hall_zertifizierter_motorrad_tourguide\/#breadcrumb"},"inLanguage":"en-US","potentialAction":[{"@type":"ReadAction","target":["https:\/\/soulmade-tours.eu\/werner_hall_zertifizierter_motorrad_tourguide\/"]}]},{"@type":"BreadcrumbList","@id":"https:\/\/soulmade-tours.eu\/werner_hall_zertifizierter_motorrad_tourguide\/#breadcrumb","itemListElement":[{"@type":"ListItem","position":1,"name":"Startseite","item":"https:\/\/soulmade-tours.eu\/"},{"@type":"ListItem","position":2,"name":"Werner Hall"}]},{"@type":"WebSite","@id":"https:\/\/soulmade-tours.eu\/#website","url":"https:\/\/soulmade-tours.eu\/","name":"SOULMADE TOURS gef\u00fchrte Motorradtouren","description":"Gef\u00fchrte Motorradtouren mit K\u00f6rper, Geist &amp; Seele","publisher":{"@id":"https:\/\/soulmade-tours.eu\/#organization"},"potentialAction":[{"@type":"SearchAction","target":{"@type":"EntryPoint","urlTemplate":"https:\/\/soulmade-tours.eu\/?s={search_term_string}"},"query-input":{"@type":"PropertyValueSpecification","valueRequired":true,"valueName":"search_term_string"}}],"inLanguage":"en-US"},{"@type":"Organization","@id":"https:\/\/soulmade-tours.eu\/#organization","name":"SOULMADE TOURS gef\u00fchrte Motorradtouren","url":"https:\/\/soulmade-tours.eu\/","logo":{"@type":"ImageObject","inLanguage":"en-US","@id":"https:\/\/soulmade-tours.eu\/#\/schema\/logo\/image\/","url":"https:\/\/soulmade-tours.eu\/wp-content\/uploads\/2022\/10\/cropped-512er_logo_soulmade_tours-Kopie-2.png","contentUrl":"https:\/\/soulmade-tours.eu\/wp-content\/uploads\/2022\/10\/cropped-512er_logo_soulmade_tours-Kopie-2.png","width":512,"height":512,"caption":"SOULMADE TOURS gef\u00fchrte Motorradtouren"},"image":{"@id":"https:\/\/soulmade-tours.eu\/#\/schema\/logo\/image\/"}}]}},"_links":{"self":[{"href":"https:\/\/soulmade-tours.eu\/en\/wp-json\/wp\/v2\/pages\/1098","targetHints":{"allow":["GET"]}}],"collection":[{"href":"https:\/\/soulmade-tours.eu\/en\/wp-json\/wp\/v2\/pages"}],"about":[{"href":"https:\/\/soulmade-tours.eu\/en\/wp-json\/wp\/v2\/types\/page"}],"author":[{"embeddable":true,"href":"https:\/\/soulmade-tours.eu\/en\/wp-json\/wp\/v2\/users\/1"}],"replies":[{"embeddable":true,"href":"https:\/\/soulmade-tours.eu\/en\/wp-json\/wp\/v2\/comments?post=1098"}],"version-history":[{"count":9,"href":"https:\/\/soulmade-tours.eu\/en\/wp-json\/wp\/v2\/pages\/1098\/revisions"}],"predecessor-version":[{"id":1112,"href":"https:\/\/soulmade-tours.eu\/en\/wp-json\/wp\/v2\/pages\/1098\/revisions\/1112"}],"wp:attachment":[{"href":"https:\/\/soulmade-tours.eu\/en\/wp-json\/wp\/v2\/media?parent=1098"}],"curies":[{"name":"wp","href":"https:\/\/api.w.org\/{rel}","templated":true}]}}