{"id":1121,"date":"2026-01-15T10:03:39","date_gmt":"2026-01-15T09:03:39","guid":{"rendered":"https:\/\/soulmade-tours.eu\/?page_id=1121"},"modified":"2026-02-26T14:25:36","modified_gmt":"2026-02-26T13:25:36","slug":"motorrad-trainings","status":"publish","type":"page","link":"https:\/\/soulmade-tours.eu\/en\/motorrad-trainings\/","title":{"rendered":"Motorrad Trainings"},"content":{"rendered":"<div id=\"pl-1121\"  class=\"panel-layout\" ><div id=\"pg-1121-0\"  class=\"panel-grid panel-no-style\" ><div id=\"pgc-1121-0-0\"  class=\"panel-grid-cell\" ><div id=\"panel-1121-0-0-0\" class=\"so-panel widget widget_sow-editor panel-first-child\" data-index=\"0\" ><div\n\t\t\t\n\t\t\tclass=\"so-widget-sow-editor so-widget-sow-editor-base\"\n\t\t\t\n\t\t>\n<div class=\"siteorigin-widget-tinymce textwidget\">\n\t<h1>Motorrad Trainings<\/h1>\n<\/div>\n<\/div><\/div><div id=\"panel-1121-0-0-1\" class=\"so-panel widget widget_siteorigin-panels-postloop panel-last-child\" data-index=\"1\" >\n\n\t\t\n\t\t\n<article id=\"post-1149\" class=\"post-1149 page type-page status-publish has-post-thumbnail hentry post post-with-thumbnail post-with-thumbnail-large\">\n\n\t\n\t<div class=\"entry-main\">\n\n\t\t\n\t\t<header class=\"entry-header\">\n\t\t\t\t\t\t\t<div class=\"entry-thumbnail\">\n\t\t\t\t\t<a href=\"https:\/\/soulmade-tours.eu\/en\/motorrad-trainings\/kurven-training-realverkehr-fuer-motorraeder\/\"><img loading=\"lazy\" decoding=\"async\" width=\"1080\" height=\"380\" src=\"https:\/\/soulmade-tours.eu\/wp-content\/uploads\/2026\/01\/kurventraining-scaled-e1773585674638-1080x380.jpg\" class=\"attachment-vantage-thumbnail-no-sidebar size-vantage-thumbnail-no-sidebar wp-post-image\" alt=\"\" \/><\/a>\n\t\t\t\t<\/div>\n\t\t\t\n\t\t\t<h1 class=\"entry-title\"><a href=\"https:\/\/soulmade-tours.eu\/en\/motorrad-trainings\/kurven-training-realverkehr-fuer-motorraeder\/\" title=\"Permalink to Kurven-Training Realverkehr (\u00f6ff. Stra\u00dfen) f\u00fcr Motorr\u00e4der\" rel=\"bookmark\">Kurven-Training Realverkehr (\u00f6ff. Stra\u00dfen) f\u00fcr Motorr\u00e4der<\/a><\/h1>\n\n\t\t\t\n\t\t<\/header><!-- .entry-header -->\n\n\t\t\t\t\t<div class=\"entry-content\">\n\t\t\t\t<p>Dies ist der perfekte Moment, um deine Kurventechnik zu verfeinern und dein Motorrad\u00a0 souver\u00e4n zu beherrschen. Gemeinsam tauchen wir tief in die Grundlagen des pr\u00e4zisen und flie\u00dfenden Kurvenfahrens ein. Wir erarbeiten verschiedene Kurventechniken (Legen und Dr\u00fccken) und optimieren DEINE individuellen [&hellip;]\n\t\t\t\t\t\t\t\t\t\t\t\t\t\t\t<\/div><!-- .entry-content -->\n\t\t\n\t\t\n\t<\/div>\n\n<\/article><!-- #post-1149 -->\n\n\t\n\t\t\n<article id=\"post-1140\" class=\"post-1140 page type-page status-publish has-post-thumbnail hentry post post-with-thumbnail post-with-thumbnail-large\">\n\n\t\n\t<div class=\"entry-main\">\n\n\t\t\n\t\t<header class=\"entry-header\">\n\t\t\t\t\t\t\t<div class=\"entry-thumbnail\">\n\t\t\t\t\t<a href=\"https:\/\/soulmade-tours.eu\/en\/motorrad-trainings\/intensivtraining-auf-dem-platz\/\"><img loading=\"lazy\" decoding=\"async\" width=\"1080\" height=\"380\" src=\"https:\/\/soulmade-tours.eu\/wp-content\/uploads\/2026\/01\/IMG_2403-e1773589607776-1080x380.jpeg\" class=\"attachment-vantage-thumbnail-no-sidebar size-vantage-thumbnail-no-sidebar wp-post-image\" alt=\"\" \/><\/a>\n\t\t\t\t<\/div>\n\t\t\t\n\t\t\t<h1 class=\"entry-title\"><a href=\"https:\/\/soulmade-tours.eu\/en\/motorrad-trainings\/intensivtraining-auf-dem-platz\/\" title=\"Permalink to Intensivtraining auf dem Platz\" rel=\"bookmark\">Intensivtraining auf dem Platz<\/a><\/h1>\n\n\t\t\t\n\t\t<\/header><!-- .entry-header -->\n\n\t\t\t\t\t<div class=\"entry-content\">\n\t\t\t\t<p>&#8211; ideal auch f\u00fcr Wiedereinsteiger oder AuffrischerTraining auf dem Platz | Ort: Raum M\u00fcnchen Unter professioneller Anleitung trainieren Sie die korrekten Bewegungsabl\u00e4ufe, insbesondere im sogenannten &#8220;instabilen Bereich&#8221;, um Ihr Motorrad in jeder Lage sicher zu beherrschen. Sie st\u00e4rken Ihr Vertrauen [&hellip;]\n\t\t\t\t\t\t\t\t\t\t\t\t\t\t\t<\/div><!-- .entry-content -->\n\t\t\n\t\t\n\t<\/div>\n\n<\/article><!-- #post-1140 -->\n\n\t\n\t\t\n<article id=\"post-1153\" class=\"post-1153 page type-page status-publish has-post-thumbnail hentry post post-with-thumbnail post-with-thumbnail-large\">\n\n\t\n\t<div class=\"entry-main\">\n\n\t\t\n\t\t<header class=\"entry-header\">\n\t\t\t\t\t\t\t<div class=\"entry-thumbnail\">\n\t\t\t\t\t<a href=\"https:\/\/soulmade-tours.eu\/en\/motorrad-trainings\/kurven-training-realverkehr-oeff-strassen-fuer-roller\/\"><img loading=\"lazy\" decoding=\"async\" width=\"1080\" height=\"380\" src=\"https:\/\/soulmade-tours.eu\/wp-content\/uploads\/2026\/01\/kurventraining_roller-scaled-e1773586940461-1080x380.jpg\" class=\"attachment-vantage-thumbnail-no-sidebar size-vantage-thumbnail-no-sidebar wp-post-image\" alt=\"\" \/><\/a>\n\t\t\t\t<\/div>\n\t\t\t\n\t\t\t<h1 class=\"entry-title\"><a href=\"https:\/\/soulmade-tours.eu\/en\/motorrad-trainings\/kurven-training-realverkehr-oeff-strassen-fuer-roller\/\" title=\"Permalink to Kurven-Training Realverkehr (\u00f6ff. Stra\u00dfen) &#8211; f\u00fcr Roller\" rel=\"bookmark\">Kurven-Training Realverkehr (\u00f6ff. Stra\u00dfen) &#8211; f\u00fcr Roller<\/a><\/h1>\n\n\t\t\t\n\t\t<\/header><!-- .entry-header -->\n\n\t\t\t\t\t<div class=\"entry-content\">\n\t\t\t\t<p>Dies ist der perfekte Moment, um deine Kurventechnik zu verfeinern und deinen Roller\u00a0 souver\u00e4n zu beherrschen. Gemeinsam tauchen wir tief in die Grundlagen des pr\u00e4zisen und flie\u00dfenden Kurvenfahrens ein. Wir erarbeiten verschiedene Kurventechniken (Legen und Dr\u00fccken) und optimieren DEINE individuellen [&hellip;]\n\t\t\t\t\t\t\t\t\t\t\t\t\t\t\t<\/div><!-- .entry-content -->\n\t\t\n\t\t\n\t<\/div>\n\n<\/article><!-- #post-1153 -->\n\n\t\n\t\t\n<article id=\"post-1298\" class=\"post-1298 page type-page status-publish has-post-thumbnail hentry post post-with-thumbnail post-with-thumbnail-large\">\n\n\t\n\t<div class=\"entry-main\">\n\n\t\t\n\t\t<header class=\"entry-header\">\n\t\t\t\t\t\t\t<div class=\"entry-thumbnail\">\n\t\t\t\t\t<a href=\"https:\/\/soulmade-tours.eu\/en\/motorrad-trainings\/kurven-und-kehrentraining-alpin\/\"><img loading=\"lazy\" decoding=\"async\" width=\"1080\" height=\"380\" src=\"https:\/\/soulmade-tours.eu\/wp-content\/uploads\/2026\/02\/DJI_0288-1080x380.jpg\" class=\"attachment-vantage-thumbnail-no-sidebar size-vantage-thumbnail-no-sidebar wp-post-image\" alt=\"\" \/><\/a>\n\t\t\t\t<\/div>\n\t\t\t\n\t\t\t<h1 class=\"entry-title\"><a href=\"https:\/\/soulmade-tours.eu\/en\/motorrad-trainings\/kurven-und-kehrentraining-alpin\/\" title=\"Permalink to Kurven-und Kehrentraining ALPIN\" rel=\"bookmark\">Kurven-und Kehrentraining ALPIN<\/a><\/h1>\n\n\t\t\t\n\t\t<\/header><!-- .entry-header -->\n\n\t\t\t\t\t<div class=\"entry-content\">\n\t\t\t\t<p>3 Tage Intensiv-Training in den Alpen (Tirol oder K\u00e4rnten) Meistere selbst die anspruchsvollsten Kehren und Serpentinen mit Souver\u00e4nit\u00e4t. Egal welche Motorrad-Klasse du f\u00e4hrst: Wir bringen dich auf die ideale Linie. Auf den sch\u00f6nsten Passstra\u00dfen \u00d6sterreichs kombinieren wir Fahrphysik mit purem [&hellip;]\n\t\t\t\t\t\t\t\t\t\t\t\t\t\t\t<\/div><!-- .entry-content -->\n\t\t\n\t\t\n\t<\/div>\n\n<\/article><!-- #post-1298 -->\n\n\t\n\t\t\n<article id=\"post-1322\" class=\"post-1322 page type-page status-publish has-post-thumbnail hentry post post-with-thumbnail post-with-thumbnail-large\">\n\n\t\n\t<div class=\"entry-main\">\n\n\t\t\n\t\t<header class=\"entry-header\">\n\t\t\t\t\t\t\t<div class=\"entry-thumbnail\">\n\t\t\t\t\t<a href=\"https:\/\/soulmade-tours.eu\/en\/einzel-individual-training\/\"><img loading=\"lazy\" decoding=\"async\" width=\"1080\" height=\"380\" src=\"https:\/\/soulmade-tours.eu\/wp-content\/uploads\/2026\/02\/dji_fly_20240804_133844_973_1722698336888_photo-scaled-e1773579749424-1080x380.jpg\" class=\"attachment-vantage-thumbnail-no-sidebar size-vantage-thumbnail-no-sidebar wp-post-image\" alt=\"\" \/><\/a>\n\t\t\t\t<\/div>\n\t\t\t\n\t\t\t<h1 class=\"entry-title\"><a href=\"https:\/\/soulmade-tours.eu\/en\/einzel-individual-training\/\" title=\"Permalink to Einzel-Individual-Training:\" rel=\"bookmark\">Einzel-Individual-Training:<\/a><\/h1>\n\n\t\t\t\n\t\t<\/header><!-- .entry-header -->\n\n\t\t\t\t\t<div class=\"entry-content\">\n\t\t\t\t<p>Einzel-Individual-Training: Dein Upgrade zur Extraklasse Maximaler Fokus Maximale Sicherheit Nur Du und Dein Coach Vergiss Massenabfertigung und Kompromisse. Wenn Du Deine Fahrtechnik wirklich auf das n\u00e4chste Level heben willst, ist unser Einzeltraining mit Deinem pers\u00f6nlichen Coach der direkteste Weg. Intensiver, [&hellip;]\n\t\t\t\t\t\t\t\t\t\t\t\t\t\t\t<\/div><!-- .entry-content -->\n\t\t\n\t\t\n\t<\/div>\n\n<\/article><!-- #post-1322 -->\n\n\t\n\t\n<\/div><\/div><\/div><\/div>","protected":false},"excerpt":{"rendered":"<p>Motorrad Trainings<\/p>\n","protected":false},"author":1,"featured_media":0,"parent":0,"menu_order":0,"comment_status":"closed","ping_status":"closed","template":"","meta":{"_price":"","_stock":"","_tribe_ticket_header":"","_tribe_default_ticket_provider":"","_tribe_ticket_capacity":"","_ticket_start_date":"","_ticket_end_date":"","_tribe_ticket_show_description":"","_tribe_ticket_show_not_going":false,"_tribe_ticket_use_global_stock":"","_tribe_ticket_global_stock_level":"","_global_stock_mode":"","_global_stock_cap":"","_tribe_rsvp_for_event":"","_tribe_ticket_going_count":"","_tribe_ticket_not_going_count":"","_tribe_tickets_list":"[]","_tribe_ticket_has_attendee_info_fields":false,"footnotes":""},"class_list":["post-1121","page","type-page","status-publish","hentry","post"],"translation":{"provider":"WPGlobus","version":"3.0.2","language":"en","enabled_languages":["de","en"],"languages":{"de":{"title":true,"content":true,"excerpt":false},"en":{"title":false,"content":false,"excerpt":false}}},"yoast_head":"<!-- This site is optimized with the Yoast SEO plugin v27.3 - https:\/\/yoast.com\/product\/yoast-seo-wordpress\/ -->\n<title>Motorrad Trainings - SOULMADE TOURS<\/title>\n<meta name=\"robots\" content=\"index, follow, max-snippet:-1, max-image-preview:large, max-video-preview:-1\" \/>\n<link rel=\"canonical\" href=\"https:\/\/soulmade-tours.eu\/motorrad-trainings\/\" \/>\n<meta property=\"og:locale\" content=\"en_US\" \/>\n<meta property=\"og:type\" content=\"article\" \/>\n<meta property=\"og:title\" content=\"Motorrad Trainings - SOULMADE TOURS\" \/>\n<meta property=\"og:url\" content=\"https:\/\/soulmade-tours.eu\/motorrad-trainings\/\" \/>\n<meta property=\"og:site_name\" content=\"SOULMADE TOURS\" \/>\n<meta property=\"article:modified_time\" content=\"2026-02-26T13:25:36+00:00\" \/>\n<meta name=\"twitter:card\" content=\"summary_large_image\" \/>\n<meta name=\"twitter:label1\" content=\"Est. reading time\" \/>\n\t<meta name=\"twitter:data1\" content=\"1 minute\" \/>\n<script type=\"application\/ld+json\" class=\"yoast-schema-graph\">{\"@context\":\"https:\\\/\\\/schema.org\",\"@graph\":[{\"@type\":\"WebPage\",\"@id\":\"https:\\\/\\\/soulmade-tours.eu\\\/motorrad-trainings\\\/\",\"url\":\"https:\\\/\\\/soulmade-tours.eu\\\/motorrad-trainings\\\/\",\"name\":\"Motorrad Trainings - SOULMADE TOURS\",\"isPartOf\":{\"@id\":\"https:\\\/\\\/soulmade-tours.eu\\\/#website\"},\"datePublished\":\"2026-01-15T09:03:39+00:00\",\"dateModified\":\"2026-02-26T13:25:36+00:00\",\"breadcrumb\":{\"@id\":\"https:\\\/\\\/soulmade-tours.eu\\\/motorrad-trainings\\\/#breadcrumb\"},\"inLanguage\":\"en-US\",\"potentialAction\":[{\"@type\":\"ReadAction\",\"target\":[\"https:\\\/\\\/soulmade-tours.eu\\\/motorrad-trainings\\\/\"]}]},{\"@type\":\"BreadcrumbList\",\"@id\":\"https:\\\/\\\/soulmade-tours.eu\\\/motorrad-trainings\\\/#breadcrumb\",\"itemListElement\":[{\"@type\":\"ListItem\",\"position\":1,\"name\":\"Startseite\",\"item\":\"https:\\\/\\\/soulmade-tours.eu\\\/\"},{\"@type\":\"ListItem\",\"position\":2,\"name\":\"Motorrad Trainings\"}]},{\"@type\":\"WebSite\",\"@id\":\"https:\\\/\\\/soulmade-tours.eu\\\/#website\",\"url\":\"https:\\\/\\\/soulmade-tours.eu\\\/\",\"name\":\"SOULMADE TOURS gef\u00fchrte Motorradtouren\",\"description\":\"Gef\u00fchrte Motorradtouren mit K\u00f6rper, Geist &amp; Seele\",\"publisher\":{\"@id\":\"https:\\\/\\\/soulmade-tours.eu\\\/#organization\"},\"potentialAction\":[{\"@type\":\"SearchAction\",\"target\":{\"@type\":\"EntryPoint\",\"urlTemplate\":\"https:\\\/\\\/soulmade-tours.eu\\\/?s={search_term_string}\"},\"query-input\":{\"@type\":\"PropertyValueSpecification\",\"valueRequired\":true,\"valueName\":\"search_term_string\"}}],\"inLanguage\":\"en-US\"},{\"@type\":\"Organization\",\"@id\":\"https:\\\/\\\/soulmade-tours.eu\\\/#organization\",\"name\":\"SOULMADE TOURS gef\u00fchrte Motorradtouren\",\"url\":\"https:\\\/\\\/soulmade-tours.eu\\\/\",\"logo\":{\"@type\":\"ImageObject\",\"inLanguage\":\"en-US\",\"@id\":\"https:\\\/\\\/soulmade-tours.eu\\\/#\\\/schema\\\/logo\\\/image\\\/\",\"url\":\"https:\\\/\\\/soulmade-tours.eu\\\/wp-content\\\/uploads\\\/2022\\\/10\\\/cropped-512er_logo_soulmade_tours-Kopie-2.png\",\"contentUrl\":\"https:\\\/\\\/soulmade-tours.eu\\\/wp-content\\\/uploads\\\/2022\\\/10\\\/cropped-512er_logo_soulmade_tours-Kopie-2.png\",\"width\":512,\"height\":512,\"caption\":\"SOULMADE TOURS gef\u00fchrte Motorradtouren\"},\"image\":{\"@id\":\"https:\\\/\\\/soulmade-tours.eu\\\/#\\\/schema\\\/logo\\\/image\\\/\"}}]}<\/script>\n<!-- \/ Yoast SEO plugin. -->","yoast_head_json":{"title":"Motorrad Trainings - SOULMADE TOURS","robots":{"index":"index","follow":"follow","max-snippet":"max-snippet:-1","max-image-preview":"max-image-preview:large","max-video-preview":"max-video-preview:-1"},"canonical":"https:\/\/soulmade-tours.eu\/motorrad-trainings\/","og_locale":"en_US","og_type":"article","og_title":"Motorrad Trainings - SOULMADE TOURS","og_url":"https:\/\/soulmade-tours.eu\/motorrad-trainings\/","og_site_name":"SOULMADE TOURS","article_modified_time":"2026-02-26T13:25:36+00:00","twitter_card":"summary_large_image","twitter_misc":{"Est. reading time":"1 minute"},"schema":{"@context":"https:\/\/schema.org","@graph":[{"@type":"WebPage","@id":"https:\/\/soulmade-tours.eu\/motorrad-trainings\/","url":"https:\/\/soulmade-tours.eu\/motorrad-trainings\/","name":"Motorrad Trainings - SOULMADE TOURS","isPartOf":{"@id":"https:\/\/soulmade-tours.eu\/#website"},"datePublished":"2026-01-15T09:03:39+00:00","dateModified":"2026-02-26T13:25:36+00:00","breadcrumb":{"@id":"https:\/\/soulmade-tours.eu\/motorrad-trainings\/#breadcrumb"},"inLanguage":"en-US","potentialAction":[{"@type":"ReadAction","target":["https:\/\/soulmade-tours.eu\/motorrad-trainings\/"]}]},{"@type":"BreadcrumbList","@id":"https:\/\/soulmade-tours.eu\/motorrad-trainings\/#breadcrumb","itemListElement":[{"@type":"ListItem","position":1,"name":"Startseite","item":"https:\/\/soulmade-tours.eu\/"},{"@type":"ListItem","position":2,"name":"Motorrad Trainings"}]},{"@type":"WebSite","@id":"https:\/\/soulmade-tours.eu\/#website","url":"https:\/\/soulmade-tours.eu\/","name":"SOULMADE TOURS gef\u00fchrte Motorradtouren","description":"Gef\u00fchrte Motorradtouren mit K\u00f6rper, Geist &amp; Seele","publisher":{"@id":"https:\/\/soulmade-tours.eu\/#organization"},"potentialAction":[{"@type":"SearchAction","target":{"@type":"EntryPoint","urlTemplate":"https:\/\/soulmade-tours.eu\/?s={search_term_string}"},"query-input":{"@type":"PropertyValueSpecification","valueRequired":true,"valueName":"search_term_string"}}],"inLanguage":"en-US"},{"@type":"Organization","@id":"https:\/\/soulmade-tours.eu\/#organization","name":"SOULMADE TOURS gef\u00fchrte Motorradtouren","url":"https:\/\/soulmade-tours.eu\/","logo":{"@type":"ImageObject","inLanguage":"en-US","@id":"https:\/\/soulmade-tours.eu\/#\/schema\/logo\/image\/","url":"https:\/\/soulmade-tours.eu\/wp-content\/uploads\/2022\/10\/cropped-512er_logo_soulmade_tours-Kopie-2.png","contentUrl":"https:\/\/soulmade-tours.eu\/wp-content\/uploads\/2022\/10\/cropped-512er_logo_soulmade_tours-Kopie-2.png","width":512,"height":512,"caption":"SOULMADE TOURS gef\u00fchrte Motorradtouren"},"image":{"@id":"https:\/\/soulmade-tours.eu\/#\/schema\/logo\/image\/"}}]}},"_links":{"self":[{"href":"https:\/\/soulmade-tours.eu\/en\/wp-json\/wp\/v2\/pages\/1121","targetHints":{"allow":["GET"]}}],"collection":[{"href":"https:\/\/soulmade-tours.eu\/en\/wp-json\/wp\/v2\/pages"}],"about":[{"href":"https:\/\/soulmade-tours.eu\/en\/wp-json\/wp\/v2\/types\/page"}],"author":[{"embeddable":true,"href":"https:\/\/soulmade-tours.eu\/en\/wp-json\/wp\/v2\/users\/1"}],"replies":[{"embeddable":true,"href":"https:\/\/soulmade-tours.eu\/en\/wp-json\/wp\/v2\/comments?post=1121"}],"version-history":[{"count":7,"href":"https:\/\/soulmade-tours.eu\/en\/wp-json\/wp\/v2\/pages\/1121\/revisions"}],"predecessor-version":[{"id":1328,"href":"https:\/\/soulmade-tours.eu\/en\/wp-json\/wp\/v2\/pages\/1121\/revisions\/1328"}],"wp:attachment":[{"href":"https:\/\/soulmade-tours.eu\/en\/wp-json\/wp\/v2\/media?parent=1121"}],"curies":[{"name":"wp","href":"https:\/\/api.w.org\/{rel}","templated":true}]}}