{"id":1140,"date":"2026-01-16T08:58:26","date_gmt":"2026-01-16T07:58:26","guid":{"rendered":"https:\/\/soulmade-tours.eu\/?page_id=1140"},"modified":"2026-02-25T11:46:04","modified_gmt":"2026-02-25T10:46:04","slug":"intensivtraining-auf-dem-platz","status":"publish","type":"page","link":"https:\/\/soulmade-tours.eu\/en\/motorrad-trainings\/intensivtraining-auf-dem-platz\/","title":{"rendered":"Intensivtraining auf dem Platz"},"content":{"rendered":"<h3>&#8211; ideal auch f\u00fcr Wiedereinsteiger oder Auffrischer<br \/>Training auf dem Platz | Ort: Raum M\u00fcnchen<\/h3>\n<p><a href=\"https:\/\/soulmade-tours.eu\/wp-content\/uploads\/2026\/01\/IMG_2403.jpeg\"><img loading=\"lazy\" decoding=\"async\" class=\"alignnone size-large wp-image-1134\" src=\"https:\/\/soulmade-tours.eu\/wp-content\/uploads\/2026\/01\/IMG_2403-1024x768.jpeg\" alt=\"\" width=\"720\" height=\"540\" \/><\/a><\/p>\n<p>Unter professioneller Anleitung trainieren Sie die korrekten Bewegungsabl\u00e4ufe, insbesondere im sogenannten &#8220;instabilen Bereich&#8221;, um Ihr Motorrad in jeder Lage sicher zu beherrschen. Sie st\u00e4rken Ihr Vertrauen in die eigene Fahrtechnik und Ihr Motorrad. Dabei lernen Sie, kritische Situationen fr\u00fchzeitig zu erkennen und zu vermeiden. Ihr Motorrad beherrschen Sie sicher, besonders auch in anspruchsvollen Fahrsituationen.<\/p>\n<p>Durch die fachkundige Betreuung in kleinen Gruppen (maximal 5 Teilnehmer pro Trainer) erh\u00f6hen Sie Ihre Fahrsicherheit in verschiedensten Situationen und fahren fl\u00fcssiger und entspannter. F\u00fcr noch mehr Fahrspa\u00df.<\/p>\n<h3>Trainings-Inhalte und -Ziele<\/h3>\n<table style=\"height: 241px;\" width=\"750\">\n<tbody>\n<tr>\n<td><strong>Level<\/strong><\/td>\n<td>A, B<\/td>\n<\/tr>\n<tr>\n<td><strong>Auflockern<\/strong><\/td>\n<td>Selbstvertrauen gewinnen<\/td>\n<\/tr>\n<tr>\n<td><strong>Handling<\/strong><\/td>\n<td>Sicherer Umgang mit Deinem Bike in allen Situationen; Stabilisieren im instabilen Bereich; richtige Sitzposition, Blickf\u00fchrung<\/td>\n<\/tr>\n<tr>\n<td><strong>Bremsen<\/strong><\/td>\n<td>Zielbremsen, Notbremsen, mit\/ohne ABS<\/td>\n<\/tr>\n<tr>\n<td><strong>Lenken<\/strong><\/td>\n<td>Pr\u00e4zises Lenken, Lenkimpuls, Ausweichen vor Hindernissen<\/td>\n<\/tr>\n<tr>\n<td><strong>Kurven fahren<\/strong><\/td>\n<td>Kurventechniken, Kurvenlinien, Schr\u00e4glage<\/td>\n<\/tr>\n<tr>\n<td><strong>Kritische Situationen<\/strong><\/td>\n<td>Bremsen in der Kurve, Ausweichen vor Hindernissen<\/td>\n<\/tr>\n<tr>\n<td><strong>Individuelle Tipps<\/strong><\/td>\n<td>Individuelle Anpassung auf Deine Fragen und W\u00fcnsche<\/td>\n<\/tr>\n<\/tbody>\n<\/table>\n<p><strong>Voraussetzungen:<\/strong><br \/>G\u00fcltiger F\u00fchrerschein f\u00fcr das genutzte Motorrad<br \/>eigenes, StVZO-konformes und verkehrssicheres Motorrad sowie komplette Schutzkleidung<\/p>\n<table style=\"height: 51px;\" width=\"750\">\n<tbody>\n<tr>\n<td><strong>Preis pro Teilnehmer:<\/strong><\/td>\n<td>179,- \u20ac<\/td>\n<\/tr>\n<tr>\n<td><strong>Fr\u00fchbucher-Preis:<\/strong><br \/><span style=\"font-size: 8pt;\">(bei Buchung bis 6 Wochen vorher)<\/span><\/td>\n<td>169,- \u20ac<\/td>\n<\/tr>\n<tr>\n<td><strong>Trainingsort:<\/strong><\/td>\n<td>Raum M\u00fcnchen<\/td>\n<\/tr>\n<tr>\n<td><strong>Trainingsdauer:<\/strong><\/td>\n<td>09:30 &#8211; ca. 17:30<\/td>\n<\/tr>\n<tr>\n<td><strong>Mindest-Teilnehmerzahl:\u00a0<\/strong><\/td>\n<td>3<\/td>\n<\/tr>\n<\/tbody>\n<\/table>\n<p><span style=\"font-size: 8pt;\">[Bei weniger Buchungen als Mindest-Teilnehmerzahl behalten wir uns vor, das Training zu stornieren oder einen Alternativtermin anzubieten.]<\/span><\/p>\n<table style=\"height: 60px;\" width=\"750\">\n<tbody>\n<tr>\n<td><strong>Termine<\/strong><\/td>\n<td><strong>Trainingsnummer<\/strong><\/td>\n<td><strong>Buchungsstatus<\/strong><\/td>\n<td>\u00a0<\/td>\n<\/tr>\n<tr>\n<td>18.04.2026<\/td>\n<td>(PT-0126)<\/td>\n<td>3\/5<\/td>\n<td><span style=\"color: #339966;\">buchbar<\/span><\/td>\n<\/tr>\n<tr>\n<td>19.04.2026<\/td>\n<td>(PT-0226)<\/td>\n<td>2\/5<\/td>\n<td><span style=\"color: #339966;\">buchbar<\/span><\/td>\n<\/tr>\n<\/tbody>\n<\/table>\n<p>Zur Buchung\/Anfrage bitte Termin und Trainingsnummer angeben!<\/p>\n<h3><strong>Anmeldung per Mail:<\/strong><\/h3>\n\n<div class=\"wpcf7 no-js\" id=\"wpcf7-f304-o1\" lang=\"de-DE\" dir=\"ltr\" data-wpcf7-id=\"304\">\n<div class=\"screen-reader-response\"><p role=\"status\" aria-live=\"polite\" aria-atomic=\"true\"><\/p> <ul><\/ul><\/div>\n<form action=\"\/en\/wp-json\/wp\/v2\/pages\/1140#wpcf7-f304-o1\" method=\"post\" class=\"wpcf7-form init\" aria-label=\"Kontaktformular\" novalidate=\"novalidate\" data-status=\"init\">\n<fieldset class=\"hidden-fields-container\"><input type=\"hidden\" name=\"_wpcf7\" value=\"304\" \/><input type=\"hidden\" name=\"_wpcf7_version\" value=\"6.1.5\" \/><input type=\"hidden\" name=\"_wpcf7_locale\" value=\"de_DE\" \/><input type=\"hidden\" name=\"_wpcf7_unit_tag\" value=\"wpcf7-f304-o1\" \/><input type=\"hidden\" name=\"_wpcf7_container_post\" value=\"0\" \/><input type=\"hidden\" name=\"_wpcf7_posted_data_hash\" value=\"\" \/>\n<\/fieldset>\n<p><label> Dein Name Vorname<br \/>\n<span class=\"wpcf7-form-control-wrap\" data-name=\"your-name\"><input size=\"40\" maxlength=\"400\" class=\"wpcf7-form-control wpcf7-text wpcf7-validates-as-required\" autocomplete=\"name\" aria-required=\"true\" aria-invalid=\"false\" value=\"\" type=\"text\" name=\"your-name\" \/><\/span> <\/label>\n<\/p>\n<p><label> Deine E-Mail-Adresse<br \/>\n<span class=\"wpcf7-form-control-wrap\" data-name=\"your-email\"><input size=\"40\" maxlength=\"400\" class=\"wpcf7-form-control wpcf7-email wpcf7-validates-as-required wpcf7-text wpcf7-validates-as-email\" autocomplete=\"email\" aria-required=\"true\" aria-invalid=\"false\" value=\"\" type=\"email\" name=\"your-email\" \/><\/span> <\/label>\n<\/p>\n<p><label> Betreff \/ Tour-Nr. \/ Trainings-Nr.<br \/>\n<span class=\"wpcf7-form-control-wrap\" data-name=\"your-subject\"><input size=\"40\" maxlength=\"400\" class=\"wpcf7-form-control wpcf7-text wpcf7-validates-as-required\" aria-required=\"true\" aria-invalid=\"false\" value=\"\" type=\"text\" name=\"your-subject\" \/><\/span> <\/label>\n<\/p>\n<p><label> Deine Nachricht<br \/>\n<span class=\"wpcf7-form-control-wrap\" data-name=\"your-message\"><textarea cols=\"40\" rows=\"10\" maxlength=\"2000\" class=\"wpcf7-form-control wpcf7-textarea wpcf7-validates-as-required\" aria-required=\"true\" aria-invalid=\"false\" name=\"your-message\"><\/textarea><\/span> <\/label>\n<\/p>\n<p>Anti-Spam-Frage:<br \/>\n<span class=\"wpcf7-form-control-wrap\" data-name=\"quiz-761\"><label><span class=\"wpcf7-quiz-label\">Welche Farbe hat der Himmel<\/span> <input size=\"40\" class=\"wpcf7-form-control wpcf7-quiz\" autocomplete=\"off\" aria-required=\"true\" aria-invalid=\"false\" type=\"text\" name=\"quiz-761\" \/><\/label><input type=\"hidden\" name=\"_wpcf7_quiz_answer_quiz-761\" value=\"b9ba4d77c77d87d4f5dd89cb3d86c6ba\" \/><\/span>\n<\/p>\n<p><span class=\"wpcf7-form-control-wrap\" data-name=\"acceptance-133\"><span class=\"wpcf7-form-control wpcf7-acceptance\"><span class=\"wpcf7-list-item\"><label><input type=\"checkbox\" name=\"acceptance-133\" value=\"1\" aria-invalid=\"false\" \/><span class=\"wpcf7-list-item-label\">Ich stimme zu, dass meine Angaben aus dem Kontaktformular zur Beantwortung meiner Anfrage erhoben und verarbeitet werden. Die Daten werden nach abgeschlossener Bearbeitung Ihrer Anfrage gel\u00f6scht. Hinweis: Sie k\u00f6nnen Ihre Einwilligung jederzeit f\u00fcr die Zukunft per E-Mail an info@soulmade-tours.eu widerrufen.*<\/span><\/label><\/span><\/span><\/span>\n<\/p>\n<p><input class=\"wpcf7-form-control wpcf7-submit has-spinner\" type=\"submit\" value=\"Senden\" \/>\n<\/p>\n<p>Detaillierte Informationen zum Umgang mit Nutzerdaten finden Sie in unserer Datenschutzerkl\u00e4rung\n<\/p><div class=\"wpcf7-response-output\" aria-hidden=\"true\"><\/div>\n<\/form>\n<\/div>\n\n\n\n<p><\/p>\n","protected":false},"excerpt":{"rendered":"<p>&#8211; ideal auch f\u00fcr Wiedereinsteiger oder AuffrischerTraining auf dem Platz | Ort: Raum M\u00fcnchen Unter professioneller Anleitung trainieren Sie die korrekten Bewegungsabl\u00e4ufe, insbesondere im sogenannten &#8220;instabilen Bereich&#8221;, um Ihr Motorrad in jeder Lage sicher zu beherrschen. Sie st\u00e4rken Ihr Vertrauen [&hellip;]<\/p>\n","protected":false},"author":1,"featured_media":1134,"parent":1121,"menu_order":0,"comment_status":"closed","ping_status":"closed","template":"","meta":{"_price":"","_stock":"","_tribe_ticket_header":"","_tribe_default_ticket_provider":"","_tribe_ticket_capacity":"","_ticket_start_date":"","_ticket_end_date":"","_tribe_ticket_show_description":"","_tribe_ticket_show_not_going":false,"_tribe_ticket_use_global_stock":"","_tribe_ticket_global_stock_level":"","_global_stock_mode":"","_global_stock_cap":"","_tribe_rsvp_for_event":"","_tribe_ticket_going_count":"","_tribe_ticket_not_going_count":"","_tribe_tickets_list":"[]","_tribe_ticket_has_attendee_info_fields":false,"footnotes":""},"class_list":["post-1140","page","type-page","status-publish","has-post-thumbnail","hentry","post","post-with-thumbnail","post-with-thumbnail-large"],"translation":{"provider":"WPGlobus","version":"3.0.2","language":"en","enabled_languages":["de","en"],"languages":{"de":{"title":true,"content":true,"excerpt":false},"en":{"title":false,"content":false,"excerpt":false}}},"yoast_head":"<!-- This site is optimized with the Yoast SEO plugin v27.3 - https:\/\/yoast.com\/product\/yoast-seo-wordpress\/ -->\n<title>Intensivtraining auf dem Platz - SOULMADE TOURS<\/title>\n<meta name=\"robots\" content=\"index, follow, max-snippet:-1, max-image-preview:large, max-video-preview:-1\" \/>\n<link rel=\"canonical\" href=\"https:\/\/soulmade-tours.eu\/motorrad-trainings\/intensivtraining-auf-dem-platz\/\" \/>\n<meta property=\"og:locale\" content=\"en_US\" \/>\n<meta property=\"og:type\" content=\"article\" \/>\n<meta property=\"og:title\" content=\"Intensivtraining auf dem Platz - SOULMADE TOURS\" \/>\n<meta property=\"og:url\" content=\"https:\/\/soulmade-tours.eu\/motorrad-trainings\/intensivtraining-auf-dem-platz\/\" \/>\n<meta property=\"og:site_name\" content=\"SOULMADE TOURS\" \/>\n<meta property=\"article:modified_time\" content=\"2026-02-25T10:46:04+00:00\" \/>\n<meta property=\"og:image\" content=\"https:\/\/soulmade-tours.eu\/wp-content\/uploads\/2026\/01\/IMG_2403.jpeg\" \/>\n\t<meta property=\"og:image:width\" content=\"2048\" \/>\n\t<meta property=\"og:image:height\" content=\"1536\" \/>\n\t<meta property=\"og:image:type\" content=\"image\/jpeg\" \/>\n<meta name=\"twitter:card\" content=\"summary_large_image\" \/>\n<meta name=\"twitter:label1\" content=\"Est. reading time\" \/>\n\t<meta name=\"twitter:data1\" content=\"2 minutes\" \/>\n<script type=\"application\/ld+json\" class=\"yoast-schema-graph\">{\"@context\":\"https:\\\/\\\/schema.org\",\"@graph\":[{\"@type\":\"WebPage\",\"@id\":\"https:\\\/\\\/soulmade-tours.eu\\\/motorrad-trainings\\\/intensivtraining-auf-dem-platz\\\/\",\"url\":\"https:\\\/\\\/soulmade-tours.eu\\\/motorrad-trainings\\\/intensivtraining-auf-dem-platz\\\/\",\"name\":\"Intensivtraining auf dem Platz - SOULMADE TOURS\",\"isPartOf\":{\"@id\":\"https:\\\/\\\/soulmade-tours.eu\\\/#website\"},\"primaryImageOfPage\":{\"@id\":\"https:\\\/\\\/soulmade-tours.eu\\\/motorrad-trainings\\\/intensivtraining-auf-dem-platz\\\/#primaryimage\"},\"image\":{\"@id\":\"https:\\\/\\\/soulmade-tours.eu\\\/motorrad-trainings\\\/intensivtraining-auf-dem-platz\\\/#primaryimage\"},\"thumbnailUrl\":\"https:\\\/\\\/soulmade-tours.eu\\\/wp-content\\\/uploads\\\/2026\\\/01\\\/IMG_2403-e1773589607776.jpeg\",\"datePublished\":\"2026-01-16T07:58:26+00:00\",\"dateModified\":\"2026-02-25T10:46:04+00:00\",\"breadcrumb\":{\"@id\":\"https:\\\/\\\/soulmade-tours.eu\\\/motorrad-trainings\\\/intensivtraining-auf-dem-platz\\\/#breadcrumb\"},\"inLanguage\":\"en-US\",\"potentialAction\":[{\"@type\":\"ReadAction\",\"target\":[\"https:\\\/\\\/soulmade-tours.eu\\\/motorrad-trainings\\\/intensivtraining-auf-dem-platz\\\/\"]}]},{\"@type\":\"ImageObject\",\"inLanguage\":\"en-US\",\"@id\":\"https:\\\/\\\/soulmade-tours.eu\\\/motorrad-trainings\\\/intensivtraining-auf-dem-platz\\\/#primaryimage\",\"url\":\"https:\\\/\\\/soulmade-tours.eu\\\/wp-content\\\/uploads\\\/2026\\\/01\\\/IMG_2403-e1773589607776.jpeg\",\"contentUrl\":\"https:\\\/\\\/soulmade-tours.eu\\\/wp-content\\\/uploads\\\/2026\\\/01\\\/IMG_2403-e1773589607776.jpeg\",\"width\":2048,\"height\":1154},{\"@type\":\"BreadcrumbList\",\"@id\":\"https:\\\/\\\/soulmade-tours.eu\\\/motorrad-trainings\\\/intensivtraining-auf-dem-platz\\\/#breadcrumb\",\"itemListElement\":[{\"@type\":\"ListItem\",\"position\":1,\"name\":\"Startseite\",\"item\":\"https:\\\/\\\/soulmade-tours.eu\\\/\"},{\"@type\":\"ListItem\",\"position\":2,\"name\":\"Motorrad Trainings\",\"item\":\"https:\\\/\\\/soulmade-tours.eu\\\/motorrad-trainings\\\/\"},{\"@type\":\"ListItem\",\"position\":3,\"name\":\"Intensivtraining auf dem Platz\"}]},{\"@type\":\"WebSite\",\"@id\":\"https:\\\/\\\/soulmade-tours.eu\\\/#website\",\"url\":\"https:\\\/\\\/soulmade-tours.eu\\\/\",\"name\":\"SOULMADE TOURS gef\u00fchrte Motorradtouren\",\"description\":\"Gef\u00fchrte Motorradtouren mit K\u00f6rper, Geist &amp; Seele\",\"publisher\":{\"@id\":\"https:\\\/\\\/soulmade-tours.eu\\\/#organization\"},\"potentialAction\":[{\"@type\":\"SearchAction\",\"target\":{\"@type\":\"EntryPoint\",\"urlTemplate\":\"https:\\\/\\\/soulmade-tours.eu\\\/?s={search_term_string}\"},\"query-input\":{\"@type\":\"PropertyValueSpecification\",\"valueRequired\":true,\"valueName\":\"search_term_string\"}}],\"inLanguage\":\"en-US\"},{\"@type\":\"Organization\",\"@id\":\"https:\\\/\\\/soulmade-tours.eu\\\/#organization\",\"name\":\"SOULMADE TOURS gef\u00fchrte Motorradtouren\",\"url\":\"https:\\\/\\\/soulmade-tours.eu\\\/\",\"logo\":{\"@type\":\"ImageObject\",\"inLanguage\":\"en-US\",\"@id\":\"https:\\\/\\\/soulmade-tours.eu\\\/#\\\/schema\\\/logo\\\/image\\\/\",\"url\":\"https:\\\/\\\/soulmade-tours.eu\\\/wp-content\\\/uploads\\\/2022\\\/10\\\/cropped-512er_logo_soulmade_tours-Kopie-2.png\",\"contentUrl\":\"https:\\\/\\\/soulmade-tours.eu\\\/wp-content\\\/uploads\\\/2022\\\/10\\\/cropped-512er_logo_soulmade_tours-Kopie-2.png\",\"width\":512,\"height\":512,\"caption\":\"SOULMADE TOURS gef\u00fchrte Motorradtouren\"},\"image\":{\"@id\":\"https:\\\/\\\/soulmade-tours.eu\\\/#\\\/schema\\\/logo\\\/image\\\/\"}}]}<\/script>\n<!-- \/ Yoast SEO plugin. -->","yoast_head_json":{"title":"Intensivtraining auf dem Platz - SOULMADE TOURS","robots":{"index":"index","follow":"follow","max-snippet":"max-snippet:-1","max-image-preview":"max-image-preview:large","max-video-preview":"max-video-preview:-1"},"canonical":"https:\/\/soulmade-tours.eu\/motorrad-trainings\/intensivtraining-auf-dem-platz\/","og_locale":"en_US","og_type":"article","og_title":"Intensivtraining auf dem Platz - SOULMADE TOURS","og_url":"https:\/\/soulmade-tours.eu\/motorrad-trainings\/intensivtraining-auf-dem-platz\/","og_site_name":"SOULMADE TOURS","article_modified_time":"2026-02-25T10:46:04+00:00","og_image":[{"width":2048,"height":1536,"url":"https:\/\/soulmade-tours.eu\/wp-content\/uploads\/2026\/01\/IMG_2403.jpeg","type":"image\/jpeg"}],"twitter_card":"summary_large_image","twitter_misc":{"Est. reading time":"2 minutes"},"schema":{"@context":"https:\/\/schema.org","@graph":[{"@type":"WebPage","@id":"https:\/\/soulmade-tours.eu\/motorrad-trainings\/intensivtraining-auf-dem-platz\/","url":"https:\/\/soulmade-tours.eu\/motorrad-trainings\/intensivtraining-auf-dem-platz\/","name":"Intensivtraining auf dem Platz - SOULMADE TOURS","isPartOf":{"@id":"https:\/\/soulmade-tours.eu\/#website"},"primaryImageOfPage":{"@id":"https:\/\/soulmade-tours.eu\/motorrad-trainings\/intensivtraining-auf-dem-platz\/#primaryimage"},"image":{"@id":"https:\/\/soulmade-tours.eu\/motorrad-trainings\/intensivtraining-auf-dem-platz\/#primaryimage"},"thumbnailUrl":"https:\/\/soulmade-tours.eu\/wp-content\/uploads\/2026\/01\/IMG_2403-e1773589607776.jpeg","datePublished":"2026-01-16T07:58:26+00:00","dateModified":"2026-02-25T10:46:04+00:00","breadcrumb":{"@id":"https:\/\/soulmade-tours.eu\/motorrad-trainings\/intensivtraining-auf-dem-platz\/#breadcrumb"},"inLanguage":"en-US","potentialAction":[{"@type":"ReadAction","target":["https:\/\/soulmade-tours.eu\/motorrad-trainings\/intensivtraining-auf-dem-platz\/"]}]},{"@type":"ImageObject","inLanguage":"en-US","@id":"https:\/\/soulmade-tours.eu\/motorrad-trainings\/intensivtraining-auf-dem-platz\/#primaryimage","url":"https:\/\/soulmade-tours.eu\/wp-content\/uploads\/2026\/01\/IMG_2403-e1773589607776.jpeg","contentUrl":"https:\/\/soulmade-tours.eu\/wp-content\/uploads\/2026\/01\/IMG_2403-e1773589607776.jpeg","width":2048,"height":1154},{"@type":"BreadcrumbList","@id":"https:\/\/soulmade-tours.eu\/motorrad-trainings\/intensivtraining-auf-dem-platz\/#breadcrumb","itemListElement":[{"@type":"ListItem","position":1,"name":"Startseite","item":"https:\/\/soulmade-tours.eu\/"},{"@type":"ListItem","position":2,"name":"Motorrad Trainings","item":"https:\/\/soulmade-tours.eu\/motorrad-trainings\/"},{"@type":"ListItem","position":3,"name":"Intensivtraining auf dem Platz"}]},{"@type":"WebSite","@id":"https:\/\/soulmade-tours.eu\/#website","url":"https:\/\/soulmade-tours.eu\/","name":"SOULMADE TOURS gef\u00fchrte Motorradtouren","description":"Gef\u00fchrte Motorradtouren mit K\u00f6rper, Geist &amp; Seele","publisher":{"@id":"https:\/\/soulmade-tours.eu\/#organization"},"potentialAction":[{"@type":"SearchAction","target":{"@type":"EntryPoint","urlTemplate":"https:\/\/soulmade-tours.eu\/?s={search_term_string}"},"query-input":{"@type":"PropertyValueSpecification","valueRequired":true,"valueName":"search_term_string"}}],"inLanguage":"en-US"},{"@type":"Organization","@id":"https:\/\/soulmade-tours.eu\/#organization","name":"SOULMADE TOURS gef\u00fchrte Motorradtouren","url":"https:\/\/soulmade-tours.eu\/","logo":{"@type":"ImageObject","inLanguage":"en-US","@id":"https:\/\/soulmade-tours.eu\/#\/schema\/logo\/image\/","url":"https:\/\/soulmade-tours.eu\/wp-content\/uploads\/2022\/10\/cropped-512er_logo_soulmade_tours-Kopie-2.png","contentUrl":"https:\/\/soulmade-tours.eu\/wp-content\/uploads\/2022\/10\/cropped-512er_logo_soulmade_tours-Kopie-2.png","width":512,"height":512,"caption":"SOULMADE TOURS gef\u00fchrte Motorradtouren"},"image":{"@id":"https:\/\/soulmade-tours.eu\/#\/schema\/logo\/image\/"}}]}},"_links":{"self":[{"href":"https:\/\/soulmade-tours.eu\/en\/wp-json\/wp\/v2\/pages\/1140","targetHints":{"allow":["GET"]}}],"collection":[{"href":"https:\/\/soulmade-tours.eu\/en\/wp-json\/wp\/v2\/pages"}],"about":[{"href":"https:\/\/soulmade-tours.eu\/en\/wp-json\/wp\/v2\/types\/page"}],"author":[{"embeddable":true,"href":"https:\/\/soulmade-tours.eu\/en\/wp-json\/wp\/v2\/users\/1"}],"replies":[{"embeddable":true,"href":"https:\/\/soulmade-tours.eu\/en\/wp-json\/wp\/v2\/comments?post=1140"}],"version-history":[{"count":6,"href":"https:\/\/soulmade-tours.eu\/en\/wp-json\/wp\/v2\/pages\/1140\/revisions"}],"predecessor-version":[{"id":1319,"href":"https:\/\/soulmade-tours.eu\/en\/wp-json\/wp\/v2\/pages\/1140\/revisions\/1319"}],"up":[{"embeddable":true,"href":"https:\/\/soulmade-tours.eu\/en\/wp-json\/wp\/v2\/pages\/1121"}],"wp:featuredmedia":[{"embeddable":true,"href":"https:\/\/soulmade-tours.eu\/en\/wp-json\/wp\/v2\/media\/1134"}],"wp:attachment":[{"href":"https:\/\/soulmade-tours.eu\/en\/wp-json\/wp\/v2\/media?parent=1140"}],"curies":[{"name":"wp","href":"https:\/\/api.w.org\/{rel}","templated":true}]}}