{"id":1167,"date":"2026-02-10T09:19:43","date_gmt":"2026-02-10T08:19:43","guid":{"rendered":"https:\/\/soulmade-tours.eu\/?page_id=1167"},"modified":"2026-02-10T13:32:54","modified_gmt":"2026-02-10T12:32:54","slug":"rainer-mitter","status":"publish","type":"page","link":"https:\/\/soulmade-tours.eu\/en\/rainer-mitter\/","title":{"rendered":"Rainer Mitter"},"content":{"rendered":"<p>Seit \u00fcber vier Jahrzehnten ist das motorisierte Zweiradfahren ein wesentlicher Bestandteil meines Lebens und meines Verst\u00e4ndnisses von Freiheit. Diese Leidenschaft hat mich auf zahlreiche Reisen durch Europa, Asien und Afrika gef\u00fchrt, wobei ich die Gelegenheit hatte, meine Fahrtechnik bei verschiedenen bedeutenden Veranstaltungen zu demonstrieren. Zu diesen Events z\u00e4hlen das Erzbergrodeo, die Slowenien Rally sowie die Oasis Rally in Tunesien, bei denen ich meine F\u00e4higkeiten unter Beweis stellen konnte. Diese Erfahrungen haben nicht nur meine Fahrtechnik verbessert, sondern auch zu einer engen Zusammenarbeit mit verschiedenen Motorradherstellern gef\u00fchrt, bei denen ich als Testfahrer t\u00e4tig bin. Dar\u00fcber hinaus bin ich seit den Anf\u00e4ngen meiner Motorradkarriere Mitglied in mehreren Motorradclubs. In diesen Gemeinschaften habe ich zahlreiche Touren rund um den Globus begleitet und an verschiedenen Events teilgenommen, was meine Leidenschaft f\u00fcr das Zweiradfahren weiter vertieft hat. Meine langj\u00e4hrige Erfahrung und mein Engagement in der Motorradgemeinschaft spiegeln meine tiefe Verbundenheit zu diesem Sport wider. Das Zweiradfahren ist f\u00fcr mich mehr als nur ein Hobby; es ist eine Lebensart, die mir Freiheit, Abenteuer und Gemeinschaft bietet. Durch die kontinuierliche Teilnahme an Wettbewerben, die Zusammenarbeit mit Marken und die Mitgliedschaft in Clubs konnte ich mein Wissen erweitern und meine F\u00e4higkeiten stetig verbessern. Diese Aktivit\u00e4ten haben meine Perspektive auf das Motorradfahren gepr\u00e4gt und mich motiviert, stets neue Herausforderungen zu suchen und meine Technik zu verfeinern. Insgesamt zeigt meine Geschichte, wie das Zweiradfahren mein Leben bereichert hat und weiterhin eine bedeutende Rolle in meinem Alltag spielt, indem es mir erm\u00f6glicht, die Welt aus einer einzigartigen Perspektive zu erkunden und mit Gleichgesinnten in Kontakt zu treten.<\/p>\n<p>Meine Reisetouren zeichnen sich durch eine sorgf\u00e4ltige Auswahl der Strecken aus, die sich deutlich von den Angeboten meiner Mitbewerber unterscheiden. Dabei lege ich besonderen Wert auf landschaftliche Eindr\u00fccke, die die Touren zu einem unvergesslichen Erlebnis machen. Die Streckenf\u00fchrung erfolgt bevorzugt auf Landes- und Gemeindestra\u00dfen, um den Kunden die M\u00f6glichkeit zu geben, die Natur und die Umgebung abseits der \u00fcblichen Touristenpfade zu erkunden. Ein wichtiger Aspekt ist die Wahl einsamer Strecken und Wege, die Ruhe und Abgeschiedenheit bieten, was besonders f\u00fcr Naturliebhaber und Fotografen attraktiv ist. Zus\u00e4tzlich integriere ich in die Touren historische und landschaftlich au\u00dfergew\u00f6hnliche Fotopunkte sowie Rastpl\u00e4tze, die den Teilnehmern die Gelegenheit bieten, die Umgebung zu genie\u00dfen, Fotos zu machen und sich zu erholen. Diese Kombination aus landschaftlicher Sch\u00f6nheit, historischen Highlights und ruhigen Pl\u00e4tzen macht meine Reisetouren einzigartig und bietet den Teilnehmern ein authentisches und bereicherndes Erlebnis. Die Streckenplanung erfolgt stets unter Ber\u00fccksichtigung der Sicherheit, Zug\u00e4nglichkeit und des Umweltaspekts, um nachhaltigen Tourismus zu f\u00f6rdern. Insgesamt zielen meine Touren darauf ab, den Teilnehmern eine intensive Verbindung zur Natur und Kultur der Region zu erm\u00f6glichen, wobei Komfort und Erlebnisqualit\u00e4t stets im Vordergrund stehen.<\/p>\n<div  id=\"jtg-1171\" class=\"modula modula-gallery modula-custom-grid\" data-config=\"{&quot;height&quot;:800,&quot;tabletHeight&quot;:800,&quot;mobileHeight&quot;:800,&quot;desktopHeight&quot;:800,&quot;enableTwitter&quot;:false,&quot;enableWhatsapp&quot;:false,&quot;enableFacebook&quot;:false,&quot;enablePinterest&quot;:false,&quot;enableLinkedin&quot;:false,&quot;enableEmail&quot;:false,&quot;randomFactor&quot;:0,&quot;type&quot;:&quot;custom-grid&quot;,&quot;columns&quot;:12,&quot;gutter&quot;:10,&quot;mobileGutter&quot;:10,&quot;tabletGutter&quot;:10,&quot;desktopGutter&quot;:10,&quot;enableResponsive&quot;:&quot;0&quot;,&quot;tabletColumns&quot;:2,&quot;mobileColumns&quot;:1,&quot;lazyLoad&quot;:0,&quot;lightboxOpts&quot;:{&quot;animated&quot;:true,&quot;Thumbs&quot;:{&quot;type&quot;:&quot;modern&quot;,&quot;showOnStart&quot;:false},&quot;Toolbar&quot;:{&quot;display&quot;:{&quot;right&quot;:[&quot;close&quot;]},&quot;enabled&quot;:true},&quot;Carousel&quot;:{&quot;Panzoom&quot;:{&quot;touch&quot;:true},&quot;infinite&quot;:false},&quot;keyboard&quot;:{&quot;Escape&quot;:&quot;close&quot;,&quot;Delete&quot;:&quot;close&quot;,&quot;Backspace&quot;:&quot;close&quot;,&quot;PageUp&quot;:false,&quot;PageDown&quot;:false,&quot;ArrowUp&quot;:false,&quot;ArrowDown&quot;:false,&quot;ArrowRight&quot;:false,&quot;ArrowLeft&quot;:false},&quot;touch&quot;:false,&quot;backdropClick&quot;:false,&quot;l10n&quot;:{&quot;CLOSE&quot;:&quot;Close&quot;,&quot;NEXT&quot;:&quot;Next&quot;,&quot;PREV&quot;:&quot;Previous&quot;,&quot;Error&quot;:&quot;The requested content cannot be loaded. Please try again later.&quot;,&quot;PLAY_START&quot;:&quot;Start slideshow&quot;,&quot;PLAY_STOP&quot;:&quot;Pause slideshow&quot;,&quot;FULL_SCREEN&quot;:&quot;Full screen&quot;,&quot;THUMBS&quot;:&quot;Thumbnails&quot;,&quot;DOWNLOAD&quot;:&quot;Download&quot;,&quot;SHARE&quot;:&quot;Share&quot;,&quot;ZOOM&quot;:&quot;Zoom&quot;,&quot;EMAIL&quot;:&quot;Here is the link to the image : %%image_link%% and this is the link to the gallery : %%gallery_link%%&quot;,&quot;MODAL&quot;:&quot;You can close this modal content with the ESC key&quot;,&quot;ERROR&quot;:&quot;Something Went Wrong, Please Try Again Later&quot;,&quot;IMAGE_ERROR&quot;:&quot;Image Not Found&quot;,&quot;ELEMENT_NOT_FOUND&quot;:&quot;HTML Element Not Found&quot;,&quot;AJAX_NOT_FOUND&quot;:&quot;Error Loading AJAX : Not Found&quot;,&quot;AJAX_FORBIDDEN&quot;:&quot;Error Loading AJAX : Forbidden&quot;,&quot;IFRAME_ERROR&quot;:&quot;Error Loading Page&quot;,&quot;TOGGLE_ZOOM&quot;:&quot;Toggle zoom level&quot;,&quot;TOGGLE_THUMBS&quot;:&quot;Toggle thumbnails&quot;,&quot;TOGGLE_SLIDESHOW&quot;:&quot;Toggle slideshow&quot;,&quot;TOGGLE_FULLSCREEN&quot;:&quot;Toggle full-screen mode&quot;},&quot;Images&quot;:{&quot;Panzoom&quot;:{&quot;maxScale&quot;:2}},&quot;mainClass&quot;:&quot;modula-fancybox-container modula-lightbox-jtg-1171&quot;,&quot;Html&quot;:{&quot;videoAutoplay&quot;:0,&quot;videoTpl&quot;:&quot;&lt;video class=\\&quot;fancybox__html5video\\&quot; controls muted playsinline controlsList controlsList=\\&quot;nodownload\\&quot; poster=\\&quot;{{poster}}\\&quot; src=\\&quot;{{src}}\\&quot; type=\\&quot;{{format}}\\&quot; &gt;  Sorry, your browser doesn&#039;t support embedded videos, &lt;a href=\\&quot;{{src}}\\&quot;&gt; download &lt;\\\/a&gt; and watch with your favorite video player! &lt;\\\/video&gt;&quot;}},&quot;inView&quot;:false,&quot;email_subject&quot;:&quot;Check out this awesome image !!&quot;,&quot;email_message&quot;:&quot;Here is the link to the image : %%image_link%% and this is the link to the gallery : %%gallery_link%%&quot;,&quot;lightbox&quot;:&quot;fancybox&quot;}\">\n\n\t\n\t<div  class=\"modula-items\">\n\t\t<div class=\"modula-item effect-pufrobo\" data-width=\"6\" data-height=\"4\" >\n\t<div class=\"modula-item-overlay\"><\/div>\n\n\t<div class=\"modula-item-content\">\n\n\t\t<a data-image-id=\"1173\" role=\"button\" tabindex=\"0\" rel=\"jtg-1171\" data-caption=\"\" aria-label=\"Open image in lightbox\" class=\"tile-inner modula-item-link\"><\/a><img loading=\"lazy\" decoding=\"async\" class=\"pic wp-image-1173\"  data-valign=\"middle\" data-halign=\"center\" alt=\"\" data-full=\"https:\/\/soulmade-tours.eu\/wp-content\/uploads\/2026\/02\/20240601_222633.jpg\" title=\"20240601_222633\" crop=\"\" width=\"450\" height=\"307\" src=\"https:\/\/soulmade-tours.eu\/wp-content\/uploads\/2026\/02\/20240601_222633-450x307.jpg\" data-src=\"https:\/\/soulmade-tours.eu\/wp-content\/uploads\/2026\/02\/20240601_222633-450x307.jpg\" data-caption=\"\" srcset=\"https:\/\/soulmade-tours.eu\/wp-content\/uploads\/2026\/02\/20240601_222633.jpg 1308w, https:\/\/soulmade-tours.eu\/wp-content\/uploads\/2026\/02\/20240601_222633-450x307.jpg 450w, https:\/\/soulmade-tours.eu\/wp-content\/uploads\/2026\/02\/20240601_222633-1024x699.jpg 1024w, https:\/\/soulmade-tours.eu\/wp-content\/uploads\/2026\/02\/20240601_222633-768x524.jpg 768w\" sizes=\"auto, (max-width: 450px) 100vw, 450px\" \/>\n\t\t<div class=\"figc no-description\">\n\t\t\t<div class=\"figc-inner\">\n\t\t\t\t\t\t\t\t\t\t\t\t\t\t\t<\/div>\n\t\t<\/div>\n\n\t<\/div>\n\n<\/div><div class=\"modula-item effect-pufrobo\" data-width=\"6\" data-height=\"4\" >\n\t<div class=\"modula-item-overlay\"><\/div>\n\n\t<div class=\"modula-item-content\">\n\n\t\t<a data-image-id=\"1174\" role=\"button\" tabindex=\"0\" rel=\"jtg-1171\" data-caption=\"\" aria-label=\"Open image in lightbox\" class=\"tile-inner modula-item-link\"><\/a><img loading=\"lazy\" decoding=\"async\" class=\"pic wp-image-1174\"  data-valign=\"middle\" data-halign=\"center\" alt=\"\" data-full=\"https:\/\/soulmade-tours.eu\/wp-content\/uploads\/2026\/02\/20241106_132644.jpg\" title=\"20241106_132644\" crop=\"\" width=\"253\" height=\"450\" src=\"https:\/\/soulmade-tours.eu\/wp-content\/uploads\/2026\/02\/20241106_132644-253x450.jpg\" data-src=\"https:\/\/soulmade-tours.eu\/wp-content\/uploads\/2026\/02\/20241106_132644-253x450.jpg\" data-caption=\"\" srcset=\"https:\/\/soulmade-tours.eu\/wp-content\/uploads\/2026\/02\/20241106_132644.jpg 503w, https:\/\/soulmade-tours.eu\/wp-content\/uploads\/2026\/02\/20241106_132644-253x450.jpg 253w\" sizes=\"auto, (max-width: 253px) 100vw, 253px\" \/>\n\t\t<div class=\"figc no-description\">\n\t\t\t<div class=\"figc-inner\">\n\t\t\t\t\t\t\t\t\t\t\t\t\t\t\t<\/div>\n\t\t<\/div>\n\n\t<\/div>\n\n<\/div><div class=\"modula-item effect-pufrobo\" data-width=\"4\" data-height=\"3\" >\n\t<div class=\"modula-item-overlay\"><\/div>\n\n\t<div class=\"modula-item-content\">\n\n\t\t<a data-image-id=\"1175\" role=\"button\" tabindex=\"0\" rel=\"jtg-1171\" data-caption=\"\" aria-label=\"Open image in lightbox\" class=\"tile-inner modula-item-link\"><\/a><img loading=\"lazy\" decoding=\"async\" class=\"pic wp-image-1175\"  data-valign=\"middle\" data-halign=\"center\" alt=\"\" data-full=\"https:\/\/soulmade-tours.eu\/wp-content\/uploads\/2026\/02\/20250601_145435.jpg\" title=\"20250601_145435\" crop=\"\" width=\"338\" height=\"450\" src=\"https:\/\/soulmade-tours.eu\/wp-content\/uploads\/2026\/02\/20250601_145435-338x450.jpg\" data-src=\"https:\/\/soulmade-tours.eu\/wp-content\/uploads\/2026\/02\/20250601_145435-338x450.jpg\" data-caption=\"\" srcset=\"https:\/\/soulmade-tours.eu\/wp-content\/uploads\/2026\/02\/20250601_145435.jpg 670w, https:\/\/soulmade-tours.eu\/wp-content\/uploads\/2026\/02\/20250601_145435-338x450.jpg 338w\" sizes=\"auto, (max-width: 338px) 100vw, 338px\" \/>\n\t\t<div class=\"figc no-description\">\n\t\t\t<div class=\"figc-inner\">\n\t\t\t\t\t\t\t\t\t\t\t\t\t\t\t<\/div>\n\t\t<\/div>\n\n\t<\/div>\n\n<\/div><div class=\"modula-item effect-pufrobo\" data-width=\"2\" data-height=\"3\" >\n\t<div class=\"modula-item-overlay\"><\/div>\n\n\t<div class=\"modula-item-content\">\n\n\t\t<a data-image-id=\"1176\" role=\"button\" tabindex=\"0\" rel=\"jtg-1171\" data-caption=\"\" aria-label=\"Open image in lightbox\" class=\"tile-inner modula-item-link\"><\/a><img loading=\"lazy\" decoding=\"async\" class=\"pic wp-image-1176\"  data-valign=\"middle\" data-halign=\"center\" alt=\"\" data-full=\"https:\/\/soulmade-tours.eu\/wp-content\/uploads\/2026\/02\/IMG_20211021_141102.jpg\" title=\"IMG_20211021_141102\" crop=\"\" width=\"338\" height=\"450\" src=\"https:\/\/soulmade-tours.eu\/wp-content\/uploads\/2026\/02\/IMG_20211021_141102-338x450.jpg\" data-src=\"https:\/\/soulmade-tours.eu\/wp-content\/uploads\/2026\/02\/IMG_20211021_141102-338x450.jpg\" data-caption=\"\" srcset=\"https:\/\/soulmade-tours.eu\/wp-content\/uploads\/2026\/02\/IMG_20211021_141102.jpg 670w, https:\/\/soulmade-tours.eu\/wp-content\/uploads\/2026\/02\/IMG_20211021_141102-338x450.jpg 338w\" sizes=\"auto, (max-width: 338px) 100vw, 338px\" \/>\n\t\t<div class=\"figc no-description\">\n\t\t\t<div class=\"figc-inner\">\n\t\t\t\t\t\t\t\t\t\t\t\t\t\t\t<\/div>\n\t\t<\/div>\n\n\t<\/div>\n\n<\/div><div class=\"modula-item effect-pufrobo\" data-width=\"6\" data-height=\"3\" >\n\t<div class=\"modula-item-overlay\"><\/div>\n\n\t<div class=\"modula-item-content\">\n\n\t\t<a data-image-id=\"1177\" role=\"button\" tabindex=\"0\" rel=\"jtg-1171\" data-caption=\"\" aria-label=\"Open image in lightbox\" class=\"tile-inner modula-item-link\"><\/a><img loading=\"lazy\" decoding=\"async\" class=\"pic wp-image-1177\"  data-valign=\"middle\" data-halign=\"center\" alt=\"\" data-full=\"https:\/\/soulmade-tours.eu\/wp-content\/uploads\/2026\/02\/IMG_20240929_152409.jpg\" title=\"IMG_20240929_152409\" crop=\"\" width=\"450\" height=\"253\" src=\"https:\/\/soulmade-tours.eu\/wp-content\/uploads\/2026\/02\/IMG_20240929_152409-450x253.jpg\" data-src=\"https:\/\/soulmade-tours.eu\/wp-content\/uploads\/2026\/02\/IMG_20240929_152409-450x253.jpg\" data-caption=\"\" srcset=\"https:\/\/soulmade-tours.eu\/wp-content\/uploads\/2026\/02\/IMG_20240929_152409.jpg 2274w, https:\/\/soulmade-tours.eu\/wp-content\/uploads\/2026\/02\/IMG_20240929_152409-450x253.jpg 450w, https:\/\/soulmade-tours.eu\/wp-content\/uploads\/2026\/02\/IMG_20240929_152409-1024x576.jpg 1024w, https:\/\/soulmade-tours.eu\/wp-content\/uploads\/2026\/02\/IMG_20240929_152409-768x432.jpg 768w, https:\/\/soulmade-tours.eu\/wp-content\/uploads\/2026\/02\/IMG_20240929_152409-1536x865.jpg 1536w, https:\/\/soulmade-tours.eu\/wp-content\/uploads\/2026\/02\/IMG_20240929_152409-2048x1153.jpg 2048w\" sizes=\"auto, (max-width: 450px) 100vw, 450px\" \/>\n\t\t<div class=\"figc no-description\">\n\t\t\t<div class=\"figc-inner\">\n\t\t\t\t\t\t\t\t\t\t\t\t\t\t\t<\/div>\n\t\t<\/div>\n\n\t<\/div>\n\n<\/div><div class=\"modula-item effect-pufrobo\" data-width=\"4\" data-height=\"4\" >\n\t<div class=\"modula-item-overlay\"><\/div>\n\n\t<div class=\"modula-item-content\">\n\n\t\t<a data-image-id=\"1178\" role=\"button\" tabindex=\"0\" rel=\"jtg-1171\" data-caption=\"\" aria-label=\"Open image in lightbox\" class=\"tile-inner modula-item-link\"><\/a><img loading=\"lazy\" decoding=\"async\" class=\"pic wp-image-1178\"  data-valign=\"middle\" data-halign=\"center\" alt=\"\" data-full=\"https:\/\/soulmade-tours.eu\/wp-content\/uploads\/2026\/02\/IMG-20240922-WA0014.jpg\" title=\"IMG-20240922-WA0014\" crop=\"\" width=\"338\" height=\"450\" src=\"https:\/\/soulmade-tours.eu\/wp-content\/uploads\/2026\/02\/IMG-20240922-WA0014-338x450.jpg\" data-src=\"https:\/\/soulmade-tours.eu\/wp-content\/uploads\/2026\/02\/IMG-20240922-WA0014-338x450.jpg\" data-caption=\"\" srcset=\"https:\/\/soulmade-tours.eu\/wp-content\/uploads\/2026\/02\/IMG-20240922-WA0014.jpg 670w, https:\/\/soulmade-tours.eu\/wp-content\/uploads\/2026\/02\/IMG-20240922-WA0014-338x450.jpg 338w\" sizes=\"auto, (max-width: 338px) 100vw, 338px\" \/>\n\t\t<div class=\"figc no-description\">\n\t\t\t<div class=\"figc-inner\">\n\t\t\t\t\t\t\t\t\t\t\t\t\t\t\t<\/div>\n\t\t<\/div>\n\n\t<\/div>\n\n<\/div><div class=\"modula-item effect-pufrobo\" data-width=\"3\" data-height=\"4\" >\n\t<div class=\"modula-item-overlay\"><\/div>\n\n\t<div class=\"modula-item-content\">\n\n\t\t<a data-image-id=\"1179\" role=\"button\" tabindex=\"0\" rel=\"jtg-1171\" data-caption=\"\" aria-label=\"Open image in lightbox\" class=\"tile-inner modula-item-link\"><\/a><img loading=\"lazy\" decoding=\"async\" class=\"pic wp-image-1179\"  data-valign=\"middle\" data-halign=\"center\" alt=\"\" data-full=\"https:\/\/soulmade-tours.eu\/wp-content\/uploads\/2026\/02\/20260204_141643.jpg\" title=\"20260204_141643\" crop=\"\" width=\"253\" height=\"450\" src=\"https:\/\/soulmade-tours.eu\/wp-content\/uploads\/2026\/02\/20260204_141643-253x450.jpg\" data-src=\"https:\/\/soulmade-tours.eu\/wp-content\/uploads\/2026\/02\/20260204_141643-253x450.jpg\" data-caption=\"\" srcset=\"https:\/\/soulmade-tours.eu\/wp-content\/uploads\/2026\/02\/20260204_141643-scaled.jpg 1441w, https:\/\/soulmade-tours.eu\/wp-content\/uploads\/2026\/02\/20260204_141643-253x450.jpg 253w, https:\/\/soulmade-tours.eu\/wp-content\/uploads\/2026\/02\/20260204_141643-577x1024.jpg 577w, https:\/\/soulmade-tours.eu\/wp-content\/uploads\/2026\/02\/20260204_141643-768x1364.jpg 768w, https:\/\/soulmade-tours.eu\/wp-content\/uploads\/2026\/02\/20260204_141643-865x1536.jpg 865w, https:\/\/soulmade-tours.eu\/wp-content\/uploads\/2026\/02\/20260204_141643-1153x2048.jpg 1153w\" sizes=\"auto, (max-width: 253px) 100vw, 253px\" \/>\n\t\t<div class=\"figc no-description\">\n\t\t\t<div class=\"figc-inner\">\n\t\t\t\t\t\t\t\t\t\t\t\t\t\t\t<\/div>\n\t\t<\/div>\n\n\t<\/div>\n\n<\/div><div class=\"modula-item effect-pufrobo\" data-width=\"5\" data-height=\"4\" >\n\t<div class=\"modula-item-overlay\"><\/div>\n\n\t<div class=\"modula-item-content\">\n\n\t\t<a data-image-id=\"1180\" role=\"button\" tabindex=\"0\" rel=\"jtg-1171\" data-caption=\"\" aria-label=\"Open image in lightbox\" class=\"tile-inner modula-item-link\"><\/a><img loading=\"lazy\" decoding=\"async\" class=\"pic wp-image-1180\"  data-valign=\"middle\" data-halign=\"center\" alt=\"\" data-full=\"https:\/\/soulmade-tours.eu\/wp-content\/uploads\/2026\/02\/20260204_142017.jpg\" title=\"20260204_142017\" crop=\"\" width=\"450\" height=\"418\" src=\"https:\/\/soulmade-tours.eu\/wp-content\/uploads\/2026\/02\/20260204_142017-450x418.jpg\" data-src=\"https:\/\/soulmade-tours.eu\/wp-content\/uploads\/2026\/02\/20260204_142017-450x418.jpg\" data-caption=\"\" srcset=\"https:\/\/soulmade-tours.eu\/wp-content\/uploads\/2026\/02\/20260204_142017.jpg 1933w, https:\/\/soulmade-tours.eu\/wp-content\/uploads\/2026\/02\/20260204_142017-450x418.jpg 450w, https:\/\/soulmade-tours.eu\/wp-content\/uploads\/2026\/02\/20260204_142017-1024x951.jpg 1024w, https:\/\/soulmade-tours.eu\/wp-content\/uploads\/2026\/02\/20260204_142017-768x713.jpg 768w, https:\/\/soulmade-tours.eu\/wp-content\/uploads\/2026\/02\/20260204_142017-1536x1426.jpg 1536w\" sizes=\"auto, (max-width: 450px) 100vw, 450px\" \/>\n\t\t<div class=\"figc no-description\">\n\t\t\t<div class=\"figc-inner\">\n\t\t\t\t\t\t\t\t\t\t\t\t\t\t\t<\/div>\n\t\t<\/div>\n\n\t<\/div>\n\n<\/div>\t\t\n\t<\/div>\n\n\t\n\t\n\t<script type=\"application\/ld+json\">\n\t{\n\t\t\"@context\": \"http:\/\/schema.org\",\n\t\t\"@type\"   : \"ImageGallery\",\n\t\t\"id\"      : \"https:\/\/soulmade-tours.eu\/en\/rainer-mitter\/\",\n\t\t\"url\"     : \"https:\/\/soulmade-tours.eu\/en\/rainer-mitter\/\"\n\t}\n\n\t<\/script>\n\n\t\n<\/div>\n\n","protected":false},"excerpt":{"rendered":"<p>Seit \u00fcber vier Jahrzehnten ist das motorisierte Zweiradfahren ein wesentlicher Bestandteil meines Lebens und meines Verst\u00e4ndnisses von Freiheit. Diese Leidenschaft hat mich auf zahlreiche Reisen durch Europa, Asien und Afrika gef\u00fchrt, wobei ich die Gelegenheit hatte, meine Fahrtechnik bei verschiedenen [&hellip;]<\/p>\n","protected":false},"author":1,"featured_media":0,"parent":0,"menu_order":0,"comment_status":"closed","ping_status":"closed","template":"","meta":{"_price":"","_stock":"","_tribe_ticket_header":"","_tribe_default_ticket_provider":"","_tribe_ticket_capacity":"","_ticket_start_date":"","_ticket_end_date":"","_tribe_ticket_show_description":"","_tribe_ticket_show_not_going":false,"_tribe_ticket_use_global_stock":"","_tribe_ticket_global_stock_level":"","_global_stock_mode":"","_global_stock_cap":"","_tribe_rsvp_for_event":"","_tribe_ticket_going_count":"","_tribe_ticket_not_going_count":"","_tribe_tickets_list":"[]","_tribe_ticket_has_attendee_info_fields":false,"footnotes":""},"class_list":["post-1167","page","type-page","status-publish","hentry","post"],"translation":{"provider":"WPGlobus","version":"3.0.2","language":"en","enabled_languages":["de","en"],"languages":{"de":{"title":true,"content":true,"excerpt":false},"en":{"title":false,"content":false,"excerpt":false}}},"yoast_head":"<!-- This site is optimized with the Yoast SEO plugin v27.3 - https:\/\/yoast.com\/product\/yoast-seo-wordpress\/ -->\n<title>Rainer Mitter - SOULMADE TOURS<\/title>\n<meta name=\"robots\" content=\"index, follow, max-snippet:-1, max-image-preview:large, max-video-preview:-1\" \/>\n<link rel=\"canonical\" href=\"https:\/\/soulmade-tours.eu\/rainer-mitter\/\" \/>\n<meta property=\"og:locale\" content=\"en_US\" \/>\n<meta property=\"og:type\" content=\"article\" \/>\n<meta property=\"og:title\" content=\"Rainer Mitter - SOULMADE TOURS\" \/>\n<meta property=\"og:url\" content=\"https:\/\/soulmade-tours.eu\/rainer-mitter\/\" \/>\n<meta property=\"og:site_name\" content=\"SOULMADE TOURS\" \/>\n<meta property=\"article:modified_time\" content=\"2026-02-10T12:32:54+00:00\" \/>\n<meta name=\"twitter:card\" content=\"summary_large_image\" \/>\n<meta name=\"twitter:label1\" content=\"Est. reading time\" \/>\n\t<meta name=\"twitter:data1\" content=\"3 minutes\" \/>\n<script type=\"application\/ld+json\" class=\"yoast-schema-graph\">{\"@context\":\"https:\\\/\\\/schema.org\",\"@graph\":[{\"@type\":\"WebPage\",\"@id\":\"https:\\\/\\\/soulmade-tours.eu\\\/rainer-mitter\\\/\",\"url\":\"https:\\\/\\\/soulmade-tours.eu\\\/rainer-mitter\\\/\",\"name\":\"Rainer Mitter - SOULMADE TOURS\",\"isPartOf\":{\"@id\":\"https:\\\/\\\/soulmade-tours.eu\\\/#website\"},\"datePublished\":\"2026-02-10T08:19:43+00:00\",\"dateModified\":\"2026-02-10T12:32:54+00:00\",\"breadcrumb\":{\"@id\":\"https:\\\/\\\/soulmade-tours.eu\\\/rainer-mitter\\\/#breadcrumb\"},\"inLanguage\":\"en-US\",\"potentialAction\":[{\"@type\":\"ReadAction\",\"target\":[\"https:\\\/\\\/soulmade-tours.eu\\\/rainer-mitter\\\/\"]}]},{\"@type\":\"BreadcrumbList\",\"@id\":\"https:\\\/\\\/soulmade-tours.eu\\\/rainer-mitter\\\/#breadcrumb\",\"itemListElement\":[{\"@type\":\"ListItem\",\"position\":1,\"name\":\"Startseite\",\"item\":\"https:\\\/\\\/soulmade-tours.eu\\\/\"},{\"@type\":\"ListItem\",\"position\":2,\"name\":\"Rainer Mitter\"}]},{\"@type\":\"WebSite\",\"@id\":\"https:\\\/\\\/soulmade-tours.eu\\\/#website\",\"url\":\"https:\\\/\\\/soulmade-tours.eu\\\/\",\"name\":\"SOULMADE TOURS gef\u00fchrte Motorradtouren\",\"description\":\"Gef\u00fchrte Motorradtouren mit K\u00f6rper, Geist &amp; Seele\",\"publisher\":{\"@id\":\"https:\\\/\\\/soulmade-tours.eu\\\/#organization\"},\"potentialAction\":[{\"@type\":\"SearchAction\",\"target\":{\"@type\":\"EntryPoint\",\"urlTemplate\":\"https:\\\/\\\/soulmade-tours.eu\\\/?s={search_term_string}\"},\"query-input\":{\"@type\":\"PropertyValueSpecification\",\"valueRequired\":true,\"valueName\":\"search_term_string\"}}],\"inLanguage\":\"en-US\"},{\"@type\":\"Organization\",\"@id\":\"https:\\\/\\\/soulmade-tours.eu\\\/#organization\",\"name\":\"SOULMADE TOURS gef\u00fchrte Motorradtouren\",\"url\":\"https:\\\/\\\/soulmade-tours.eu\\\/\",\"logo\":{\"@type\":\"ImageObject\",\"inLanguage\":\"en-US\",\"@id\":\"https:\\\/\\\/soulmade-tours.eu\\\/#\\\/schema\\\/logo\\\/image\\\/\",\"url\":\"https:\\\/\\\/soulmade-tours.eu\\\/wp-content\\\/uploads\\\/2022\\\/10\\\/cropped-512er_logo_soulmade_tours-Kopie-2.png\",\"contentUrl\":\"https:\\\/\\\/soulmade-tours.eu\\\/wp-content\\\/uploads\\\/2022\\\/10\\\/cropped-512er_logo_soulmade_tours-Kopie-2.png\",\"width\":512,\"height\":512,\"caption\":\"SOULMADE TOURS gef\u00fchrte Motorradtouren\"},\"image\":{\"@id\":\"https:\\\/\\\/soulmade-tours.eu\\\/#\\\/schema\\\/logo\\\/image\\\/\"}}]}<\/script>\n<!-- \/ Yoast SEO plugin. -->","yoast_head_json":{"title":"Rainer Mitter - SOULMADE TOURS","robots":{"index":"index","follow":"follow","max-snippet":"max-snippet:-1","max-image-preview":"max-image-preview:large","max-video-preview":"max-video-preview:-1"},"canonical":"https:\/\/soulmade-tours.eu\/rainer-mitter\/","og_locale":"en_US","og_type":"article","og_title":"Rainer Mitter - SOULMADE TOURS","og_url":"https:\/\/soulmade-tours.eu\/rainer-mitter\/","og_site_name":"SOULMADE TOURS","article_modified_time":"2026-02-10T12:32:54+00:00","twitter_card":"summary_large_image","twitter_misc":{"Est. reading time":"3 minutes"},"schema":{"@context":"https:\/\/schema.org","@graph":[{"@type":"WebPage","@id":"https:\/\/soulmade-tours.eu\/rainer-mitter\/","url":"https:\/\/soulmade-tours.eu\/rainer-mitter\/","name":"Rainer Mitter - SOULMADE TOURS","isPartOf":{"@id":"https:\/\/soulmade-tours.eu\/#website"},"datePublished":"2026-02-10T08:19:43+00:00","dateModified":"2026-02-10T12:32:54+00:00","breadcrumb":{"@id":"https:\/\/soulmade-tours.eu\/rainer-mitter\/#breadcrumb"},"inLanguage":"en-US","potentialAction":[{"@type":"ReadAction","target":["https:\/\/soulmade-tours.eu\/rainer-mitter\/"]}]},{"@type":"BreadcrumbList","@id":"https:\/\/soulmade-tours.eu\/rainer-mitter\/#breadcrumb","itemListElement":[{"@type":"ListItem","position":1,"name":"Startseite","item":"https:\/\/soulmade-tours.eu\/"},{"@type":"ListItem","position":2,"name":"Rainer Mitter"}]},{"@type":"WebSite","@id":"https:\/\/soulmade-tours.eu\/#website","url":"https:\/\/soulmade-tours.eu\/","name":"SOULMADE TOURS gef\u00fchrte Motorradtouren","description":"Gef\u00fchrte Motorradtouren mit K\u00f6rper, Geist &amp; Seele","publisher":{"@id":"https:\/\/soulmade-tours.eu\/#organization"},"potentialAction":[{"@type":"SearchAction","target":{"@type":"EntryPoint","urlTemplate":"https:\/\/soulmade-tours.eu\/?s={search_term_string}"},"query-input":{"@type":"PropertyValueSpecification","valueRequired":true,"valueName":"search_term_string"}}],"inLanguage":"en-US"},{"@type":"Organization","@id":"https:\/\/soulmade-tours.eu\/#organization","name":"SOULMADE TOURS gef\u00fchrte Motorradtouren","url":"https:\/\/soulmade-tours.eu\/","logo":{"@type":"ImageObject","inLanguage":"en-US","@id":"https:\/\/soulmade-tours.eu\/#\/schema\/logo\/image\/","url":"https:\/\/soulmade-tours.eu\/wp-content\/uploads\/2022\/10\/cropped-512er_logo_soulmade_tours-Kopie-2.png","contentUrl":"https:\/\/soulmade-tours.eu\/wp-content\/uploads\/2022\/10\/cropped-512er_logo_soulmade_tours-Kopie-2.png","width":512,"height":512,"caption":"SOULMADE TOURS gef\u00fchrte Motorradtouren"},"image":{"@id":"https:\/\/soulmade-tours.eu\/#\/schema\/logo\/image\/"}}]}},"_links":{"self":[{"href":"https:\/\/soulmade-tours.eu\/en\/wp-json\/wp\/v2\/pages\/1167","targetHints":{"allow":["GET"]}}],"collection":[{"href":"https:\/\/soulmade-tours.eu\/en\/wp-json\/wp\/v2\/pages"}],"about":[{"href":"https:\/\/soulmade-tours.eu\/en\/wp-json\/wp\/v2\/types\/page"}],"author":[{"embeddable":true,"href":"https:\/\/soulmade-tours.eu\/en\/wp-json\/wp\/v2\/users\/1"}],"replies":[{"embeddable":true,"href":"https:\/\/soulmade-tours.eu\/en\/wp-json\/wp\/v2\/comments?post=1167"}],"version-history":[{"count":4,"href":"https:\/\/soulmade-tours.eu\/en\/wp-json\/wp\/v2\/pages\/1167\/revisions"}],"predecessor-version":[{"id":1185,"href":"https:\/\/soulmade-tours.eu\/en\/wp-json\/wp\/v2\/pages\/1167\/revisions\/1185"}],"wp:attachment":[{"href":"https:\/\/soulmade-tours.eu\/en\/wp-json\/wp\/v2\/media?parent=1167"}],"curies":[{"name":"wp","href":"https:\/\/api.w.org\/{rel}","templated":true}]}}