{"id":1298,"date":"2026-01-10T16:51:00","date_gmt":"2026-01-10T15:51:00","guid":{"rendered":"https:\/\/soulmade-tours.eu\/?page_id=1298"},"modified":"2026-03-04T14:03:32","modified_gmt":"2026-03-04T13:03:32","slug":"kurven-und-kehrentraining-alpin","status":"publish","type":"page","link":"https:\/\/soulmade-tours.eu\/en\/motorrad-trainings\/kurven-und-kehrentraining-alpin\/","title":{"rendered":"Kurven-und Kehrentraining ALPIN"},"content":{"rendered":"<p><img loading=\"lazy\" decoding=\"async\" class=\"size-medium wp-image-1286\" src=\"https:\/\/soulmade-tours.eu\/wp-content\/uploads\/2026\/02\/DJI_0288-450x253.jpg\" alt=\"\" width=\"450\" height=\"253\" srcset=\"https:\/\/soulmade-tours.eu\/wp-content\/uploads\/2026\/02\/DJI_0288-450x253.jpg 450w, https:\/\/soulmade-tours.eu\/wp-content\/uploads\/2026\/02\/DJI_0288-1024x576.jpg 1024w, https:\/\/soulmade-tours.eu\/wp-content\/uploads\/2026\/02\/DJI_0288-768x432.jpg 768w, https:\/\/soulmade-tours.eu\/wp-content\/uploads\/2026\/02\/DJI_0288-1536x864.jpg 1536w, https:\/\/soulmade-tours.eu\/wp-content\/uploads\/2026\/02\/DJI_0288-2048x1152.jpg 2048w\" sizes=\"auto, (max-width: 450px) 100vw, 450px\" \/><\/p>\n\n\n<p class=\"has-luminous-vivid-amber-color has-text-color has-link-color has-medium-font-size wp-elements-af69a70f7409bee93f101e3002f111d5\"><mark style=\"background-color:rgba(0, 0, 0, 0)\" class=\"has-inline-color has-luminous-vivid-amber-color\">3 Tage Intensiv-Training in den Alpen <\/mark><\/p>\n\n\n\n<p class=\"has-luminous-vivid-amber-color has-text-color has-link-color has-medium-font-size wp-elements-37ddeba127694b6b1c635c20ddb6309c\"><mark style=\"background-color:rgba(0, 0, 0, 0)\" class=\"has-inline-color has-luminous-vivid-amber-color\">(Tirol oder K\u00e4rnten)<\/mark><\/p>\n\n\n\n<p>Meistere selbst die anspruchsvollsten Kehren und Serpentinen mit Souver\u00e4nit\u00e4t. Egal welche Motorrad-Klasse du f\u00e4hrst: Wir bringen dich auf die ideale Linie. Auf den sch\u00f6nsten Passstra\u00dfen \u00d6sterreichs kombinieren wir Fahrphysik mit purem Fahrspa\u00df.<\/p>\n\n\n\n<h3 class=\"wp-block-heading has-luminous-vivid-orange-color has-text-color has-link-color has-medium-font-size wp-elements-90180c2fd9955fba539e2f9bd1c6e0f3\">Trainings-Inhalte und -Ziele<\/h3>\n\n\n\n<ul class=\"wp-block-list\">\n<li>Theorie der Fahrphysik &amp; verschiedene Kurventechniken (Dr\u00fccken, Legen, Hang-off).<\/li>\n\n\n\n<li>Optimierung der Kurvenlinie, Blickf\u00fchrung und Sitzposition.<\/li>\n\n\n\n<li><strong>Sicherheit im Grenzbereich:<\/strong> Richtiges Bremsen und Ausweichen<\/li>\n\n\n\n<li><strong>Pr\u00e4zision &amp; Technik:<\/strong> Blickf\u00fchrung, Sitzposition und Lenkimpuls.<\/li>\n\n\n\n<li><strong>Highlight:<\/strong> Individuelle Verfolgungsfahrten mit Video-Analyse.<\/li>\n\n\n\n<li><strong>Exklusivit\u00e4t:<\/strong> Maximal 6 Teilnehmer pro Trainer f\u00fcr maximale individuelle Betreuung.<\/li>\n<\/ul>\n\n\n\n<p><strong>Die Fakten auf einen Blick:<\/strong><\/p>\n\n\n\n<ul class=\"wp-block-list\">\n<li><strong>Locations:<\/strong> <\/li>\n\n\n\n<li>Top Hotels in Tirol (Kaunertal) oder K\u00e4rnten (Nockalmstra\u00dfe).<\/li>\n\n\n\n<li><strong>Leistungen:<\/strong> <\/li>\n\n\n\n<li>3 Tage Profi-Training, 3 \u00dcbernachtungen mit \u00be Pension, (Anreise am Vorabend)<\/li>\n\n\n\n<li>Videoanalyse &amp; Reisesicherungsschein.<\/li>\n\n\n\n<li><strong>Preis:<\/strong> <\/li>\n\n\n\n<li>990,\u2013 \u20ac<\/li>\n\n\n\n<li>Fr\u00fchbucher bis 30.04.2026:<\/li>\n\n\n\n<li><strong>940,\u2013 \u20ac<\/strong><\/li>\n\n\n\n<li>Enzelzimmeraufschlag:<\/li>\n\n\n\n<li><strong>165,\u2013 \u20ac<\/strong><\/li>\n\n\n\n<li><strong>Zusatzkosten<\/strong><\/li>\n\n\n\n<li>Benzin, Maut, Verpflegung tags\u00fcber<\/li>\n\n\n\n<li><strong>Verl\u00e4ngerungsnacht:<\/strong> Auf Anfrage m\u00f6glich<\/li>\n<\/ul>\n\n\n\n<p><strong>Voraussetzungen:<\/strong><br>G\u00fcltiger F\u00fchrerschein f\u00fcr das genutzte Motorrad<br>eigenes, StVZO-konformes und verkehrssicheres Motorrad sowie komplette Schutzkleidung, Erste-Hilfe-Set<\/p>\n\n\n\n<figure class=\"wp-block-table\"><table class=\"has-fixed-layout\"><tbody><tr><td class=\"has-text-align-left\" data-align=\"left\"><strong>Preis pro Teilnehmer:<\/strong><\/td><td class=\"has-text-align-left\" data-align=\"left\">990,- \u20ac<\/td><\/tr><tr><td class=\"has-text-align-left\" data-align=\"left\"><strong>Fr\u00fchbucher-Preis:<\/strong><br>(bei Buchung bis 30. April 2026)<\/td><td class=\"has-text-align-left\" data-align=\"left\">940,- \u20ac<\/td><\/tr><tr><td class=\"has-text-align-left\" data-align=\"left\"><strong>Trainingsort:<\/strong><\/td><td class=\"has-text-align-left\" data-align=\"left\">Raum Tirol oder K\u00e4rnten<\/td><\/tr><tr><td class=\"has-text-align-left\" data-align=\"left\"><strong>Trainingsdauer:<\/strong><\/td><td class=\"has-text-align-left\" data-align=\"left\">3 Tage<\/td><\/tr><tr><td class=\"has-text-align-left\" data-align=\"left\"><strong>Mindest-Teilnehmerzahl:&nbsp;<\/strong><\/td><td class=\"has-text-align-left\" data-align=\"left\">5<\/td><\/tr><\/tbody><\/table><\/figure>\n\n\n\n[Bei weniger Buchungen als Mindest-Teilnehmerzahl behalten wir uns vor, das Training zu stornieren oder einen Alternativtermin anzubieten.]\n\n\n\n<figure class=\"wp-block-table\"><table class=\"has-fixed-layout\"><tbody><tr><td><strong>Termin K\u00e4rnten<\/strong><\/td><td>Nockalmstra\u00dfe<\/td><td><\/td><td><\/td><\/tr><tr><td>05.-08. Juli 2026<\/td><td><strong>(KTAK-01)<\/strong><\/td><td>1\/10<\/td><td>buchbar<\/td><\/tr><\/tbody><\/table><\/figure>\n\n\n\n<figure class=\"wp-block-table\"><table class=\"has-fixed-layout\"><tbody><tr><td><strong>Termin Tirol<\/strong><\/td><td>&nbsp;Kaunertal<\/td><td>&nbsp;<\/td><td>&nbsp;<\/td><\/tr><tr><td>21.-24. .Juli 2026<\/td><td><strong>(KTAT-02)<\/strong><\/td><td>1\/10<\/td><td>buchbar<\/td><\/tr><\/tbody><\/table><\/figure>\n\n\n\n<p>Zur Buchung\/Anfrage bitte Termin und Trainingsnummer angeben!<\/p>\n\n\n\n<p><h3><strong>Anmeldung per Mail:<\/strong><\/h3>\n\n<div class=\"wpcf7 no-js\" id=\"wpcf7-f304-o1\" lang=\"de-DE\" dir=\"ltr\" data-wpcf7-id=\"304\">\n<div class=\"screen-reader-response\"><p role=\"status\" aria-live=\"polite\" aria-atomic=\"true\"><\/p> <ul><\/ul><\/div>\n<form action=\"\/en\/wp-json\/wp\/v2\/pages\/1298#wpcf7-f304-o1\" method=\"post\" class=\"wpcf7-form init\" aria-label=\"Kontaktformular\" novalidate=\"novalidate\" data-status=\"init\">\n<fieldset class=\"hidden-fields-container\"><input type=\"hidden\" name=\"_wpcf7\" value=\"304\" \/><input type=\"hidden\" name=\"_wpcf7_version\" value=\"6.1.5\" \/><input type=\"hidden\" name=\"_wpcf7_locale\" value=\"de_DE\" \/><input type=\"hidden\" name=\"_wpcf7_unit_tag\" value=\"wpcf7-f304-o1\" \/><input type=\"hidden\" name=\"_wpcf7_container_post\" value=\"0\" \/><input type=\"hidden\" name=\"_wpcf7_posted_data_hash\" value=\"\" \/>\n<\/fieldset>\n<p><label> Dein Name Vorname<br \/>\n<span class=\"wpcf7-form-control-wrap\" data-name=\"your-name\"><input size=\"40\" maxlength=\"400\" class=\"wpcf7-form-control wpcf7-text wpcf7-validates-as-required\" autocomplete=\"name\" aria-required=\"true\" aria-invalid=\"false\" value=\"\" type=\"text\" name=\"your-name\" \/><\/span> <\/label>\n<\/p>\n<p><label> Deine E-Mail-Adresse<br \/>\n<span class=\"wpcf7-form-control-wrap\" data-name=\"your-email\"><input size=\"40\" maxlength=\"400\" class=\"wpcf7-form-control wpcf7-email wpcf7-validates-as-required wpcf7-text wpcf7-validates-as-email\" autocomplete=\"email\" aria-required=\"true\" aria-invalid=\"false\" value=\"\" type=\"email\" name=\"your-email\" \/><\/span> <\/label>\n<\/p>\n<p><label> Betreff \/ Tour-Nr. \/ Trainings-Nr.<br \/>\n<span class=\"wpcf7-form-control-wrap\" data-name=\"your-subject\"><input size=\"40\" maxlength=\"400\" class=\"wpcf7-form-control wpcf7-text wpcf7-validates-as-required\" aria-required=\"true\" aria-invalid=\"false\" value=\"\" type=\"text\" name=\"your-subject\" \/><\/span> <\/label>\n<\/p>\n<p><label> Deine Nachricht<br \/>\n<span class=\"wpcf7-form-control-wrap\" data-name=\"your-message\"><textarea cols=\"40\" rows=\"10\" maxlength=\"2000\" class=\"wpcf7-form-control wpcf7-textarea wpcf7-validates-as-required\" aria-required=\"true\" aria-invalid=\"false\" name=\"your-message\"><\/textarea><\/span> <\/label>\n<\/p>\n<p>Anti-Spam-Frage:<br \/>\n<span class=\"wpcf7-form-control-wrap\" data-name=\"quiz-761\"><label><span class=\"wpcf7-quiz-label\">Welche Farbe hat der Himmel<\/span> <input size=\"40\" class=\"wpcf7-form-control wpcf7-quiz\" autocomplete=\"off\" aria-required=\"true\" aria-invalid=\"false\" type=\"text\" name=\"quiz-761\" \/><\/label><input type=\"hidden\" name=\"_wpcf7_quiz_answer_quiz-761\" value=\"b9ba4d77c77d87d4f5dd89cb3d86c6ba\" \/><\/span>\n<\/p>\n<p><span class=\"wpcf7-form-control-wrap\" data-name=\"acceptance-133\"><span class=\"wpcf7-form-control wpcf7-acceptance\"><span class=\"wpcf7-list-item\"><label><input type=\"checkbox\" name=\"acceptance-133\" value=\"1\" aria-invalid=\"false\" \/><span class=\"wpcf7-list-item-label\">Ich stimme zu, dass meine Angaben aus dem Kontaktformular zur Beantwortung meiner Anfrage erhoben und verarbeitet werden. Die Daten werden nach abgeschlossener Bearbeitung Ihrer Anfrage gel\u00f6scht. Hinweis: Sie k\u00f6nnen Ihre Einwilligung jederzeit f\u00fcr die Zukunft per E-Mail an info@soulmade-tours.eu widerrufen.*<\/span><\/label><\/span><\/span><\/span>\n<\/p>\n<p><input class=\"wpcf7-form-control wpcf7-submit has-spinner\" type=\"submit\" value=\"Senden\" \/>\n<\/p>\n<p>Detaillierte Informationen zum Umgang mit Nutzerdaten finden Sie in unserer Datenschutzerkl\u00e4rung\n<\/p><div class=\"wpcf7-response-output\" aria-hidden=\"true\"><\/div>\n<\/form>\n<\/div>\n\n","protected":false},"excerpt":{"rendered":"<p>3 Tage Intensiv-Training in den Alpen (Tirol oder K\u00e4rnten) Meistere selbst die anspruchsvollsten Kehren und Serpentinen mit Souver\u00e4nit\u00e4t. Egal welche Motorrad-Klasse du f\u00e4hrst: Wir bringen dich auf die ideale Linie. Auf den sch\u00f6nsten Passstra\u00dfen \u00d6sterreichs kombinieren wir Fahrphysik mit purem [&hellip;]<\/p>\n","protected":false},"author":2,"featured_media":1286,"parent":1121,"menu_order":0,"comment_status":"closed","ping_status":"closed","template":"","meta":{"_price":"","_stock":"","_tribe_ticket_header":"","_tribe_default_ticket_provider":"","_tribe_ticket_capacity":"","_ticket_start_date":"","_ticket_end_date":"","_tribe_ticket_show_description":"","_tribe_ticket_show_not_going":false,"_tribe_ticket_use_global_stock":"","_tribe_ticket_global_stock_level":"","_global_stock_mode":"","_global_stock_cap":"","_tribe_rsvp_for_event":"","_tribe_ticket_going_count":"","_tribe_ticket_not_going_count":"","_tribe_tickets_list":"[]","_tribe_ticket_has_attendee_info_fields":false,"footnotes":""},"class_list":["post-1298","page","type-page","status-publish","has-post-thumbnail","hentry","post","post-with-thumbnail","post-with-thumbnail-large"],"translation":{"provider":"WPGlobus","version":"3.0.2","language":"en","enabled_languages":["de","en"],"languages":{"de":{"title":true,"content":true,"excerpt":false},"en":{"title":false,"content":false,"excerpt":false}}},"yoast_head":"<!-- This site is optimized with the Yoast SEO plugin v27.3 - https:\/\/yoast.com\/product\/yoast-seo-wordpress\/ -->\n<title>Kurven-und Kehrentraining ALPIN - SOULMADE TOURS<\/title>\n<meta name=\"robots\" content=\"index, follow, max-snippet:-1, max-image-preview:large, max-video-preview:-1\" \/>\n<link rel=\"canonical\" href=\"https:\/\/soulmade-tours.eu\/motorrad-trainings\/kurven-und-kehrentraining-alpin\/\" \/>\n<meta property=\"og:locale\" content=\"en_US\" \/>\n<meta property=\"og:type\" content=\"article\" \/>\n<meta property=\"og:title\" content=\"Kurven-und Kehrentraining ALPIN - SOULMADE TOURS\" \/>\n<meta property=\"og:url\" content=\"https:\/\/soulmade-tours.eu\/motorrad-trainings\/kurven-und-kehrentraining-alpin\/\" \/>\n<meta property=\"og:site_name\" content=\"SOULMADE TOURS\" \/>\n<meta property=\"article:modified_time\" content=\"2026-03-04T13:03:32+00:00\" \/>\n<meta property=\"og:image\" content=\"https:\/\/soulmade-tours.eu\/wp-content\/uploads\/2026\/02\/DJI_0288-scaled.jpg\" \/>\n\t<meta property=\"og:image:width\" content=\"2560\" \/>\n\t<meta property=\"og:image:height\" content=\"1440\" \/>\n\t<meta property=\"og:image:type\" content=\"image\/jpeg\" \/>\n<meta name=\"twitter:card\" content=\"summary_large_image\" \/>\n<meta name=\"twitter:label1\" content=\"Est. reading time\" \/>\n\t<meta name=\"twitter:data1\" content=\"2 minutes\" \/>\n<script type=\"application\/ld+json\" class=\"yoast-schema-graph\">{\"@context\":\"https:\\\/\\\/schema.org\",\"@graph\":[{\"@type\":\"WebPage\",\"@id\":\"https:\\\/\\\/soulmade-tours.eu\\\/motorrad-trainings\\\/kurven-und-kehrentraining-alpin\\\/\",\"url\":\"https:\\\/\\\/soulmade-tours.eu\\\/motorrad-trainings\\\/kurven-und-kehrentraining-alpin\\\/\",\"name\":\"Kurven-und Kehrentraining ALPIN - SOULMADE TOURS\",\"isPartOf\":{\"@id\":\"https:\\\/\\\/soulmade-tours.eu\\\/#website\"},\"primaryImageOfPage\":{\"@id\":\"https:\\\/\\\/soulmade-tours.eu\\\/motorrad-trainings\\\/kurven-und-kehrentraining-alpin\\\/#primaryimage\"},\"image\":{\"@id\":\"https:\\\/\\\/soulmade-tours.eu\\\/motorrad-trainings\\\/kurven-und-kehrentraining-alpin\\\/#primaryimage\"},\"thumbnailUrl\":\"https:\\\/\\\/soulmade-tours.eu\\\/wp-content\\\/uploads\\\/2026\\\/02\\\/DJI_0288-scaled.jpg\",\"datePublished\":\"2026-01-10T15:51:00+00:00\",\"dateModified\":\"2026-03-04T13:03:32+00:00\",\"breadcrumb\":{\"@id\":\"https:\\\/\\\/soulmade-tours.eu\\\/motorrad-trainings\\\/kurven-und-kehrentraining-alpin\\\/#breadcrumb\"},\"inLanguage\":\"en-US\",\"potentialAction\":[{\"@type\":\"ReadAction\",\"target\":[\"https:\\\/\\\/soulmade-tours.eu\\\/motorrad-trainings\\\/kurven-und-kehrentraining-alpin\\\/\"]}]},{\"@type\":\"ImageObject\",\"inLanguage\":\"en-US\",\"@id\":\"https:\\\/\\\/soulmade-tours.eu\\\/motorrad-trainings\\\/kurven-und-kehrentraining-alpin\\\/#primaryimage\",\"url\":\"https:\\\/\\\/soulmade-tours.eu\\\/wp-content\\\/uploads\\\/2026\\\/02\\\/DJI_0288-scaled.jpg\",\"contentUrl\":\"https:\\\/\\\/soulmade-tours.eu\\\/wp-content\\\/uploads\\\/2026\\\/02\\\/DJI_0288-scaled.jpg\",\"width\":2560,\"height\":1440,\"caption\":\"default\"},{\"@type\":\"BreadcrumbList\",\"@id\":\"https:\\\/\\\/soulmade-tours.eu\\\/motorrad-trainings\\\/kurven-und-kehrentraining-alpin\\\/#breadcrumb\",\"itemListElement\":[{\"@type\":\"ListItem\",\"position\":1,\"name\":\"Startseite\",\"item\":\"https:\\\/\\\/soulmade-tours.eu\\\/\"},{\"@type\":\"ListItem\",\"position\":2,\"name\":\"Motorrad Trainings\",\"item\":\"https:\\\/\\\/soulmade-tours.eu\\\/motorrad-trainings\\\/\"},{\"@type\":\"ListItem\",\"position\":3,\"name\":\"Kurven-und Kehrentraining ALPIN\"}]},{\"@type\":\"WebSite\",\"@id\":\"https:\\\/\\\/soulmade-tours.eu\\\/#website\",\"url\":\"https:\\\/\\\/soulmade-tours.eu\\\/\",\"name\":\"SOULMADE TOURS gef\u00fchrte Motorradtouren\",\"description\":\"Gef\u00fchrte Motorradtouren mit K\u00f6rper, Geist &amp; Seele\",\"publisher\":{\"@id\":\"https:\\\/\\\/soulmade-tours.eu\\\/#organization\"},\"potentialAction\":[{\"@type\":\"SearchAction\",\"target\":{\"@type\":\"EntryPoint\",\"urlTemplate\":\"https:\\\/\\\/soulmade-tours.eu\\\/?s={search_term_string}\"},\"query-input\":{\"@type\":\"PropertyValueSpecification\",\"valueRequired\":true,\"valueName\":\"search_term_string\"}}],\"inLanguage\":\"en-US\"},{\"@type\":\"Organization\",\"@id\":\"https:\\\/\\\/soulmade-tours.eu\\\/#organization\",\"name\":\"SOULMADE TOURS gef\u00fchrte Motorradtouren\",\"url\":\"https:\\\/\\\/soulmade-tours.eu\\\/\",\"logo\":{\"@type\":\"ImageObject\",\"inLanguage\":\"en-US\",\"@id\":\"https:\\\/\\\/soulmade-tours.eu\\\/#\\\/schema\\\/logo\\\/image\\\/\",\"url\":\"https:\\\/\\\/soulmade-tours.eu\\\/wp-content\\\/uploads\\\/2022\\\/10\\\/cropped-512er_logo_soulmade_tours-Kopie-2.png\",\"contentUrl\":\"https:\\\/\\\/soulmade-tours.eu\\\/wp-content\\\/uploads\\\/2022\\\/10\\\/cropped-512er_logo_soulmade_tours-Kopie-2.png\",\"width\":512,\"height\":512,\"caption\":\"SOULMADE TOURS gef\u00fchrte Motorradtouren\"},\"image\":{\"@id\":\"https:\\\/\\\/soulmade-tours.eu\\\/#\\\/schema\\\/logo\\\/image\\\/\"}}]}<\/script>\n<!-- \/ Yoast SEO plugin. -->","yoast_head_json":{"title":"Kurven-und Kehrentraining ALPIN - SOULMADE TOURS","robots":{"index":"index","follow":"follow","max-snippet":"max-snippet:-1","max-image-preview":"max-image-preview:large","max-video-preview":"max-video-preview:-1"},"canonical":"https:\/\/soulmade-tours.eu\/motorrad-trainings\/kurven-und-kehrentraining-alpin\/","og_locale":"en_US","og_type":"article","og_title":"Kurven-und Kehrentraining ALPIN - SOULMADE TOURS","og_url":"https:\/\/soulmade-tours.eu\/motorrad-trainings\/kurven-und-kehrentraining-alpin\/","og_site_name":"SOULMADE TOURS","article_modified_time":"2026-03-04T13:03:32+00:00","og_image":[{"width":2560,"height":1440,"url":"https:\/\/soulmade-tours.eu\/wp-content\/uploads\/2026\/02\/DJI_0288-scaled.jpg","type":"image\/jpeg"}],"twitter_card":"summary_large_image","twitter_misc":{"Est. reading time":"2 minutes"},"schema":{"@context":"https:\/\/schema.org","@graph":[{"@type":"WebPage","@id":"https:\/\/soulmade-tours.eu\/motorrad-trainings\/kurven-und-kehrentraining-alpin\/","url":"https:\/\/soulmade-tours.eu\/motorrad-trainings\/kurven-und-kehrentraining-alpin\/","name":"Kurven-und Kehrentraining ALPIN - SOULMADE TOURS","isPartOf":{"@id":"https:\/\/soulmade-tours.eu\/#website"},"primaryImageOfPage":{"@id":"https:\/\/soulmade-tours.eu\/motorrad-trainings\/kurven-und-kehrentraining-alpin\/#primaryimage"},"image":{"@id":"https:\/\/soulmade-tours.eu\/motorrad-trainings\/kurven-und-kehrentraining-alpin\/#primaryimage"},"thumbnailUrl":"https:\/\/soulmade-tours.eu\/wp-content\/uploads\/2026\/02\/DJI_0288-scaled.jpg","datePublished":"2026-01-10T15:51:00+00:00","dateModified":"2026-03-04T13:03:32+00:00","breadcrumb":{"@id":"https:\/\/soulmade-tours.eu\/motorrad-trainings\/kurven-und-kehrentraining-alpin\/#breadcrumb"},"inLanguage":"en-US","potentialAction":[{"@type":"ReadAction","target":["https:\/\/soulmade-tours.eu\/motorrad-trainings\/kurven-und-kehrentraining-alpin\/"]}]},{"@type":"ImageObject","inLanguage":"en-US","@id":"https:\/\/soulmade-tours.eu\/motorrad-trainings\/kurven-und-kehrentraining-alpin\/#primaryimage","url":"https:\/\/soulmade-tours.eu\/wp-content\/uploads\/2026\/02\/DJI_0288-scaled.jpg","contentUrl":"https:\/\/soulmade-tours.eu\/wp-content\/uploads\/2026\/02\/DJI_0288-scaled.jpg","width":2560,"height":1440,"caption":"default"},{"@type":"BreadcrumbList","@id":"https:\/\/soulmade-tours.eu\/motorrad-trainings\/kurven-und-kehrentraining-alpin\/#breadcrumb","itemListElement":[{"@type":"ListItem","position":1,"name":"Startseite","item":"https:\/\/soulmade-tours.eu\/"},{"@type":"ListItem","position":2,"name":"Motorrad Trainings","item":"https:\/\/soulmade-tours.eu\/motorrad-trainings\/"},{"@type":"ListItem","position":3,"name":"Kurven-und Kehrentraining ALPIN"}]},{"@type":"WebSite","@id":"https:\/\/soulmade-tours.eu\/#website","url":"https:\/\/soulmade-tours.eu\/","name":"SOULMADE TOURS gef\u00fchrte Motorradtouren","description":"Gef\u00fchrte Motorradtouren mit K\u00f6rper, Geist &amp; Seele","publisher":{"@id":"https:\/\/soulmade-tours.eu\/#organization"},"potentialAction":[{"@type":"SearchAction","target":{"@type":"EntryPoint","urlTemplate":"https:\/\/soulmade-tours.eu\/?s={search_term_string}"},"query-input":{"@type":"PropertyValueSpecification","valueRequired":true,"valueName":"search_term_string"}}],"inLanguage":"en-US"},{"@type":"Organization","@id":"https:\/\/soulmade-tours.eu\/#organization","name":"SOULMADE TOURS gef\u00fchrte Motorradtouren","url":"https:\/\/soulmade-tours.eu\/","logo":{"@type":"ImageObject","inLanguage":"en-US","@id":"https:\/\/soulmade-tours.eu\/#\/schema\/logo\/image\/","url":"https:\/\/soulmade-tours.eu\/wp-content\/uploads\/2022\/10\/cropped-512er_logo_soulmade_tours-Kopie-2.png","contentUrl":"https:\/\/soulmade-tours.eu\/wp-content\/uploads\/2022\/10\/cropped-512er_logo_soulmade_tours-Kopie-2.png","width":512,"height":512,"caption":"SOULMADE TOURS gef\u00fchrte Motorradtouren"},"image":{"@id":"https:\/\/soulmade-tours.eu\/#\/schema\/logo\/image\/"}}]}},"_links":{"self":[{"href":"https:\/\/soulmade-tours.eu\/en\/wp-json\/wp\/v2\/pages\/1298","targetHints":{"allow":["GET"]}}],"collection":[{"href":"https:\/\/soulmade-tours.eu\/en\/wp-json\/wp\/v2\/pages"}],"about":[{"href":"https:\/\/soulmade-tours.eu\/en\/wp-json\/wp\/v2\/types\/page"}],"author":[{"embeddable":true,"href":"https:\/\/soulmade-tours.eu\/en\/wp-json\/wp\/v2\/users\/2"}],"replies":[{"embeddable":true,"href":"https:\/\/soulmade-tours.eu\/en\/wp-json\/wp\/v2\/comments?post=1298"}],"version-history":[{"count":26,"href":"https:\/\/soulmade-tours.eu\/en\/wp-json\/wp\/v2\/pages\/1298\/revisions"}],"predecessor-version":[{"id":1454,"href":"https:\/\/soulmade-tours.eu\/en\/wp-json\/wp\/v2\/pages\/1298\/revisions\/1454"}],"up":[{"embeddable":true,"href":"https:\/\/soulmade-tours.eu\/en\/wp-json\/wp\/v2\/pages\/1121"}],"wp:featuredmedia":[{"embeddable":true,"href":"https:\/\/soulmade-tours.eu\/en\/wp-json\/wp\/v2\/media\/1286"}],"wp:attachment":[{"href":"https:\/\/soulmade-tours.eu\/en\/wp-json\/wp\/v2\/media?parent=1298"}],"curies":[{"name":"wp","href":"https:\/\/api.w.org\/{rel}","templated":true}]}}