{"id":1322,"date":"2026-01-08T14:24:00","date_gmt":"2026-01-08T13:24:00","guid":{"rendered":"https:\/\/soulmade-tours.eu\/?page_id=1322"},"modified":"2026-02-26T14:42:49","modified_gmt":"2026-02-26T13:42:49","slug":"einzel-individual-training","status":"publish","type":"page","link":"https:\/\/soulmade-tours.eu\/en\/einzel-individual-training\/","title":{"rendered":"Einzel-Individual-Training:"},"content":{"rendered":"<p><strong><img loading=\"lazy\" decoding=\"async\" class=\"alignnone size-medium wp-image-1325\" src=\"https:\/\/soulmade-tours.eu\/wp-content\/uploads\/2026\/02\/IMG_7811.1-450x253.png\" alt=\"\" width=\"450\" height=\"253\" srcset=\"https:\/\/soulmade-tours.eu\/wp-content\/uploads\/2026\/02\/IMG_7811.1-450x253.png 450w, https:\/\/soulmade-tours.eu\/wp-content\/uploads\/2026\/02\/IMG_7811.1-1024x576.png 1024w, https:\/\/soulmade-tours.eu\/wp-content\/uploads\/2026\/02\/IMG_7811.1-768x432.png 768w, https:\/\/soulmade-tours.eu\/wp-content\/uploads\/2026\/02\/IMG_7811.1.png 1079w\" sizes=\"auto, (max-width: 450px) 100vw, 450px\" \/><\/strong><\/p>\n<p><strong>Einzel-Individual-Training: <\/strong><\/p>\n<p><strong>Dein Upgrade zur Extraklasse <\/strong><\/p>\n<p><strong>Maximaler Fokus<\/strong><\/p>\n<p><strong>Maximale Sicherheit<\/strong><\/p>\n<p><strong>Nur Du und Dein Coach<\/strong><\/p>\n<p>Vergiss Massenabfertigung und Kompromisse. Wenn Du Deine Fahrtechnik wirklich auf das n\u00e4chste Level heben willst, ist unser<\/p>\n<p><strong>Einzeltraining mit Deinem pers\u00f6nlichen Coach<\/strong><\/p>\n<p>der direkteste Weg.<\/p>\n<p>Intensiver, individueller und effektiver geht es nicht.<\/p>\n<p><strong>Warum unser Personal Training den Unterschied macht:<\/strong><\/p>\n<ul>\n<li><strong>100 % Ma\u00dfarbeit:<\/strong><\/li>\n<\/ul>\n<p>Kein Standardprogramm von der Stange. Wir stimmen die Inhalte vorab mit Dir ab. Du trainierst exakt das, was Du brauchst \u2013 zielgenau auf Deinen Bedarf zugeschnitten.<\/p>\n<ul>\n<li><strong>Volle Aufmerksamkeit:<\/strong><\/li>\n<\/ul>\n<p>Was immer Dich bewegt, wird angesprochen. Jede Kurve, jede Bremsung, jede Frage. Diese exklusive Betreuung (1 bis max. 2 Teilnehmer) bietet Dir kein Gruppentraining.<\/p>\n<ul>\n<li><strong>Technik trifft Mentaltraining:<\/strong><\/li>\n<\/ul>\n<p>Wir feilen nicht nur an den Finessen Deiner Motorrad-Fahrtechnik, sondern st\u00e4rken durch gezieltes Mentaltraining auch Deine Souver\u00e4nit\u00e4t und Sicherheit im Sattel.<\/p>\n<ul>\n<li><strong>Dein Termin, Dein Wetter:<\/strong><\/li>\n<\/ul>\n<p>Wir sind flexibel. Dein Training findet nach individueller Absprache statt \u2013 so passt es nicht nur in Deinen Terminkalender, sondern wir k\u00f6nnen auch auf das passende Wetter achten.<\/p>\n<p><strong>W\u00e4hle Dein pers\u00f6nliches Erlebnis:<\/strong><\/p>\n<p><strong>Bereit f\u00fcr den n\u00e4chsten Schritt?<\/strong><\/p>\n<p>Lass uns gemeinsam an Deiner Performance arbeiten. In einem unverbindlichen Beratungsgespr\u00e4ch planen wir Dein perfektes Training.<\/p>\n<p><strong>Jetzt unverbindlich beraten lassen<\/strong><\/p>\n<p>Zur Anfrage bitte gew\u00fcnschten Termin angeben!<\/p>\n<h3><strong>Anfrage per Mail:<\/strong><\/h3>\n\n<div class=\"wpcf7 no-js\" id=\"wpcf7-f304-o1\" lang=\"de-DE\" dir=\"ltr\" data-wpcf7-id=\"304\">\n<div class=\"screen-reader-response\"><p role=\"status\" aria-live=\"polite\" aria-atomic=\"true\"><\/p> <ul><\/ul><\/div>\n<form action=\"\/en\/wp-json\/wp\/v2\/pages\/1322#wpcf7-f304-o1\" method=\"post\" class=\"wpcf7-form init\" aria-label=\"Kontaktformular\" novalidate=\"novalidate\" data-status=\"init\">\n<fieldset class=\"hidden-fields-container\"><input type=\"hidden\" name=\"_wpcf7\" value=\"304\" \/><input type=\"hidden\" name=\"_wpcf7_version\" value=\"6.1.5\" \/><input type=\"hidden\" name=\"_wpcf7_locale\" value=\"de_DE\" \/><input type=\"hidden\" name=\"_wpcf7_unit_tag\" value=\"wpcf7-f304-o1\" \/><input type=\"hidden\" name=\"_wpcf7_container_post\" value=\"0\" \/><input type=\"hidden\" name=\"_wpcf7_posted_data_hash\" value=\"\" \/>\n<\/fieldset>\n<p><label> Dein Name Vorname<br \/>\n<span class=\"wpcf7-form-control-wrap\" data-name=\"your-name\"><input size=\"40\" maxlength=\"400\" class=\"wpcf7-form-control wpcf7-text wpcf7-validates-as-required\" autocomplete=\"name\" aria-required=\"true\" aria-invalid=\"false\" value=\"\" type=\"text\" name=\"your-name\" \/><\/span> <\/label>\n<\/p>\n<p><label> Deine E-Mail-Adresse<br \/>\n<span class=\"wpcf7-form-control-wrap\" data-name=\"your-email\"><input size=\"40\" maxlength=\"400\" class=\"wpcf7-form-control wpcf7-email wpcf7-validates-as-required wpcf7-text wpcf7-validates-as-email\" autocomplete=\"email\" aria-required=\"true\" aria-invalid=\"false\" value=\"\" type=\"email\" name=\"your-email\" \/><\/span> <\/label>\n<\/p>\n<p><label> Betreff \/ Tour-Nr. \/ Trainings-Nr.<br \/>\n<span class=\"wpcf7-form-control-wrap\" data-name=\"your-subject\"><input size=\"40\" maxlength=\"400\" class=\"wpcf7-form-control wpcf7-text wpcf7-validates-as-required\" aria-required=\"true\" aria-invalid=\"false\" value=\"\" type=\"text\" name=\"your-subject\" \/><\/span> <\/label>\n<\/p>\n<p><label> Deine Nachricht<br \/>\n<span class=\"wpcf7-form-control-wrap\" data-name=\"your-message\"><textarea cols=\"40\" rows=\"10\" maxlength=\"2000\" class=\"wpcf7-form-control wpcf7-textarea wpcf7-validates-as-required\" aria-required=\"true\" aria-invalid=\"false\" name=\"your-message\"><\/textarea><\/span> <\/label>\n<\/p>\n<p>Anti-Spam-Frage:<br \/>\n<span class=\"wpcf7-form-control-wrap\" data-name=\"quiz-761\"><label><span class=\"wpcf7-quiz-label\">Welche Farbe hat der Himmel<\/span> <input size=\"40\" class=\"wpcf7-form-control wpcf7-quiz\" autocomplete=\"off\" aria-required=\"true\" aria-invalid=\"false\" type=\"text\" name=\"quiz-761\" \/><\/label><input type=\"hidden\" name=\"_wpcf7_quiz_answer_quiz-761\" value=\"b9ba4d77c77d87d4f5dd89cb3d86c6ba\" \/><\/span>\n<\/p>\n<p><span class=\"wpcf7-form-control-wrap\" data-name=\"acceptance-133\"><span class=\"wpcf7-form-control wpcf7-acceptance\"><span class=\"wpcf7-list-item\"><label><input type=\"checkbox\" name=\"acceptance-133\" value=\"1\" aria-invalid=\"false\" \/><span class=\"wpcf7-list-item-label\">Ich stimme zu, dass meine Angaben aus dem Kontaktformular zur Beantwortung meiner Anfrage erhoben und verarbeitet werden. Die Daten werden nach abgeschlossener Bearbeitung Ihrer Anfrage gel\u00f6scht. Hinweis: Sie k\u00f6nnen Ihre Einwilligung jederzeit f\u00fcr die Zukunft per E-Mail an info@soulmade-tours.eu widerrufen.*<\/span><\/label><\/span><\/span><\/span>\n<\/p>\n<p><input class=\"wpcf7-form-control wpcf7-submit has-spinner\" type=\"submit\" value=\"Senden\" \/>\n<\/p>\n<p>Detaillierte Informationen zum Umgang mit Nutzerdaten finden Sie in unserer Datenschutzerkl\u00e4rung\n<\/p><div class=\"wpcf7-response-output\" aria-hidden=\"true\"><\/div>\n<\/form>\n<\/div>\n\n","protected":false},"excerpt":{"rendered":"<p>Einzel-Individual-Training: Dein Upgrade zur Extraklasse Maximaler Fokus Maximale Sicherheit Nur Du und Dein Coach Vergiss Massenabfertigung und Kompromisse. Wenn Du Deine Fahrtechnik wirklich auf das n\u00e4chste Level heben willst, ist unser Einzeltraining mit Deinem pers\u00f6nlichen Coach der direkteste Weg. Intensiver, [&hellip;]<\/p>\n","protected":false},"author":5,"featured_media":1331,"parent":0,"menu_order":0,"comment_status":"closed","ping_status":"closed","template":"","meta":{"_price":"","_stock":"","_tribe_ticket_header":"","_tribe_default_ticket_provider":"","_tribe_ticket_capacity":"","_ticket_start_date":"","_ticket_end_date":"","_tribe_ticket_show_description":"","_tribe_ticket_show_not_going":false,"_tribe_ticket_use_global_stock":"","_tribe_ticket_global_stock_level":"","_global_stock_mode":"","_global_stock_cap":"","_tribe_rsvp_for_event":"","_tribe_ticket_going_count":"","_tribe_ticket_not_going_count":"","_tribe_tickets_list":"[]","_tribe_ticket_has_attendee_info_fields":false,"footnotes":""},"class_list":["post-1322","page","type-page","status-publish","has-post-thumbnail","hentry","post","post-with-thumbnail","post-with-thumbnail-large"],"translation":{"provider":"WPGlobus","version":"3.0.2","language":"en","enabled_languages":["de","en"],"languages":{"de":{"title":true,"content":true,"excerpt":false},"en":{"title":false,"content":false,"excerpt":false}}},"yoast_head":"<!-- This site is optimized with the Yoast SEO plugin v27.3 - https:\/\/yoast.com\/product\/yoast-seo-wordpress\/ -->\n<title>Einzel-Individual-Training: - SOULMADE TOURS<\/title>\n<meta name=\"robots\" content=\"index, follow, max-snippet:-1, max-image-preview:large, max-video-preview:-1\" \/>\n<link rel=\"canonical\" href=\"https:\/\/soulmade-tours.eu\/einzel-individual-training\/\" \/>\n<meta property=\"og:locale\" content=\"en_US\" \/>\n<meta property=\"og:type\" content=\"article\" \/>\n<meta property=\"og:title\" content=\"Einzel-Individual-Training: - SOULMADE TOURS\" \/>\n<meta property=\"og:url\" content=\"https:\/\/soulmade-tours.eu\/einzel-individual-training\/\" \/>\n<meta property=\"og:site_name\" content=\"SOULMADE TOURS\" \/>\n<meta property=\"article:modified_time\" content=\"2026-02-26T13:42:49+00:00\" \/>\n<meta property=\"og:image\" content=\"https:\/\/soulmade-tours.eu\/wp-content\/uploads\/2026\/02\/dji_fly_20240804_133844_973_1722698336888_photo-scaled.jpg\" \/>\n\t<meta property=\"og:image:width\" content=\"2560\" \/>\n\t<meta property=\"og:image:height\" content=\"1920\" \/>\n\t<meta property=\"og:image:type\" content=\"image\/jpeg\" \/>\n<meta name=\"twitter:card\" content=\"summary_large_image\" \/>\n<meta name=\"twitter:label1\" content=\"Est. reading time\" \/>\n\t<meta name=\"twitter:data1\" content=\"2 minutes\" \/>\n<script type=\"application\/ld+json\" class=\"yoast-schema-graph\">{\"@context\":\"https:\\\/\\\/schema.org\",\"@graph\":[{\"@type\":\"WebPage\",\"@id\":\"https:\\\/\\\/soulmade-tours.eu\\\/einzel-individual-training\\\/\",\"url\":\"https:\\\/\\\/soulmade-tours.eu\\\/einzel-individual-training\\\/\",\"name\":\"Einzel-Individual-Training: - SOULMADE TOURS\",\"isPartOf\":{\"@id\":\"https:\\\/\\\/soulmade-tours.eu\\\/#website\"},\"primaryImageOfPage\":{\"@id\":\"https:\\\/\\\/soulmade-tours.eu\\\/einzel-individual-training\\\/#primaryimage\"},\"image\":{\"@id\":\"https:\\\/\\\/soulmade-tours.eu\\\/einzel-individual-training\\\/#primaryimage\"},\"thumbnailUrl\":\"https:\\\/\\\/soulmade-tours.eu\\\/wp-content\\\/uploads\\\/2026\\\/02\\\/dji_fly_20240804_133844_973_1722698336888_photo-scaled-e1773579749424.jpg\",\"datePublished\":\"2026-01-08T13:24:00+00:00\",\"dateModified\":\"2026-02-26T13:42:49+00:00\",\"breadcrumb\":{\"@id\":\"https:\\\/\\\/soulmade-tours.eu\\\/einzel-individual-training\\\/#breadcrumb\"},\"inLanguage\":\"en-US\",\"potentialAction\":[{\"@type\":\"ReadAction\",\"target\":[\"https:\\\/\\\/soulmade-tours.eu\\\/einzel-individual-training\\\/\"]}]},{\"@type\":\"ImageObject\",\"inLanguage\":\"en-US\",\"@id\":\"https:\\\/\\\/soulmade-tours.eu\\\/einzel-individual-training\\\/#primaryimage\",\"url\":\"https:\\\/\\\/soulmade-tours.eu\\\/wp-content\\\/uploads\\\/2026\\\/02\\\/dji_fly_20240804_133844_973_1722698336888_photo-scaled-e1773579749424.jpg\",\"contentUrl\":\"https:\\\/\\\/soulmade-tours.eu\\\/wp-content\\\/uploads\\\/2026\\\/02\\\/dji_fly_20240804_133844_973_1722698336888_photo-scaled-e1773579749424.jpg\",\"width\":2560,\"height\":1442},{\"@type\":\"BreadcrumbList\",\"@id\":\"https:\\\/\\\/soulmade-tours.eu\\\/einzel-individual-training\\\/#breadcrumb\",\"itemListElement\":[{\"@type\":\"ListItem\",\"position\":1,\"name\":\"Startseite\",\"item\":\"https:\\\/\\\/soulmade-tours.eu\\\/\"},{\"@type\":\"ListItem\",\"position\":2,\"name\":\"Einzel-Individual-Training:\"}]},{\"@type\":\"WebSite\",\"@id\":\"https:\\\/\\\/soulmade-tours.eu\\\/#website\",\"url\":\"https:\\\/\\\/soulmade-tours.eu\\\/\",\"name\":\"SOULMADE TOURS gef\u00fchrte Motorradtouren\",\"description\":\"Gef\u00fchrte Motorradtouren mit K\u00f6rper, Geist &amp; Seele\",\"publisher\":{\"@id\":\"https:\\\/\\\/soulmade-tours.eu\\\/#organization\"},\"potentialAction\":[{\"@type\":\"SearchAction\",\"target\":{\"@type\":\"EntryPoint\",\"urlTemplate\":\"https:\\\/\\\/soulmade-tours.eu\\\/?s={search_term_string}\"},\"query-input\":{\"@type\":\"PropertyValueSpecification\",\"valueRequired\":true,\"valueName\":\"search_term_string\"}}],\"inLanguage\":\"en-US\"},{\"@type\":\"Organization\",\"@id\":\"https:\\\/\\\/soulmade-tours.eu\\\/#organization\",\"name\":\"SOULMADE TOURS gef\u00fchrte Motorradtouren\",\"url\":\"https:\\\/\\\/soulmade-tours.eu\\\/\",\"logo\":{\"@type\":\"ImageObject\",\"inLanguage\":\"en-US\",\"@id\":\"https:\\\/\\\/soulmade-tours.eu\\\/#\\\/schema\\\/logo\\\/image\\\/\",\"url\":\"https:\\\/\\\/soulmade-tours.eu\\\/wp-content\\\/uploads\\\/2022\\\/10\\\/cropped-512er_logo_soulmade_tours-Kopie-2.png\",\"contentUrl\":\"https:\\\/\\\/soulmade-tours.eu\\\/wp-content\\\/uploads\\\/2022\\\/10\\\/cropped-512er_logo_soulmade_tours-Kopie-2.png\",\"width\":512,\"height\":512,\"caption\":\"SOULMADE TOURS gef\u00fchrte Motorradtouren\"},\"image\":{\"@id\":\"https:\\\/\\\/soulmade-tours.eu\\\/#\\\/schema\\\/logo\\\/image\\\/\"}}]}<\/script>\n<!-- \/ Yoast SEO plugin. -->","yoast_head_json":{"title":"Einzel-Individual-Training: - SOULMADE TOURS","robots":{"index":"index","follow":"follow","max-snippet":"max-snippet:-1","max-image-preview":"max-image-preview:large","max-video-preview":"max-video-preview:-1"},"canonical":"https:\/\/soulmade-tours.eu\/einzel-individual-training\/","og_locale":"en_US","og_type":"article","og_title":"Einzel-Individual-Training: - SOULMADE TOURS","og_url":"https:\/\/soulmade-tours.eu\/einzel-individual-training\/","og_site_name":"SOULMADE TOURS","article_modified_time":"2026-02-26T13:42:49+00:00","og_image":[{"width":2560,"height":1920,"url":"https:\/\/soulmade-tours.eu\/wp-content\/uploads\/2026\/02\/dji_fly_20240804_133844_973_1722698336888_photo-scaled.jpg","type":"image\/jpeg"}],"twitter_card":"summary_large_image","twitter_misc":{"Est. reading time":"2 minutes"},"schema":{"@context":"https:\/\/schema.org","@graph":[{"@type":"WebPage","@id":"https:\/\/soulmade-tours.eu\/einzel-individual-training\/","url":"https:\/\/soulmade-tours.eu\/einzel-individual-training\/","name":"Einzel-Individual-Training: - SOULMADE TOURS","isPartOf":{"@id":"https:\/\/soulmade-tours.eu\/#website"},"primaryImageOfPage":{"@id":"https:\/\/soulmade-tours.eu\/einzel-individual-training\/#primaryimage"},"image":{"@id":"https:\/\/soulmade-tours.eu\/einzel-individual-training\/#primaryimage"},"thumbnailUrl":"https:\/\/soulmade-tours.eu\/wp-content\/uploads\/2026\/02\/dji_fly_20240804_133844_973_1722698336888_photo-scaled-e1773579749424.jpg","datePublished":"2026-01-08T13:24:00+00:00","dateModified":"2026-02-26T13:42:49+00:00","breadcrumb":{"@id":"https:\/\/soulmade-tours.eu\/einzel-individual-training\/#breadcrumb"},"inLanguage":"en-US","potentialAction":[{"@type":"ReadAction","target":["https:\/\/soulmade-tours.eu\/einzel-individual-training\/"]}]},{"@type":"ImageObject","inLanguage":"en-US","@id":"https:\/\/soulmade-tours.eu\/einzel-individual-training\/#primaryimage","url":"https:\/\/soulmade-tours.eu\/wp-content\/uploads\/2026\/02\/dji_fly_20240804_133844_973_1722698336888_photo-scaled-e1773579749424.jpg","contentUrl":"https:\/\/soulmade-tours.eu\/wp-content\/uploads\/2026\/02\/dji_fly_20240804_133844_973_1722698336888_photo-scaled-e1773579749424.jpg","width":2560,"height":1442},{"@type":"BreadcrumbList","@id":"https:\/\/soulmade-tours.eu\/einzel-individual-training\/#breadcrumb","itemListElement":[{"@type":"ListItem","position":1,"name":"Startseite","item":"https:\/\/soulmade-tours.eu\/"},{"@type":"ListItem","position":2,"name":"Einzel-Individual-Training:"}]},{"@type":"WebSite","@id":"https:\/\/soulmade-tours.eu\/#website","url":"https:\/\/soulmade-tours.eu\/","name":"SOULMADE TOURS gef\u00fchrte Motorradtouren","description":"Gef\u00fchrte Motorradtouren mit K\u00f6rper, Geist &amp; Seele","publisher":{"@id":"https:\/\/soulmade-tours.eu\/#organization"},"potentialAction":[{"@type":"SearchAction","target":{"@type":"EntryPoint","urlTemplate":"https:\/\/soulmade-tours.eu\/?s={search_term_string}"},"query-input":{"@type":"PropertyValueSpecification","valueRequired":true,"valueName":"search_term_string"}}],"inLanguage":"en-US"},{"@type":"Organization","@id":"https:\/\/soulmade-tours.eu\/#organization","name":"SOULMADE TOURS gef\u00fchrte Motorradtouren","url":"https:\/\/soulmade-tours.eu\/","logo":{"@type":"ImageObject","inLanguage":"en-US","@id":"https:\/\/soulmade-tours.eu\/#\/schema\/logo\/image\/","url":"https:\/\/soulmade-tours.eu\/wp-content\/uploads\/2022\/10\/cropped-512er_logo_soulmade_tours-Kopie-2.png","contentUrl":"https:\/\/soulmade-tours.eu\/wp-content\/uploads\/2022\/10\/cropped-512er_logo_soulmade_tours-Kopie-2.png","width":512,"height":512,"caption":"SOULMADE TOURS gef\u00fchrte Motorradtouren"},"image":{"@id":"https:\/\/soulmade-tours.eu\/#\/schema\/logo\/image\/"}}]}},"_links":{"self":[{"href":"https:\/\/soulmade-tours.eu\/en\/wp-json\/wp\/v2\/pages\/1322","targetHints":{"allow":["GET"]}}],"collection":[{"href":"https:\/\/soulmade-tours.eu\/en\/wp-json\/wp\/v2\/pages"}],"about":[{"href":"https:\/\/soulmade-tours.eu\/en\/wp-json\/wp\/v2\/types\/page"}],"author":[{"embeddable":true,"href":"https:\/\/soulmade-tours.eu\/en\/wp-json\/wp\/v2\/users\/5"}],"replies":[{"embeddable":true,"href":"https:\/\/soulmade-tours.eu\/en\/wp-json\/wp\/v2\/comments?post=1322"}],"version-history":[{"count":5,"href":"https:\/\/soulmade-tours.eu\/en\/wp-json\/wp\/v2\/pages\/1322\/revisions"}],"predecessor-version":[{"id":1334,"href":"https:\/\/soulmade-tours.eu\/en\/wp-json\/wp\/v2\/pages\/1322\/revisions\/1334"}],"wp:featuredmedia":[{"embeddable":true,"href":"https:\/\/soulmade-tours.eu\/en\/wp-json\/wp\/v2\/media\/1331"}],"wp:attachment":[{"href":"https:\/\/soulmade-tours.eu\/en\/wp-json\/wp\/v2\/media?parent=1322"}],"curies":[{"name":"wp","href":"https:\/\/api.w.org\/{rel}","templated":true}]}}