{"id":1338,"date":"2026-02-28T18:48:36","date_gmt":"2026-02-28T17:48:36","guid":{"rendered":"https:\/\/soulmade-tours.eu\/kundenkonto\/"},"modified":"2026-02-28T18:48:36","modified_gmt":"2026-02-28T17:48:36","slug":"kundenkonto","status":"publish","type":"page","link":"https:\/\/soulmade-tours.eu\/en\/kundenkonto\/","title":{"rendered":"Kundenkonto"},"content":{"rendered":"<div class=\"wp-block-latepoint-customer-dashboard\">Customer Dashboard<\/div>","protected":false},"excerpt":{"rendered":"","protected":false},"author":1,"featured_media":0,"parent":0,"menu_order":0,"comment_status":"closed","ping_status":"closed","template":"","meta":{"_price":"","_stock":"","_tribe_ticket_header":"","_tribe_default_ticket_provider":"","_tribe_ticket_capacity":"","_ticket_start_date":"","_ticket_end_date":"","_tribe_ticket_show_description":"","_tribe_ticket_show_not_going":false,"_tribe_ticket_use_global_stock":"","_tribe_ticket_global_stock_level":"","_global_stock_mode":"","_global_stock_cap":"","_tribe_rsvp_for_event":"","_tribe_ticket_going_count":"","_tribe_ticket_not_going_count":"","_tribe_tickets_list":"[]","_tribe_ticket_has_attendee_info_fields":false,"footnotes":""},"class_list":["post-1338","page","type-page","status-publish","hentry","post"],"translation":{"provider":"WPGlobus","version":"3.0.2","language":"en","enabled_languages":["de","en"],"languages":{"de":{"title":true,"content":true,"excerpt":false},"en":{"title":false,"content":false,"excerpt":false}}},"yoast_head":"<!-- This site is optimized with the Yoast SEO plugin v27.3 - https:\/\/yoast.com\/product\/yoast-seo-wordpress\/ -->\n<title>Kundenkonto - SOULMADE TOURS<\/title>\n<meta name=\"robots\" content=\"index, follow, max-snippet:-1, max-image-preview:large, max-video-preview:-1\" \/>\n<link rel=\"canonical\" href=\"https:\/\/soulmade-tours.eu\/kundenkonto\/\" \/>\n<meta property=\"og:locale\" content=\"en_US\" \/>\n<meta property=\"og:type\" content=\"article\" \/>\n<meta property=\"og:title\" content=\"Kundenkonto - SOULMADE TOURS\" \/>\n<meta property=\"og:url\" content=\"https:\/\/soulmade-tours.eu\/kundenkonto\/\" \/>\n<meta property=\"og:site_name\" content=\"SOULMADE TOURS\" \/>\n<meta name=\"twitter:card\" content=\"summary_large_image\" \/>\n<script type=\"application\/ld+json\" class=\"yoast-schema-graph\">{\"@context\":\"https:\\\/\\\/schema.org\",\"@graph\":[{\"@type\":\"WebPage\",\"@id\":\"https:\\\/\\\/soulmade-tours.eu\\\/kundenkonto\\\/\",\"url\":\"https:\\\/\\\/soulmade-tours.eu\\\/kundenkonto\\\/\",\"name\":\"Kundenkonto - SOULMADE TOURS\",\"isPartOf\":{\"@id\":\"https:\\\/\\\/soulmade-tours.eu\\\/#website\"},\"datePublished\":\"2026-02-28T17:48:36+00:00\",\"breadcrumb\":{\"@id\":\"https:\\\/\\\/soulmade-tours.eu\\\/kundenkonto\\\/#breadcrumb\"},\"inLanguage\":\"en-US\",\"potentialAction\":[{\"@type\":\"ReadAction\",\"target\":[\"https:\\\/\\\/soulmade-tours.eu\\\/kundenkonto\\\/\"]}]},{\"@type\":\"BreadcrumbList\",\"@id\":\"https:\\\/\\\/soulmade-tours.eu\\\/kundenkonto\\\/#breadcrumb\",\"itemListElement\":[{\"@type\":\"ListItem\",\"position\":1,\"name\":\"Startseite\",\"item\":\"https:\\\/\\\/soulmade-tours.eu\\\/\"},{\"@type\":\"ListItem\",\"position\":2,\"name\":\"Kundenkonto\"}]},{\"@type\":\"WebSite\",\"@id\":\"https:\\\/\\\/soulmade-tours.eu\\\/#website\",\"url\":\"https:\\\/\\\/soulmade-tours.eu\\\/\",\"name\":\"SOULMADE TOURS gef\u00fchrte Motorradtouren\",\"description\":\"Gef\u00fchrte Motorradtouren mit K\u00f6rper, Geist &amp; Seele\",\"publisher\":{\"@id\":\"https:\\\/\\\/soulmade-tours.eu\\\/#organization\"},\"potentialAction\":[{\"@type\":\"SearchAction\",\"target\":{\"@type\":\"EntryPoint\",\"urlTemplate\":\"https:\\\/\\\/soulmade-tours.eu\\\/?s={search_term_string}\"},\"query-input\":{\"@type\":\"PropertyValueSpecification\",\"valueRequired\":true,\"valueName\":\"search_term_string\"}}],\"inLanguage\":\"en-US\"},{\"@type\":\"Organization\",\"@id\":\"https:\\\/\\\/soulmade-tours.eu\\\/#organization\",\"name\":\"SOULMADE TOURS gef\u00fchrte Motorradtouren\",\"url\":\"https:\\\/\\\/soulmade-tours.eu\\\/\",\"logo\":{\"@type\":\"ImageObject\",\"inLanguage\":\"en-US\",\"@id\":\"https:\\\/\\\/soulmade-tours.eu\\\/#\\\/schema\\\/logo\\\/image\\\/\",\"url\":\"https:\\\/\\\/soulmade-tours.eu\\\/wp-content\\\/uploads\\\/2022\\\/10\\\/cropped-512er_logo_soulmade_tours-Kopie-2.png\",\"contentUrl\":\"https:\\\/\\\/soulmade-tours.eu\\\/wp-content\\\/uploads\\\/2022\\\/10\\\/cropped-512er_logo_soulmade_tours-Kopie-2.png\",\"width\":512,\"height\":512,\"caption\":\"SOULMADE TOURS gef\u00fchrte Motorradtouren\"},\"image\":{\"@id\":\"https:\\\/\\\/soulmade-tours.eu\\\/#\\\/schema\\\/logo\\\/image\\\/\"}}]}<\/script>\n<!-- \/ Yoast SEO plugin. -->","yoast_head_json":{"title":"Kundenkonto - SOULMADE TOURS","robots":{"index":"index","follow":"follow","max-snippet":"max-snippet:-1","max-image-preview":"max-image-preview:large","max-video-preview":"max-video-preview:-1"},"canonical":"https:\/\/soulmade-tours.eu\/kundenkonto\/","og_locale":"en_US","og_type":"article","og_title":"Kundenkonto - SOULMADE TOURS","og_url":"https:\/\/soulmade-tours.eu\/kundenkonto\/","og_site_name":"SOULMADE TOURS","twitter_card":"summary_large_image","schema":{"@context":"https:\/\/schema.org","@graph":[{"@type":"WebPage","@id":"https:\/\/soulmade-tours.eu\/kundenkonto\/","url":"https:\/\/soulmade-tours.eu\/kundenkonto\/","name":"Kundenkonto - SOULMADE TOURS","isPartOf":{"@id":"https:\/\/soulmade-tours.eu\/#website"},"datePublished":"2026-02-28T17:48:36+00:00","breadcrumb":{"@id":"https:\/\/soulmade-tours.eu\/kundenkonto\/#breadcrumb"},"inLanguage":"en-US","potentialAction":[{"@type":"ReadAction","target":["https:\/\/soulmade-tours.eu\/kundenkonto\/"]}]},{"@type":"BreadcrumbList","@id":"https:\/\/soulmade-tours.eu\/kundenkonto\/#breadcrumb","itemListElement":[{"@type":"ListItem","position":1,"name":"Startseite","item":"https:\/\/soulmade-tours.eu\/"},{"@type":"ListItem","position":2,"name":"Kundenkonto"}]},{"@type":"WebSite","@id":"https:\/\/soulmade-tours.eu\/#website","url":"https:\/\/soulmade-tours.eu\/","name":"SOULMADE TOURS gef\u00fchrte Motorradtouren","description":"Gef\u00fchrte Motorradtouren mit K\u00f6rper, Geist &amp; Seele","publisher":{"@id":"https:\/\/soulmade-tours.eu\/#organization"},"potentialAction":[{"@type":"SearchAction","target":{"@type":"EntryPoint","urlTemplate":"https:\/\/soulmade-tours.eu\/?s={search_term_string}"},"query-input":{"@type":"PropertyValueSpecification","valueRequired":true,"valueName":"search_term_string"}}],"inLanguage":"en-US"},{"@type":"Organization","@id":"https:\/\/soulmade-tours.eu\/#organization","name":"SOULMADE TOURS gef\u00fchrte Motorradtouren","url":"https:\/\/soulmade-tours.eu\/","logo":{"@type":"ImageObject","inLanguage":"en-US","@id":"https:\/\/soulmade-tours.eu\/#\/schema\/logo\/image\/","url":"https:\/\/soulmade-tours.eu\/wp-content\/uploads\/2022\/10\/cropped-512er_logo_soulmade_tours-Kopie-2.png","contentUrl":"https:\/\/soulmade-tours.eu\/wp-content\/uploads\/2022\/10\/cropped-512er_logo_soulmade_tours-Kopie-2.png","width":512,"height":512,"caption":"SOULMADE TOURS gef\u00fchrte Motorradtouren"},"image":{"@id":"https:\/\/soulmade-tours.eu\/#\/schema\/logo\/image\/"}}]}},"_links":{"self":[{"href":"https:\/\/soulmade-tours.eu\/en\/wp-json\/wp\/v2\/pages\/1338","targetHints":{"allow":["GET"]}}],"collection":[{"href":"https:\/\/soulmade-tours.eu\/en\/wp-json\/wp\/v2\/pages"}],"about":[{"href":"https:\/\/soulmade-tours.eu\/en\/wp-json\/wp\/v2\/types\/page"}],"author":[{"embeddable":true,"href":"https:\/\/soulmade-tours.eu\/en\/wp-json\/wp\/v2\/users\/1"}],"replies":[{"embeddable":true,"href":"https:\/\/soulmade-tours.eu\/en\/wp-json\/wp\/v2\/comments?post=1338"}],"version-history":[{"count":0,"href":"https:\/\/soulmade-tours.eu\/en\/wp-json\/wp\/v2\/pages\/1338\/revisions"}],"wp:attachment":[{"href":"https:\/\/soulmade-tours.eu\/en\/wp-json\/wp\/v2\/media?parent=1338"}],"curies":[{"name":"wp","href":"https:\/\/api.w.org\/{rel}","templated":true}]}}