{"id":177,"date":"2023-02-01T11:12:27","date_gmt":"2023-02-01T10:12:27","guid":{"rendered":"https:\/\/soulmade-tours.eu\/?page_id=177"},"modified":"2025-02-18T13:23:13","modified_gmt":"2025-02-18T12:23:13","slug":"privattouren","status":"publish","type":"page","link":"https:\/\/soulmade-tours.eu\/en\/privattouren\/","title":{"rendered":"Private Tours"},"content":{"rendered":"<div class=\"n2_clear\"><ss3-force-full-width data-overflow-x=\"body\" data-horizontal-selector=\"body\"><div class=\"n2-section-smartslider fitvidsignore  n2_clear\" data-ssid=\"10\" tabindex=\"0\" role=\"region\" aria-label=\"Slider\"><div id=\"n2-ss-10-align\" class=\"n2-ss-align\"><div class=\"n2-padding\"><div id=\"n2-ss-10\" data-creator=\"Smart Slider 3\" data-responsive=\"fullwidth\" class=\"n2-ss-slider n2-ow n2-has-hover n2notransition  \"><div class=\"n2-ss-slider-wrapper-inside\">\n        <div class=\"n2-ss-slider-1 n2_ss__touch_element n2-ow\">\n            <div class=\"n2-ss-slider-2 n2-ow\">\n                                                <div class=\"n2-ss-slider-3 n2-ow\">\n\n                    <div class=\"n2-ss-static-slide n2-ow\"><div class=\"n2-ss-layer n2-ow n-uc-1BAFD5DDHCOF\" data-sstype=\"slide\" data-pm=\"default\"><div class=\"n2-ss-layer n2-ow n-uc-7qBooweVKu4u\" data-pm=\"default\" data-sstype=\"content\" data-hasbackground=\"0\"><div class=\"n2-ss-section-main-content n2-ss-layer-with-background n2-ss-layer-content n2-ow n-uc-7qBooweVKu4u-inner\"><div class=\"n2-ss-layer n2-ow n2-ss-layer--block n2-ss-has-self-align n2-ss-stretch-layer n-uc-xLOOS4ZqmBbC\" data-pm=\"normal\" data-sstype=\"row\"><div class=\"n2-ss-layer-row n2-ss-layer-with-background n-uc-xLOOS4ZqmBbC-inner\"><div class=\"n2-ss-layer-row-inner \"><div class=\"n2-ss-layer n2-ow n-uc-P80sprLxB7mx\" style=\"z-index:0;\" data-pm=\"default\" data-sstype=\"col\"><div class=\"n2-ss-layer-col n2-ss-layer-with-background n2-ss-layer-content n-uc-P80sprLxB7mx-inner\"><div class=\"n2-ss-layer n2-ow n-uc-lkvgqVqI7So1\" data-pm=\"normal\" data-sstype=\"layer\" id=\"nW9NAcu6s2ZyI\"><h1 id=\"n2-ss-10item1\" class=\"n2-font-ca4f0dc2688b8b25d82d4b8f44e8fbf5-hover   n2-ss-item-content n2-ss-text n2-ow\" style=\"display:block;\">Guided motorbike trips <\/h1><\/div><div class=\"n2-ss-layer n2-ow n-uc-HYhJERZ6Q9d9\" style=\"overflow:hidden;\" data-pm=\"normal\" data-animv2=\"{&quot;specialZero&quot;:0,&quot;basic&quot;:{&quot;in&quot;:{&quot;keyFrames&quot;:[{&quot;delay&quot;:1.6,&quot;opacity&quot;:0,&quot;y&quot;:&quot;20&quot;}]}}}\" data-sstype=\"layer\" id=\"nnf6d1JdI3dV7\" data-animatableselector=\".n2-ss-layer-mask\"><div class=\"n2-ss-layer-mask n2-ss-layer-wrapper\"><div id=\"n2-ss-10item2\" class=\"n2-font-4593ec02d9cbee39b2117cd4c5e38d4e-hover   n2-ss-item-content n2-ss-text n2-ow\" style=\"display:block;\">for body, mind and soul<\/div><\/div><\/div><\/div><\/div><\/div><\/div><\/div><\/div><\/div><\/div><\/div><div class=\"n2-ss-slide-backgrounds n2-ow-all\"><div class=\"n2-ss-slide-background\" data-public-id=\"1\" data-mode=\"fill\"><div class=\"n2-ss-slide-background-image\" data-blur=\"0\" data-opacity=\"100\" data-x=\"50\" data-y=\"78\" data-alt=\"\" data-title=\"\" style=\"--ss-o-pos-y:78%\"><picture class=\"skip-lazy\" data-skip-lazy=\"1\"><source srcset=\"\/\/soulmade-tours.eu\/wp-content\/uploads\/slider\/cache\/594bee7968a1d9b0b97ce446990cd8f2\/soulmade_header-Kopie-scaled.webp\" type=\"image\/webp\" media=\"(max-width: 500px)\" class=\"skip-lazy\" data-skip-lazy=\"1\"><source srcset=\"\/\/soulmade-tours.eu\/wp-content\/uploads\/slider\/cache\/32da45540f6e4303199df488d43c5c04\/soulmade_header-Kopie-scaled.webp\" type=\"image\/webp\" media=\"(max-width: 1200px)\" class=\"skip-lazy\" data-skip-lazy=\"1\"><source srcset=\"\/\/soulmade-tours.eu\/wp-content\/uploads\/slider\/cache\/8f9a857b7e4927003b76e62f77d84801\/soulmade_header-Kopie-scaled.webp\" type=\"image\/webp\" class=\"skip-lazy\" data-skip-lazy=\"1\"><img decoding=\"async\" src=\"\/\/soulmade-tours.eu\/wp-content\/uploads\/slider\/cache\/9ef2ff20142b7f49849563712ecd86e4\/soulmade_header-Kopie-scaled.jpg\" alt=\"\" title=\"\" loading=\"lazy\" class=\"skip-lazy\" data-skip-lazy=\"1\"><\/picture><\/div><div data-color=\"RGBA(0,0,0,0.41)\" style=\"background-color: RGBA(0,0,0,0.41);\" class=\"n2-ss-slide-background-color\"><\/div><\/div><div class=\"n2-ss-slide-background\" data-public-id=\"2\" data-mode=\"fill\" aria-hidden=\"true\"><div class=\"n2-ss-slide-background-image\" data-blur=\"0\" data-opacity=\"100\" data-x=\"50\" data-y=\"78\" data-alt=\"\" data-title=\"\" style=\"--ss-o-pos-y:78%\"><picture class=\"skip-lazy\" data-skip-lazy=\"1\"><source srcset=\"\/\/soulmade-tours.eu\/wp-content\/uploads\/slider\/cache\/594bee7968a1d9b0b97ce446990cd8f2\/soulmade_header-Kopie-scaled.webp\" type=\"image\/webp\" media=\"(max-width: 500px)\" class=\"skip-lazy\" data-skip-lazy=\"1\"><source srcset=\"\/\/soulmade-tours.eu\/wp-content\/uploads\/slider\/cache\/32da45540f6e4303199df488d43c5c04\/soulmade_header-Kopie-scaled.webp\" type=\"image\/webp\" media=\"(max-width: 1200px)\" class=\"skip-lazy\" data-skip-lazy=\"1\"><source srcset=\"\/\/soulmade-tours.eu\/wp-content\/uploads\/slider\/cache\/8f9a857b7e4927003b76e62f77d84801\/soulmade_header-Kopie-scaled.webp\" type=\"image\/webp\" class=\"skip-lazy\" data-skip-lazy=\"1\"><img decoding=\"async\" src=\"\/\/soulmade-tours.eu\/wp-content\/uploads\/slider\/cache\/9ef2ff20142b7f49849563712ecd86e4\/soulmade_header-Kopie-scaled.jpg\" alt=\"\" title=\"\" loading=\"lazy\" class=\"skip-lazy\" data-skip-lazy=\"1\"><\/picture><\/div><div data-color=\"RGBA(0,0,0,0.41)\" style=\"background-color: RGBA(0,0,0,0.41);\" class=\"n2-ss-slide-background-color\"><\/div><\/div><\/div>                    <div class=\"n2-ss-slider-4 n2-ow\">\n                        <svg xmlns=\"http:\/\/www.w3.org\/2000\/svg\" viewBox=\"0 0 1200 300\" data-related-device=\"desktopPortrait\" class=\"n2-ow n2-ss-preserve-size n2-ss-preserve-size--slider n2-ss-slide-limiter\"><\/svg><svg xmlns=\"http:\/\/www.w3.org\/2000\/svg\" viewBox=\"0 0 400 250\" data-related-device=\"mobilePortrait\" class=\"n2-ow n2-ss-preserve-size n2-ss-preserve-size--slider n2-ss-slide-limiter\"><\/svg><div data-first=\"1\" data-slide-duration=\"0\" data-id=\"37\" data-slide-public-id=\"1\" data-title=\"Slide 1\" class=\"n2-ss-slide n2-ow  n2-ss-slide-37\"><div role=\"note\" class=\"n2-ss-slide--focus\" tabindex=\"-1\">Slide 1<\/div><div class=\"n2-ss-layers-container n2-ss-slide-limiter n2-ow\"><div class=\"n2-ss-layer n2-ow n-uc-wA9gidKZf4Pr\" data-sstype=\"slide\" data-pm=\"default\"><\/div><\/div><\/div><div data-slide-duration=\"0\" data-id=\"38\" data-slide-public-id=\"2\" aria-hidden=\"true\" data-title=\"Slide 1\" class=\"n2-ss-slide n2-ow  n2-ss-slide-38\"><div role=\"note\" class=\"n2-ss-slide--focus\" tabindex=\"-1\">Slide 1<\/div><div class=\"n2-ss-layers-container n2-ss-slide-limiter n2-ow\"><div class=\"n2-ss-layer n2-ow n-uc-WNSG8aeKjhFC\" data-sstype=\"slide\" data-pm=\"default\"><\/div><\/div><\/div>                    <\/div>\n\n                    <div id=\"n2-ss-10-shape-divider-bottom\" class=\"n2-ss-shape-divider n2-ss-shape-divider-bottom\" data-ss-sd-animate=\"1\" data-ss-sd-scroll=\"0\" data-ss-sd-speed=\"100\" data-ss-sd-side=\"bottom\" aria-hidden=\"true\"><div class=\"n2-ss-shape-divider-inner\"><svg xmlns=\"http:\/\/www.w3.org\/2000\/svg\" viewBox=\"0 0 1920 110\" preserveAspectRatio=\"none\"> <path fill=\"RGBA(221,153,51,1)\" duration=\"1\" delay=\"0.2\" d=\"M1920,110L1920,100C960,100,960,100,960,100C920,100,0,100,0,100L0,112L1920,112z\" to-d=\"M1920,110L1920,0C1920,0,1000,70,960,70C920,70,0,0,0,0L0,112L1920,112z\" ><\/path> <path fill=\"RGBA(255,255,255,1)\" duration=\"1\" d=\"M1920,110L1920,100C960,100,960,100,960,100C0,100,0,100,0,100L0,112L1920,112z\" to-d=\"M1920,110L1920,30C1920,30,1000,100,960,100C920,100,0,30,0,30L0,112L1920,112z\" ><\/path><\/svg><\/div><\/div>                <\/div>\n            <\/div>\n        <\/div>\n        <div class=\"n2-ss-slider-controls n2-ss-slider-controls-absolute-center-top\"><div class=\"n2-ss-widget nextend-indicator nextend-indicator-stripe n2-ow-all\" style=\"background-color:RGBA(0,0,0,0);width:100%;\"><div class=\"nextend-indicator-track\" style=\"height: 4px;background-color:RGBA(255,255,255,0.18);\"><\/div><\/div><\/div><\/div><\/div><ss3-loader><\/ss3-loader><\/div><\/div><div class=\"n2_clear\"><\/div><\/div><\/ss3-force-full-width><\/div>\r\n\r\n\r\n<p>Time is precious \u2013 but the ability to make one\u2019s own hours and create special moments is a true privilege in our increasingly hectic world.<\/p>\r\n\r\n\r\n\r\n<p>With a private tour, you are the captain. You decide the destination of the journey, who you bring along and how long your customized trip on the motorbike lasts. We\u2019ll accompany you, work out the route and take care of the rest. On your own, with loved ones or surrounded by friends, you\u2019ll get the desired break that you deserve.<\/p>\r\n\r\n\r\n\r\n<p>Planning an individual and unforgettable motorcycle trip can be an exciting adventure! Whether you have a small or large budget, there are many ways to make your dream trip come true.<\/p>\r\n\r\n\r\n\r\n<p><strong>Contact:<\/strong><br \/>SOULMADE TOURS &#8211; Werner Hall<br \/><a href=\"mailto:info@soulmade-tours.eu\">info@soulmade-tours.eu<\/a><br \/>Hotline: +49 89 245 98 007<\/p>\r\n","protected":false},"excerpt":{"rendered":"<p>Time is precious \u2013 but the ability to make one\u2019s own hours and create special moments is a true privilege in our increasingly hectic world. With a private tour, you are the captain. You decide the destination of the journey, [&hellip;]<\/p>\n","protected":false},"author":1,"featured_media":0,"parent":0,"menu_order":0,"comment_status":"closed","ping_status":"closed","template":"","meta":{"_price":"","_stock":"","_tribe_ticket_header":"","_tribe_default_ticket_provider":"","_tribe_ticket_capacity":"","_ticket_start_date":"","_ticket_end_date":"","_tribe_ticket_show_description":"","_tribe_ticket_show_not_going":false,"_tribe_ticket_use_global_stock":"","_tribe_ticket_global_stock_level":"","_global_stock_mode":"","_global_stock_cap":"","_tribe_rsvp_for_event":"","_tribe_ticket_going_count":"","_tribe_ticket_not_going_count":"","_tribe_tickets_list":"[]","_tribe_ticket_has_attendee_info_fields":false,"footnotes":""},"class_list":["post-177","page","type-page","status-publish","hentry","post"],"translation":{"provider":"WPGlobus","version":"3.0.2","language":"en","enabled_languages":["de","en"],"languages":{"de":{"title":true,"content":true,"excerpt":false},"en":{"title":true,"content":true,"excerpt":false}}},"yoast_head":"<!-- This site is optimized with the Yoast SEO plugin v27.4 - https:\/\/yoast.com\/product\/yoast-seo-wordpress\/ -->\n<title>Private Tours - SOULMADE TOURS<\/title>\n<meta name=\"robots\" content=\"index, follow, max-snippet:-1, max-image-preview:large, max-video-preview:-1\" \/>\n<link rel=\"canonical\" href=\"https:\/\/soulmade-tours.eu\/privattouren\/\" \/>\n<meta property=\"og:locale\" content=\"en_US\" \/>\n<meta property=\"og:type\" content=\"article\" \/>\n<meta property=\"og:title\" content=\"Gef\u00fchrte Motorradtouren in Deutschland, Europa und dem Rest der Welt.\" \/>\n<meta property=\"og:url\" content=\"https:\/\/soulmade-tours.eu\/privattouren\/\" \/>\n<meta property=\"og:site_name\" content=\"SOULMADE TOURS\" \/>\n<meta property=\"article:modified_time\" content=\"2025-02-18T12:23:13+00:00\" \/>\n<meta property=\"og:image\" content=\"https:\/\/soulmade-tours.eu\/wp-content\/uploads\/2023\/03\/social_img-1024x575.jpeg\" \/>\n\t<meta property=\"og:image:width\" content=\"2066\" \/>\n\t<meta property=\"og:image:height\" content=\"1160\" \/>\n\t<meta property=\"og:image:type\" content=\"image\/jpeg\" \/>\n<meta name=\"twitter:card\" content=\"summary_large_image\" \/>\n<meta name=\"twitter:title\" content=\"Gef\u00fchrte Motorradtouren in Deutschland, Europa und dem Rest der Welt.\" \/>\n<meta name=\"twitter:image\" content=\"https:\/\/soulmade-tours.eu\/wp-content\/uploads\/2023\/03\/social_img-1024x575.jpeg\" \/>\n<meta name=\"twitter:label1\" content=\"Est. reading time\" \/>\n\t<meta name=\"twitter:data1\" content=\"1 minute\" \/>\n<script type=\"application\/ld+json\" class=\"yoast-schema-graph\">{\"@context\":\"https:\\\/\\\/schema.org\",\"@graph\":[{\"@type\":\"WebPage\",\"@id\":\"https:\\\/\\\/soulmade-tours.eu\\\/privattouren\\\/\",\"url\":\"https:\\\/\\\/soulmade-tours.eu\\\/privattouren\\\/\",\"name\":\"Private Tours - SOULMADE TOURS\",\"isPartOf\":{\"@id\":\"https:\\\/\\\/soulmade-tours.eu\\\/#website\"},\"datePublished\":\"2023-02-01T10:12:27+00:00\",\"dateModified\":\"2025-02-18T12:23:13+00:00\",\"breadcrumb\":{\"@id\":\"https:\\\/\\\/soulmade-tours.eu\\\/privattouren\\\/#breadcrumb\"},\"inLanguage\":\"en-US\",\"potentialAction\":[{\"@type\":\"ReadAction\",\"target\":[\"https:\\\/\\\/soulmade-tours.eu\\\/privattouren\\\/\"]}]},{\"@type\":\"BreadcrumbList\",\"@id\":\"https:\\\/\\\/soulmade-tours.eu\\\/privattouren\\\/#breadcrumb\",\"itemListElement\":[{\"@type\":\"ListItem\",\"position\":1,\"name\":\"Startseite\",\"item\":\"https:\\\/\\\/soulmade-tours.eu\\\/\"},{\"@type\":\"ListItem\",\"position\":2,\"name\":\"Privattouren\"}]},{\"@type\":\"WebSite\",\"@id\":\"https:\\\/\\\/soulmade-tours.eu\\\/#website\",\"url\":\"https:\\\/\\\/soulmade-tours.eu\\\/\",\"name\":\"SOULMADE TOURS gef\u00fchrte Motorradtouren\",\"description\":\"Gef\u00fchrte Motorradtouren mit K\u00f6rper, Geist &amp; Seele\",\"publisher\":{\"@id\":\"https:\\\/\\\/soulmade-tours.eu\\\/#organization\"},\"potentialAction\":[{\"@type\":\"SearchAction\",\"target\":{\"@type\":\"EntryPoint\",\"urlTemplate\":\"https:\\\/\\\/soulmade-tours.eu\\\/?s={search_term_string}\"},\"query-input\":{\"@type\":\"PropertyValueSpecification\",\"valueRequired\":true,\"valueName\":\"search_term_string\"}}],\"inLanguage\":\"en-US\"},{\"@type\":\"Organization\",\"@id\":\"https:\\\/\\\/soulmade-tours.eu\\\/#organization\",\"name\":\"SOULMADE TOURS gef\u00fchrte Motorradtouren\",\"url\":\"https:\\\/\\\/soulmade-tours.eu\\\/\",\"logo\":{\"@type\":\"ImageObject\",\"inLanguage\":\"en-US\",\"@id\":\"https:\\\/\\\/soulmade-tours.eu\\\/#\\\/schema\\\/logo\\\/image\\\/\",\"url\":\"https:\\\/\\\/soulmade-tours.eu\\\/wp-content\\\/uploads\\\/2022\\\/10\\\/cropped-512er_logo_soulmade_tours-Kopie-2.png\",\"contentUrl\":\"https:\\\/\\\/soulmade-tours.eu\\\/wp-content\\\/uploads\\\/2022\\\/10\\\/cropped-512er_logo_soulmade_tours-Kopie-2.png\",\"width\":512,\"height\":512,\"caption\":\"SOULMADE TOURS gef\u00fchrte Motorradtouren\"},\"image\":{\"@id\":\"https:\\\/\\\/soulmade-tours.eu\\\/#\\\/schema\\\/logo\\\/image\\\/\"}}]}<\/script>\n<!-- \/ Yoast SEO plugin. -->","yoast_head_json":{"title":"Private Tours - SOULMADE TOURS","robots":{"index":"index","follow":"follow","max-snippet":"max-snippet:-1","max-image-preview":"max-image-preview:large","max-video-preview":"max-video-preview:-1"},"canonical":"https:\/\/soulmade-tours.eu\/privattouren\/","og_locale":"en_US","og_type":"article","og_title":"Gef\u00fchrte Motorradtouren in Deutschland, Europa und dem Rest der Welt.","og_url":"https:\/\/soulmade-tours.eu\/privattouren\/","og_site_name":"SOULMADE TOURS","article_modified_time":"2025-02-18T12:23:13+00:00","og_image":[{"width":2066,"height":1160,"url":"https:\/\/soulmade-tours.eu\/wp-content\/uploads\/2023\/03\/social_img-1024x575.jpeg","type":"image\/jpeg"}],"twitter_card":"summary_large_image","twitter_title":"Gef\u00fchrte Motorradtouren in Deutschland, Europa und dem Rest der Welt.","twitter_image":"https:\/\/soulmade-tours.eu\/wp-content\/uploads\/2023\/03\/social_img-1024x575.jpeg","twitter_misc":{"Est. reading time":"1 minute"},"schema":{"@context":"https:\/\/schema.org","@graph":[{"@type":"WebPage","@id":"https:\/\/soulmade-tours.eu\/privattouren\/","url":"https:\/\/soulmade-tours.eu\/privattouren\/","name":"Private Tours - SOULMADE TOURS","isPartOf":{"@id":"https:\/\/soulmade-tours.eu\/#website"},"datePublished":"2023-02-01T10:12:27+00:00","dateModified":"2025-02-18T12:23:13+00:00","breadcrumb":{"@id":"https:\/\/soulmade-tours.eu\/privattouren\/#breadcrumb"},"inLanguage":"en-US","potentialAction":[{"@type":"ReadAction","target":["https:\/\/soulmade-tours.eu\/privattouren\/"]}]},{"@type":"BreadcrumbList","@id":"https:\/\/soulmade-tours.eu\/privattouren\/#breadcrumb","itemListElement":[{"@type":"ListItem","position":1,"name":"Startseite","item":"https:\/\/soulmade-tours.eu\/"},{"@type":"ListItem","position":2,"name":"Privattouren"}]},{"@type":"WebSite","@id":"https:\/\/soulmade-tours.eu\/#website","url":"https:\/\/soulmade-tours.eu\/","name":"SOULMADE TOURS gef\u00fchrte Motorradtouren","description":"Gef\u00fchrte Motorradtouren mit K\u00f6rper, Geist &amp; Seele","publisher":{"@id":"https:\/\/soulmade-tours.eu\/#organization"},"potentialAction":[{"@type":"SearchAction","target":{"@type":"EntryPoint","urlTemplate":"https:\/\/soulmade-tours.eu\/?s={search_term_string}"},"query-input":{"@type":"PropertyValueSpecification","valueRequired":true,"valueName":"search_term_string"}}],"inLanguage":"en-US"},{"@type":"Organization","@id":"https:\/\/soulmade-tours.eu\/#organization","name":"SOULMADE TOURS gef\u00fchrte Motorradtouren","url":"https:\/\/soulmade-tours.eu\/","logo":{"@type":"ImageObject","inLanguage":"en-US","@id":"https:\/\/soulmade-tours.eu\/#\/schema\/logo\/image\/","url":"https:\/\/soulmade-tours.eu\/wp-content\/uploads\/2022\/10\/cropped-512er_logo_soulmade_tours-Kopie-2.png","contentUrl":"https:\/\/soulmade-tours.eu\/wp-content\/uploads\/2022\/10\/cropped-512er_logo_soulmade_tours-Kopie-2.png","width":512,"height":512,"caption":"SOULMADE TOURS gef\u00fchrte Motorradtouren"},"image":{"@id":"https:\/\/soulmade-tours.eu\/#\/schema\/logo\/image\/"}}]}},"_links":{"self":[{"href":"https:\/\/soulmade-tours.eu\/en\/wp-json\/wp\/v2\/pages\/177","targetHints":{"allow":["GET"]}}],"collection":[{"href":"https:\/\/soulmade-tours.eu\/en\/wp-json\/wp\/v2\/pages"}],"about":[{"href":"https:\/\/soulmade-tours.eu\/en\/wp-json\/wp\/v2\/types\/page"}],"author":[{"embeddable":true,"href":"https:\/\/soulmade-tours.eu\/en\/wp-json\/wp\/v2\/users\/1"}],"replies":[{"embeddable":true,"href":"https:\/\/soulmade-tours.eu\/en\/wp-json\/wp\/v2\/comments?post=177"}],"version-history":[{"count":17,"href":"https:\/\/soulmade-tours.eu\/en\/wp-json\/wp\/v2\/pages\/177\/revisions"}],"predecessor-version":[{"id":1019,"href":"https:\/\/soulmade-tours.eu\/en\/wp-json\/wp\/v2\/pages\/177\/revisions\/1019"}],"wp:attachment":[{"href":"https:\/\/soulmade-tours.eu\/en\/wp-json\/wp\/v2\/media?parent=177"}],"curies":[{"name":"wp","href":"https:\/\/api.w.org\/{rel}","templated":true}]}}