{"id":280,"date":"2023-02-28T10:48:44","date_gmt":"2023-02-28T09:48:44","guid":{"rendered":"https:\/\/soulmade-tours.eu\/?page_id=280"},"modified":"2026-01-15T10:48:04","modified_gmt":"2026-01-15T09:48:04","slug":"das-level-system-von-soulmade-tours","status":"publish","type":"page","link":"https:\/\/soulmade-tours.eu\/en\/touren\/das-level-system-von-soulmade-tours\/","title":{"rendered":"The SOULMADE TOURS level system"},"content":{"rendered":"<p>We want to make sure you feel safe and comfortable during your trip and have introduced a system of various difficulty levels in order to classify and allocate your riding skills, since we want you to gather riding experience and thus improve. This works best if you are joined with bikers of a similar level. This way, you feel neither un- nor overchallenged.<\/p>\n<p>We strictly obey traffic laws in each country we travel through, so that beside good food and beautiful nature, you feel relaxed and safe. This is what the soulmade tours feelgood factor is about: motorbike trips \u2013 made for body, mind and soul.<\/p>\n<p><span style=\"background-color: #dd9933; font-size: 18pt;\"><strong>Level A<\/strong><\/span><\/p>\n<p>Level A is dedicated to newcomers and returners with little experience. For level A bikers, day trips are a little shorter, allowing you enough time to optimize your riding skills. Your ambition is required to work on your abilities and move up to the next level quickly.<\/p>\n<p>Level A<\/p>\n<ul>\n<li><em>Newcomers and returners<\/em><\/li>\n<li><em>Requirements: riding enjoyment and the will to improve one\u2019s skills<\/em><\/li>\n<li>Level B is for more experienced bikers and returners who already feel safe when cornering, because in level B it\u2019s all about serpentines. We\u2019ll make sure that your cornering skills improve and want to bring your confidence between men and the machine to a whole new level, without taking any risk. The tours are combined with wide and narrow curves that you will be able to ride safely.<\/li>\n<\/ul>\n<p><span style=\"background-color: #dd9933; font-size: 18pt;\"><strong>Level B<\/strong><\/span><\/p>\n<ul>\n<li><em>Requirements: <\/em><\/li>\n<li><em>advanced riding skills according to traffic codes<\/em><\/li>\n<li><em>flawless starting \u2013 including hills<\/em><\/li>\n<li><em>safe cornering<\/em><\/li>\n<li><em>safe overtaking<\/em><\/li>\n<li><em>safe increasing to full speed<\/em><\/li>\n<li><em>ambition to improve own riding skills and enjoyment<\/em><\/li>\n<li><em>Multi-day tours of up to 300km including breaks<\/em><\/li>\n<li><\/li>\n<\/ul>\n<p><span style=\"font-size: 18pt; background-color: #dd9933;\"><strong>Level C<\/strong><\/span><\/p>\n<p>If you manage level B easily and safely, you will truly enjoy the tours in level C!<\/p>\n<p>C is dedicated to very experienced bikers and returners who enjoy a long-term riding experience and want to refine their technique. The day on the bike can take longer and lead the motor cyclist to occasional unpaved roads. In level C, you easily manage hairpin turns and mountain passes. Honest self-evaluation is essential, and as always, also in level C, we stick to the traffic code of each country!<\/p>\n<p>Level C<\/p>\n<ul>\n<li><em>Requirements: advanced riding skills in all situations and safe increasing to full speed<\/em><\/li>\n<\/ul>\n<ul>\n<li><em>Longer day trips of up to 400km \u2013 especially upon arrival<\/em><\/li>\n<\/ul>\n<span class=\"ctsc-message ctsc-message-info\">\n<p>SOULMADE TOURS offers you the opportunity to try out a higher level for one day, if approved by our guides. This is a great chance to learn a bit more and share your experiences with the other bikers.<\/p>\n<\/span>\n","protected":false},"excerpt":{"rendered":"<p>We want to make sure you feel safe and comfortable during your trip and have introduced a system of various difficulty levels in order to classify and allocate your riding skills, since we want you to gather riding experience and [&hellip;]<\/p>\n","protected":false},"author":1,"featured_media":0,"parent":21,"menu_order":0,"comment_status":"closed","ping_status":"closed","template":"","meta":{"_price":"","_stock":"","_tribe_ticket_header":"","_tribe_default_ticket_provider":"","_tribe_ticket_capacity":"","_ticket_start_date":"","_ticket_end_date":"","_tribe_ticket_show_description":"","_tribe_ticket_show_not_going":false,"_tribe_ticket_use_global_stock":"","_tribe_ticket_global_stock_level":"","_global_stock_mode":"","_global_stock_cap":"","_tribe_rsvp_for_event":"","_tribe_ticket_going_count":"","_tribe_ticket_not_going_count":"","_tribe_tickets_list":"[]","_tribe_ticket_has_attendee_info_fields":false,"footnotes":""},"class_list":["post-280","page","type-page","status-publish","hentry","post"],"translation":{"provider":"WPGlobus","version":"3.0.2","language":"en","enabled_languages":["de","en"],"languages":{"de":{"title":true,"content":true,"excerpt":false},"en":{"title":true,"content":true,"excerpt":false}}},"yoast_head":"<!-- This site is optimized with the Yoast SEO plugin v27.4 - https:\/\/yoast.com\/product\/yoast-seo-wordpress\/ -->\n<title>The SOULMADE TOURS level system - SOULMADE TOURS<\/title>\n<meta name=\"robots\" content=\"index, follow, max-snippet:-1, max-image-preview:large, max-video-preview:-1\" \/>\n<link rel=\"canonical\" href=\"https:\/\/soulmade-tours.eu\/touren\/das-level-system-von-soulmade-tours\/\" \/>\n<meta property=\"og:locale\" content=\"en_US\" \/>\n<meta property=\"og:type\" content=\"article\" \/>\n<meta property=\"og:title\" content=\"The SOULMADE TOURS level system - SOULMADE TOURS\" \/>\n<meta property=\"og:url\" content=\"https:\/\/soulmade-tours.eu\/touren\/das-level-system-von-soulmade-tours\/\" \/>\n<meta property=\"og:site_name\" content=\"SOULMADE TOURS\" \/>\n<meta property=\"article:modified_time\" content=\"2026-01-15T09:48:04+00:00\" \/>\n<meta name=\"twitter:card\" content=\"summary_large_image\" \/>\n<meta name=\"twitter:label1\" content=\"Est. reading time\" \/>\n\t<meta name=\"twitter:data1\" content=\"3 minutes\" \/>\n<script type=\"application\/ld+json\" class=\"yoast-schema-graph\">{\"@context\":\"https:\\\/\\\/schema.org\",\"@graph\":[{\"@type\":\"WebPage\",\"@id\":\"https:\\\/\\\/soulmade-tours.eu\\\/touren\\\/das-level-system-von-soulmade-tours\\\/\",\"url\":\"https:\\\/\\\/soulmade-tours.eu\\\/touren\\\/das-level-system-von-soulmade-tours\\\/\",\"name\":\"The SOULMADE TOURS level system - SOULMADE TOURS\",\"isPartOf\":{\"@id\":\"https:\\\/\\\/soulmade-tours.eu\\\/#website\"},\"datePublished\":\"2023-02-28T09:48:44+00:00\",\"dateModified\":\"2026-01-15T09:48:04+00:00\",\"breadcrumb\":{\"@id\":\"https:\\\/\\\/soulmade-tours.eu\\\/touren\\\/das-level-system-von-soulmade-tours\\\/#breadcrumb\"},\"inLanguage\":\"en-US\",\"potentialAction\":[{\"@type\":\"ReadAction\",\"target\":[\"https:\\\/\\\/soulmade-tours.eu\\\/touren\\\/das-level-system-von-soulmade-tours\\\/\"]}]},{\"@type\":\"BreadcrumbList\",\"@id\":\"https:\\\/\\\/soulmade-tours.eu\\\/touren\\\/das-level-system-von-soulmade-tours\\\/#breadcrumb\",\"itemListElement\":[{\"@type\":\"ListItem\",\"position\":1,\"name\":\"Startseite\",\"item\":\"https:\\\/\\\/soulmade-tours.eu\\\/\"},{\"@type\":\"ListItem\",\"position\":2,\"name\":\"Touren\",\"item\":\"https:\\\/\\\/soulmade-tours.eu\\\/touren\\\/\"},{\"@type\":\"ListItem\",\"position\":3,\"name\":\"Das Level-System von SOULMADE TOURS\"}]},{\"@type\":\"WebSite\",\"@id\":\"https:\\\/\\\/soulmade-tours.eu\\\/#website\",\"url\":\"https:\\\/\\\/soulmade-tours.eu\\\/\",\"name\":\"SOULMADE TOURS gef\u00fchrte Motorradtouren\",\"description\":\"Gef\u00fchrte Motorradtouren mit K\u00f6rper, Geist &amp; Seele\",\"publisher\":{\"@id\":\"https:\\\/\\\/soulmade-tours.eu\\\/#organization\"},\"potentialAction\":[{\"@type\":\"SearchAction\",\"target\":{\"@type\":\"EntryPoint\",\"urlTemplate\":\"https:\\\/\\\/soulmade-tours.eu\\\/?s={search_term_string}\"},\"query-input\":{\"@type\":\"PropertyValueSpecification\",\"valueRequired\":true,\"valueName\":\"search_term_string\"}}],\"inLanguage\":\"en-US\"},{\"@type\":\"Organization\",\"@id\":\"https:\\\/\\\/soulmade-tours.eu\\\/#organization\",\"name\":\"SOULMADE TOURS gef\u00fchrte Motorradtouren\",\"url\":\"https:\\\/\\\/soulmade-tours.eu\\\/\",\"logo\":{\"@type\":\"ImageObject\",\"inLanguage\":\"en-US\",\"@id\":\"https:\\\/\\\/soulmade-tours.eu\\\/#\\\/schema\\\/logo\\\/image\\\/\",\"url\":\"https:\\\/\\\/soulmade-tours.eu\\\/wp-content\\\/uploads\\\/2022\\\/10\\\/cropped-512er_logo_soulmade_tours-Kopie-2.png\",\"contentUrl\":\"https:\\\/\\\/soulmade-tours.eu\\\/wp-content\\\/uploads\\\/2022\\\/10\\\/cropped-512er_logo_soulmade_tours-Kopie-2.png\",\"width\":512,\"height\":512,\"caption\":\"SOULMADE TOURS gef\u00fchrte Motorradtouren\"},\"image\":{\"@id\":\"https:\\\/\\\/soulmade-tours.eu\\\/#\\\/schema\\\/logo\\\/image\\\/\"}}]}<\/script>\n<!-- \/ Yoast SEO plugin. -->","yoast_head_json":{"title":"The SOULMADE TOURS level system - SOULMADE TOURS","robots":{"index":"index","follow":"follow","max-snippet":"max-snippet:-1","max-image-preview":"max-image-preview:large","max-video-preview":"max-video-preview:-1"},"canonical":"https:\/\/soulmade-tours.eu\/touren\/das-level-system-von-soulmade-tours\/","og_locale":"en_US","og_type":"article","og_title":"The SOULMADE TOURS level system - SOULMADE TOURS","og_url":"https:\/\/soulmade-tours.eu\/touren\/das-level-system-von-soulmade-tours\/","og_site_name":"SOULMADE TOURS","article_modified_time":"2026-01-15T09:48:04+00:00","twitter_card":"summary_large_image","twitter_misc":{"Est. reading time":"3 minutes"},"schema":{"@context":"https:\/\/schema.org","@graph":[{"@type":"WebPage","@id":"https:\/\/soulmade-tours.eu\/touren\/das-level-system-von-soulmade-tours\/","url":"https:\/\/soulmade-tours.eu\/touren\/das-level-system-von-soulmade-tours\/","name":"The SOULMADE TOURS level system - SOULMADE TOURS","isPartOf":{"@id":"https:\/\/soulmade-tours.eu\/#website"},"datePublished":"2023-02-28T09:48:44+00:00","dateModified":"2026-01-15T09:48:04+00:00","breadcrumb":{"@id":"https:\/\/soulmade-tours.eu\/touren\/das-level-system-von-soulmade-tours\/#breadcrumb"},"inLanguage":"en-US","potentialAction":[{"@type":"ReadAction","target":["https:\/\/soulmade-tours.eu\/touren\/das-level-system-von-soulmade-tours\/"]}]},{"@type":"BreadcrumbList","@id":"https:\/\/soulmade-tours.eu\/touren\/das-level-system-von-soulmade-tours\/#breadcrumb","itemListElement":[{"@type":"ListItem","position":1,"name":"Startseite","item":"https:\/\/soulmade-tours.eu\/"},{"@type":"ListItem","position":2,"name":"Touren","item":"https:\/\/soulmade-tours.eu\/touren\/"},{"@type":"ListItem","position":3,"name":"Das Level-System von SOULMADE TOURS"}]},{"@type":"WebSite","@id":"https:\/\/soulmade-tours.eu\/#website","url":"https:\/\/soulmade-tours.eu\/","name":"SOULMADE TOURS gef\u00fchrte Motorradtouren","description":"Gef\u00fchrte Motorradtouren mit K\u00f6rper, Geist &amp; Seele","publisher":{"@id":"https:\/\/soulmade-tours.eu\/#organization"},"potentialAction":[{"@type":"SearchAction","target":{"@type":"EntryPoint","urlTemplate":"https:\/\/soulmade-tours.eu\/?s={search_term_string}"},"query-input":{"@type":"PropertyValueSpecification","valueRequired":true,"valueName":"search_term_string"}}],"inLanguage":"en-US"},{"@type":"Organization","@id":"https:\/\/soulmade-tours.eu\/#organization","name":"SOULMADE TOURS gef\u00fchrte Motorradtouren","url":"https:\/\/soulmade-tours.eu\/","logo":{"@type":"ImageObject","inLanguage":"en-US","@id":"https:\/\/soulmade-tours.eu\/#\/schema\/logo\/image\/","url":"https:\/\/soulmade-tours.eu\/wp-content\/uploads\/2022\/10\/cropped-512er_logo_soulmade_tours-Kopie-2.png","contentUrl":"https:\/\/soulmade-tours.eu\/wp-content\/uploads\/2022\/10\/cropped-512er_logo_soulmade_tours-Kopie-2.png","width":512,"height":512,"caption":"SOULMADE TOURS gef\u00fchrte Motorradtouren"},"image":{"@id":"https:\/\/soulmade-tours.eu\/#\/schema\/logo\/image\/"}}]}},"_links":{"self":[{"href":"https:\/\/soulmade-tours.eu\/en\/wp-json\/wp\/v2\/pages\/280","targetHints":{"allow":["GET"]}}],"collection":[{"href":"https:\/\/soulmade-tours.eu\/en\/wp-json\/wp\/v2\/pages"}],"about":[{"href":"https:\/\/soulmade-tours.eu\/en\/wp-json\/wp\/v2\/types\/page"}],"author":[{"embeddable":true,"href":"https:\/\/soulmade-tours.eu\/en\/wp-json\/wp\/v2\/users\/1"}],"replies":[{"embeddable":true,"href":"https:\/\/soulmade-tours.eu\/en\/wp-json\/wp\/v2\/comments?post=280"}],"version-history":[{"count":13,"href":"https:\/\/soulmade-tours.eu\/en\/wp-json\/wp\/v2\/pages\/280\/revisions"}],"predecessor-version":[{"id":1129,"href":"https:\/\/soulmade-tours.eu\/en\/wp-json\/wp\/v2\/pages\/280\/revisions\/1129"}],"up":[{"embeddable":true,"href":"https:\/\/soulmade-tours.eu\/en\/wp-json\/wp\/v2\/pages\/21"}],"wp:attachment":[{"href":"https:\/\/soulmade-tours.eu\/en\/wp-json\/wp\/v2\/media?parent=280"}],"curies":[{"name":"wp","href":"https:\/\/api.w.org\/{rel}","templated":true}]}}