{"id":350,"date":"2023-03-08T13:53:36","date_gmt":"2023-03-08T12:53:36","guid":{"rendered":"https:\/\/soulmade-tours.eu\/?page_id=350"},"modified":"2025-01-31T11:58:48","modified_gmt":"2025-01-31T10:58:48","slug":"impressum","status":"publish","type":"page","link":"https:\/\/soulmade-tours.eu\/en\/impressum\/","title":{"rendered":"Impressum"},"content":{"rendered":"<h1>Impressum<\/h1>\n<h2>Angaben gem\u00e4\u00df \u00a7 5 TMG<\/h2>\n<p>Werner Hall<br \/>\nSOULMADE TOURS<br \/>\nGef\u00fchrte Motorradtouren mit K\u00f6rper, Geist &amp; Seele<br \/>\nTal 44<br \/>\n80331 M\u00fcnchen<\/p>\n<h2>Kontakt<\/h2>\n<p>Telefon: 089\/245 98 007<br \/>\nE-Mail: info@soulmade-tours.eu<\/p>\n<h2>Umsatzsteuer-ID<\/h2>\n<p>Kleinunternehmer gem\u00e4\u00df iSv \u00a7 19 UStG ist befreit von der Angabe einer Steuernummer wenn Er keine Umsatzsteuer abf\u00fchrt oder geltend macht.<\/p>\n<h2>Angaben zur Berufs\u00adhaftpflicht\u00adversicherung<\/h2>\n<p><strong>Name und Sitz des Versicherers:<\/strong><br \/>\nAllianz Versicherungs AG<br \/>\nK\u00f6niginstr. 28, 80802 M\u00fcnchen<br \/>\nTelefonnummer: +49 89 3800-0<\/p>\n<p><strong>Geltungsraum der Versicherung:<\/strong><br \/>\nEuropa<\/p>\n<h2>Redaktionell verantwortlich<\/h2>\n<p>Werner Hall<br \/>\nTal 44<br \/>\n80331 M\u00fcnchen<\/p>\n<h2>EU-Streitschlichtung<\/h2>\n<p>Die Europ\u00e4ische Kommission stellt eine Plattform zur Online-Streitbeilegung (OS) bereit: <a href=\"https:\/\/ec.europa.eu\/consumers\/odr\/\" target=\"_blank\" rel=\"noopener noreferrer\">https:\/\/ec.europa.eu\/consumers\/odr\/<\/a>.<br \/>\nUnsere E-Mail-Adresse finden Sie oben im Impressum.<\/p>\n<h2>Verbraucher\u00adstreit\u00adbeilegung\/Universal\u00adschlichtungs\u00adstelle<\/h2>\n<p>Wir sind nicht bereit oder verpflichtet, an Streitbeilegungsverfahren vor einer Verbraucherschlichtungsstelle teilzunehmen.<\/p>\n","protected":false},"excerpt":{"rendered":"<p>Impressum Angaben gem\u00e4\u00df \u00a7 5 TMG Werner Hall SOULMADE TOURS Gef\u00fchrte Motorradtouren mit K\u00f6rper, Geist &amp; Seele Tal 44 80331 M\u00fcnchen Kontakt Telefon: 089\/245 98 007 E-Mail: info@soulmade-tours.eu Umsatzsteuer-ID Kleinunternehmer gem\u00e4\u00df iSv \u00a7 19 UStG ist befreit von der Angabe [&hellip;]<\/p>\n","protected":false},"author":1,"featured_media":0,"parent":0,"menu_order":0,"comment_status":"closed","ping_status":"closed","template":"","meta":{"_price":"","_stock":"","_tribe_ticket_header":"","_tribe_default_ticket_provider":"","_tribe_ticket_capacity":"","_ticket_start_date":"","_ticket_end_date":"","_tribe_ticket_show_description":"","_tribe_ticket_show_not_going":false,"_tribe_ticket_use_global_stock":"","_tribe_ticket_global_stock_level":"","_global_stock_mode":"","_global_stock_cap":"","_tribe_rsvp_for_event":"","_tribe_ticket_going_count":"","_tribe_ticket_not_going_count":"","_tribe_tickets_list":"[]","_tribe_ticket_has_attendee_info_fields":false,"footnotes":""},"class_list":["post-350","page","type-page","status-publish","hentry","post"],"translation":{"provider":"WPGlobus","version":"3.0.2","language":"en","enabled_languages":["de","en"],"languages":{"de":{"title":true,"content":true,"excerpt":false},"en":{"title":false,"content":false,"excerpt":false}}},"yoast_head":"<!-- This site is optimized with the Yoast SEO plugin v27.4 - https:\/\/yoast.com\/product\/yoast-seo-wordpress\/ -->\n<title>Impressum - SOULMADE TOURS<\/title>\n<meta name=\"robots\" content=\"index, follow, max-snippet:-1, max-image-preview:large, max-video-preview:-1\" \/>\n<link rel=\"canonical\" href=\"https:\/\/soulmade-tours.eu\/impressum\/\" \/>\n<meta property=\"og:locale\" content=\"en_US\" \/>\n<meta property=\"og:type\" content=\"article\" \/>\n<meta property=\"og:title\" content=\"Impressum - SOULMADE TOURS\" \/>\n<meta property=\"og:url\" content=\"https:\/\/soulmade-tours.eu\/impressum\/\" \/>\n<meta property=\"og:site_name\" content=\"SOULMADE TOURS\" \/>\n<meta property=\"article:modified_time\" content=\"2025-01-31T10:58:48+00:00\" \/>\n<meta name=\"twitter:card\" content=\"summary_large_image\" \/>\n<meta name=\"twitter:label1\" content=\"Est. reading time\" \/>\n\t<meta name=\"twitter:data1\" content=\"1 minute\" \/>\n<script type=\"application\/ld+json\" class=\"yoast-schema-graph\">{\"@context\":\"https:\\\/\\\/schema.org\",\"@graph\":[{\"@type\":\"WebPage\",\"@id\":\"https:\\\/\\\/soulmade-tours.eu\\\/impressum\\\/\",\"url\":\"https:\\\/\\\/soulmade-tours.eu\\\/impressum\\\/\",\"name\":\"Impressum - SOULMADE TOURS\",\"isPartOf\":{\"@id\":\"https:\\\/\\\/soulmade-tours.eu\\\/#website\"},\"datePublished\":\"2023-03-08T12:53:36+00:00\",\"dateModified\":\"2025-01-31T10:58:48+00:00\",\"breadcrumb\":{\"@id\":\"https:\\\/\\\/soulmade-tours.eu\\\/impressum\\\/#breadcrumb\"},\"inLanguage\":\"en-US\",\"potentialAction\":[{\"@type\":\"ReadAction\",\"target\":[\"https:\\\/\\\/soulmade-tours.eu\\\/impressum\\\/\"]}]},{\"@type\":\"BreadcrumbList\",\"@id\":\"https:\\\/\\\/soulmade-tours.eu\\\/impressum\\\/#breadcrumb\",\"itemListElement\":[{\"@type\":\"ListItem\",\"position\":1,\"name\":\"Startseite\",\"item\":\"https:\\\/\\\/soulmade-tours.eu\\\/\"},{\"@type\":\"ListItem\",\"position\":2,\"name\":\"Impressum\"}]},{\"@type\":\"WebSite\",\"@id\":\"https:\\\/\\\/soulmade-tours.eu\\\/#website\",\"url\":\"https:\\\/\\\/soulmade-tours.eu\\\/\",\"name\":\"SOULMADE TOURS gef\u00fchrte Motorradtouren\",\"description\":\"Gef\u00fchrte Motorradtouren mit K\u00f6rper, Geist &amp; Seele\",\"publisher\":{\"@id\":\"https:\\\/\\\/soulmade-tours.eu\\\/#organization\"},\"potentialAction\":[{\"@type\":\"SearchAction\",\"target\":{\"@type\":\"EntryPoint\",\"urlTemplate\":\"https:\\\/\\\/soulmade-tours.eu\\\/?s={search_term_string}\"},\"query-input\":{\"@type\":\"PropertyValueSpecification\",\"valueRequired\":true,\"valueName\":\"search_term_string\"}}],\"inLanguage\":\"en-US\"},{\"@type\":\"Organization\",\"@id\":\"https:\\\/\\\/soulmade-tours.eu\\\/#organization\",\"name\":\"SOULMADE TOURS gef\u00fchrte Motorradtouren\",\"url\":\"https:\\\/\\\/soulmade-tours.eu\\\/\",\"logo\":{\"@type\":\"ImageObject\",\"inLanguage\":\"en-US\",\"@id\":\"https:\\\/\\\/soulmade-tours.eu\\\/#\\\/schema\\\/logo\\\/image\\\/\",\"url\":\"https:\\\/\\\/soulmade-tours.eu\\\/wp-content\\\/uploads\\\/2022\\\/10\\\/cropped-512er_logo_soulmade_tours-Kopie-2.png\",\"contentUrl\":\"https:\\\/\\\/soulmade-tours.eu\\\/wp-content\\\/uploads\\\/2022\\\/10\\\/cropped-512er_logo_soulmade_tours-Kopie-2.png\",\"width\":512,\"height\":512,\"caption\":\"SOULMADE TOURS gef\u00fchrte Motorradtouren\"},\"image\":{\"@id\":\"https:\\\/\\\/soulmade-tours.eu\\\/#\\\/schema\\\/logo\\\/image\\\/\"}}]}<\/script>\n<!-- \/ Yoast SEO plugin. -->","yoast_head_json":{"title":"Impressum - SOULMADE TOURS","robots":{"index":"index","follow":"follow","max-snippet":"max-snippet:-1","max-image-preview":"max-image-preview:large","max-video-preview":"max-video-preview:-1"},"canonical":"https:\/\/soulmade-tours.eu\/impressum\/","og_locale":"en_US","og_type":"article","og_title":"Impressum - SOULMADE TOURS","og_url":"https:\/\/soulmade-tours.eu\/impressum\/","og_site_name":"SOULMADE TOURS","article_modified_time":"2025-01-31T10:58:48+00:00","twitter_card":"summary_large_image","twitter_misc":{"Est. reading time":"1 minute"},"schema":{"@context":"https:\/\/schema.org","@graph":[{"@type":"WebPage","@id":"https:\/\/soulmade-tours.eu\/impressum\/","url":"https:\/\/soulmade-tours.eu\/impressum\/","name":"Impressum - SOULMADE TOURS","isPartOf":{"@id":"https:\/\/soulmade-tours.eu\/#website"},"datePublished":"2023-03-08T12:53:36+00:00","dateModified":"2025-01-31T10:58:48+00:00","breadcrumb":{"@id":"https:\/\/soulmade-tours.eu\/impressum\/#breadcrumb"},"inLanguage":"en-US","potentialAction":[{"@type":"ReadAction","target":["https:\/\/soulmade-tours.eu\/impressum\/"]}]},{"@type":"BreadcrumbList","@id":"https:\/\/soulmade-tours.eu\/impressum\/#breadcrumb","itemListElement":[{"@type":"ListItem","position":1,"name":"Startseite","item":"https:\/\/soulmade-tours.eu\/"},{"@type":"ListItem","position":2,"name":"Impressum"}]},{"@type":"WebSite","@id":"https:\/\/soulmade-tours.eu\/#website","url":"https:\/\/soulmade-tours.eu\/","name":"SOULMADE TOURS gef\u00fchrte Motorradtouren","description":"Gef\u00fchrte Motorradtouren mit K\u00f6rper, Geist &amp; Seele","publisher":{"@id":"https:\/\/soulmade-tours.eu\/#organization"},"potentialAction":[{"@type":"SearchAction","target":{"@type":"EntryPoint","urlTemplate":"https:\/\/soulmade-tours.eu\/?s={search_term_string}"},"query-input":{"@type":"PropertyValueSpecification","valueRequired":true,"valueName":"search_term_string"}}],"inLanguage":"en-US"},{"@type":"Organization","@id":"https:\/\/soulmade-tours.eu\/#organization","name":"SOULMADE TOURS gef\u00fchrte Motorradtouren","url":"https:\/\/soulmade-tours.eu\/","logo":{"@type":"ImageObject","inLanguage":"en-US","@id":"https:\/\/soulmade-tours.eu\/#\/schema\/logo\/image\/","url":"https:\/\/soulmade-tours.eu\/wp-content\/uploads\/2022\/10\/cropped-512er_logo_soulmade_tours-Kopie-2.png","contentUrl":"https:\/\/soulmade-tours.eu\/wp-content\/uploads\/2022\/10\/cropped-512er_logo_soulmade_tours-Kopie-2.png","width":512,"height":512,"caption":"SOULMADE TOURS gef\u00fchrte Motorradtouren"},"image":{"@id":"https:\/\/soulmade-tours.eu\/#\/schema\/logo\/image\/"}}]}},"_links":{"self":[{"href":"https:\/\/soulmade-tours.eu\/en\/wp-json\/wp\/v2\/pages\/350","targetHints":{"allow":["GET"]}}],"collection":[{"href":"https:\/\/soulmade-tours.eu\/en\/wp-json\/wp\/v2\/pages"}],"about":[{"href":"https:\/\/soulmade-tours.eu\/en\/wp-json\/wp\/v2\/types\/page"}],"author":[{"embeddable":true,"href":"https:\/\/soulmade-tours.eu\/en\/wp-json\/wp\/v2\/users\/1"}],"replies":[{"embeddable":true,"href":"https:\/\/soulmade-tours.eu\/en\/wp-json\/wp\/v2\/comments?post=350"}],"version-history":[{"count":2,"href":"https:\/\/soulmade-tours.eu\/en\/wp-json\/wp\/v2\/pages\/350\/revisions"}],"predecessor-version":[{"id":1016,"href":"https:\/\/soulmade-tours.eu\/en\/wp-json\/wp\/v2\/pages\/350\/revisions\/1016"}],"wp:attachment":[{"href":"https:\/\/soulmade-tours.eu\/en\/wp-json\/wp\/v2\/media?parent=350"}],"curies":[{"name":"wp","href":"https:\/\/api.w.org\/{rel}","templated":true}]}}