{"id":912,"date":"2024-10-17T14:11:01","date_gmt":"2024-10-17T12:11:01","guid":{"rendered":"https:\/\/soulmade-tours.eu\/?page_id=912"},"modified":"2024-10-17T14:37:18","modified_gmt":"2024-10-17T12:37:18","slug":"motorradverleih","status":"publish","type":"page","link":"https:\/\/soulmade-tours.eu\/en\/touren\/motorradverleih\/","title":{"rendered":"Motorradverleih"},"content":{"rendered":"<p><strong><span style=\"font-size: 22pt;\">Kein eigenes Bike?<\/span><\/strong><\/p>\n<p>Hier gehts zu unserem Partner Motorradverleih<\/p>\n<p><a href=\"https:\/\/www.mototreff-balog.de\/ktm-verleih\/\" target=\"_blank\" rel=\"noopener\">KTM Verleih<\/a><\/p>\n<p><a href=\"https:\/\/www.mototreff-balog.de\/ktm-verleih\/\" target=\"_blank\" rel=\"noopener\"><img loading=\"lazy\" decoding=\"async\" class=\"alignnone wp-image-916 size-medium\" src=\"https:\/\/soulmade-tours.eu\/wp-content\/uploads\/2024\/10\/ktm_verleih-450x240.jpg\" alt=\"\" width=\"450\" height=\"240\" srcset=\"https:\/\/soulmade-tours.eu\/wp-content\/uploads\/2024\/10\/ktm_verleih-450x240.jpg 450w, https:\/\/soulmade-tours.eu\/wp-content\/uploads\/2024\/10\/ktm_verleih-1024x546.jpg 1024w, https:\/\/soulmade-tours.eu\/wp-content\/uploads\/2024\/10\/ktm_verleih-768x409.jpg 768w, https:\/\/soulmade-tours.eu\/wp-content\/uploads\/2024\/10\/ktm_verleih-1536x819.jpg 1536w, https:\/\/soulmade-tours.eu\/wp-content\/uploads\/2024\/10\/ktm_verleih-2048x1092.jpg 2048w\" sizes=\"auto, (max-width: 450px) 100vw, 450px\" \/><\/a><\/p>\n<p>&nbsp;<\/p>\n<p><a href=\"https:\/\/www.mototreff-balog.de\/honda-verleih\/\" target=\"_blank\" rel=\"noopener\">Honda Verleih<\/a><\/p>\n<p><a href=\"https:\/\/www.mototreff-balog.de\/honda-verleih\/\" target=\"_blank\" rel=\"noopener\"><img loading=\"lazy\" decoding=\"async\" class=\"alignnone wp-image-917 size-medium\" src=\"https:\/\/soulmade-tours.eu\/wp-content\/uploads\/2024\/10\/honda_verleih-450x240.jpg\" alt=\"\" width=\"450\" height=\"240\" srcset=\"https:\/\/soulmade-tours.eu\/wp-content\/uploads\/2024\/10\/honda_verleih-450x240.jpg 450w, https:\/\/soulmade-tours.eu\/wp-content\/uploads\/2024\/10\/honda_verleih-1024x546.jpg 1024w, https:\/\/soulmade-tours.eu\/wp-content\/uploads\/2024\/10\/honda_verleih-768x409.jpg 768w, https:\/\/soulmade-tours.eu\/wp-content\/uploads\/2024\/10\/honda_verleih-1536x819.jpg 1536w, https:\/\/soulmade-tours.eu\/wp-content\/uploads\/2024\/10\/honda_verleih-2048x1092.jpg 2048w\" sizes=\"auto, (max-width: 450px) 100vw, 450px\" \/><\/a><\/p>\n","protected":false},"excerpt":{"rendered":"<p>Kein eigenes Bike? Hier gehts zu unserem Partner Motorradverleih KTM Verleih &nbsp; Honda Verleih<\/p>\n","protected":false},"author":1,"featured_media":0,"parent":21,"menu_order":0,"comment_status":"closed","ping_status":"closed","template":"","meta":{"_price":"","_stock":"","_tribe_ticket_header":"","_tribe_default_ticket_provider":"","_tribe_ticket_capacity":"","_ticket_start_date":"","_ticket_end_date":"","_tribe_ticket_show_description":"","_tribe_ticket_show_not_going":false,"_tribe_ticket_use_global_stock":"","_tribe_ticket_global_stock_level":"","_global_stock_mode":"","_global_stock_cap":"","_tribe_rsvp_for_event":"","_tribe_ticket_going_count":"","_tribe_ticket_not_going_count":"","_tribe_tickets_list":"[]","_tribe_ticket_has_attendee_info_fields":false,"footnotes":""},"class_list":["post-912","page","type-page","status-publish","hentry","post"],"translation":{"provider":"WPGlobus","version":"3.0.2","language":"en","enabled_languages":["de","en"],"languages":{"de":{"title":true,"content":true,"excerpt":false},"en":{"title":false,"content":false,"excerpt":false}}},"yoast_head":"<!-- This site is optimized with the Yoast SEO plugin v27.3 - https:\/\/yoast.com\/product\/yoast-seo-wordpress\/ -->\n<title>Motorradverleih - SOULMADE TOURS<\/title>\n<meta name=\"robots\" content=\"index, follow, max-snippet:-1, max-image-preview:large, max-video-preview:-1\" \/>\n<link rel=\"canonical\" href=\"https:\/\/soulmade-tours.eu\/touren\/motorradverleih\/\" \/>\n<meta property=\"og:locale\" content=\"en_US\" \/>\n<meta property=\"og:type\" content=\"article\" \/>\n<meta property=\"og:title\" content=\"Motorradverleih - SOULMADE TOURS\" \/>\n<meta property=\"og:url\" content=\"https:\/\/soulmade-tours.eu\/touren\/motorradverleih\/\" \/>\n<meta property=\"og:site_name\" content=\"SOULMADE TOURS\" \/>\n<meta property=\"article:modified_time\" content=\"2024-10-17T12:37:18+00:00\" \/>\n<meta property=\"og:image\" content=\"https:\/\/soulmade-tours.eu\/wp-content\/uploads\/2024\/10\/ktm_verleih-scaled.jpg\" \/>\n\t<meta property=\"og:image:width\" content=\"2560\" \/>\n\t<meta property=\"og:image:height\" content=\"1364\" \/>\n\t<meta property=\"og:image:type\" content=\"image\/jpeg\" \/>\n<meta name=\"twitter:card\" content=\"summary_large_image\" \/>\n<meta name=\"twitter:label1\" content=\"Est. reading time\" \/>\n\t<meta name=\"twitter:data1\" content=\"1 minute\" \/>\n<script type=\"application\/ld+json\" class=\"yoast-schema-graph\">{\"@context\":\"https:\\\/\\\/schema.org\",\"@graph\":[{\"@type\":\"WebPage\",\"@id\":\"https:\\\/\\\/soulmade-tours.eu\\\/touren\\\/motorradverleih\\\/\",\"url\":\"https:\\\/\\\/soulmade-tours.eu\\\/touren\\\/motorradverleih\\\/\",\"name\":\"Motorradverleih - SOULMADE TOURS\",\"isPartOf\":{\"@id\":\"https:\\\/\\\/soulmade-tours.eu\\\/#website\"},\"primaryImageOfPage\":{\"@id\":\"https:\\\/\\\/soulmade-tours.eu\\\/touren\\\/motorradverleih\\\/#primaryimage\"},\"image\":{\"@id\":\"https:\\\/\\\/soulmade-tours.eu\\\/touren\\\/motorradverleih\\\/#primaryimage\"},\"thumbnailUrl\":\"https:\\\/\\\/soulmade-tours.eu\\\/wp-content\\\/uploads\\\/2024\\\/10\\\/ktm_verleih-450x240.jpg\",\"datePublished\":\"2024-10-17T12:11:01+00:00\",\"dateModified\":\"2024-10-17T12:37:18+00:00\",\"breadcrumb\":{\"@id\":\"https:\\\/\\\/soulmade-tours.eu\\\/touren\\\/motorradverleih\\\/#breadcrumb\"},\"inLanguage\":\"en-US\",\"potentialAction\":[{\"@type\":\"ReadAction\",\"target\":[\"https:\\\/\\\/soulmade-tours.eu\\\/touren\\\/motorradverleih\\\/\"]}]},{\"@type\":\"ImageObject\",\"inLanguage\":\"en-US\",\"@id\":\"https:\\\/\\\/soulmade-tours.eu\\\/touren\\\/motorradverleih\\\/#primaryimage\",\"url\":\"https:\\\/\\\/soulmade-tours.eu\\\/wp-content\\\/uploads\\\/2024\\\/10\\\/ktm_verleih-450x240.jpg\",\"contentUrl\":\"https:\\\/\\\/soulmade-tours.eu\\\/wp-content\\\/uploads\\\/2024\\\/10\\\/ktm_verleih-450x240.jpg\"},{\"@type\":\"BreadcrumbList\",\"@id\":\"https:\\\/\\\/soulmade-tours.eu\\\/touren\\\/motorradverleih\\\/#breadcrumb\",\"itemListElement\":[{\"@type\":\"ListItem\",\"position\":1,\"name\":\"Startseite\",\"item\":\"https:\\\/\\\/soulmade-tours.eu\\\/\"},{\"@type\":\"ListItem\",\"position\":2,\"name\":\"Touren\",\"item\":\"https:\\\/\\\/soulmade-tours.eu\\\/touren\\\/\"},{\"@type\":\"ListItem\",\"position\":3,\"name\":\"Motorradverleih\"}]},{\"@type\":\"WebSite\",\"@id\":\"https:\\\/\\\/soulmade-tours.eu\\\/#website\",\"url\":\"https:\\\/\\\/soulmade-tours.eu\\\/\",\"name\":\"SOULMADE TOURS gef\u00fchrte Motorradtouren\",\"description\":\"Gef\u00fchrte Motorradtouren mit K\u00f6rper, Geist &amp; Seele\",\"publisher\":{\"@id\":\"https:\\\/\\\/soulmade-tours.eu\\\/#organization\"},\"potentialAction\":[{\"@type\":\"SearchAction\",\"target\":{\"@type\":\"EntryPoint\",\"urlTemplate\":\"https:\\\/\\\/soulmade-tours.eu\\\/?s={search_term_string}\"},\"query-input\":{\"@type\":\"PropertyValueSpecification\",\"valueRequired\":true,\"valueName\":\"search_term_string\"}}],\"inLanguage\":\"en-US\"},{\"@type\":\"Organization\",\"@id\":\"https:\\\/\\\/soulmade-tours.eu\\\/#organization\",\"name\":\"SOULMADE TOURS gef\u00fchrte Motorradtouren\",\"url\":\"https:\\\/\\\/soulmade-tours.eu\\\/\",\"logo\":{\"@type\":\"ImageObject\",\"inLanguage\":\"en-US\",\"@id\":\"https:\\\/\\\/soulmade-tours.eu\\\/#\\\/schema\\\/logo\\\/image\\\/\",\"url\":\"https:\\\/\\\/soulmade-tours.eu\\\/wp-content\\\/uploads\\\/2022\\\/10\\\/cropped-512er_logo_soulmade_tours-Kopie-2.png\",\"contentUrl\":\"https:\\\/\\\/soulmade-tours.eu\\\/wp-content\\\/uploads\\\/2022\\\/10\\\/cropped-512er_logo_soulmade_tours-Kopie-2.png\",\"width\":512,\"height\":512,\"caption\":\"SOULMADE TOURS gef\u00fchrte Motorradtouren\"},\"image\":{\"@id\":\"https:\\\/\\\/soulmade-tours.eu\\\/#\\\/schema\\\/logo\\\/image\\\/\"}}]}<\/script>\n<!-- \/ Yoast SEO plugin. -->","yoast_head_json":{"title":"Motorradverleih - SOULMADE TOURS","robots":{"index":"index","follow":"follow","max-snippet":"max-snippet:-1","max-image-preview":"max-image-preview:large","max-video-preview":"max-video-preview:-1"},"canonical":"https:\/\/soulmade-tours.eu\/touren\/motorradverleih\/","og_locale":"en_US","og_type":"article","og_title":"Motorradverleih - SOULMADE TOURS","og_url":"https:\/\/soulmade-tours.eu\/touren\/motorradverleih\/","og_site_name":"SOULMADE TOURS","article_modified_time":"2024-10-17T12:37:18+00:00","og_image":[{"width":2560,"height":1364,"url":"https:\/\/soulmade-tours.eu\/wp-content\/uploads\/2024\/10\/ktm_verleih-scaled.jpg","type":"image\/jpeg"}],"twitter_card":"summary_large_image","twitter_misc":{"Est. reading time":"1 minute"},"schema":{"@context":"https:\/\/schema.org","@graph":[{"@type":"WebPage","@id":"https:\/\/soulmade-tours.eu\/touren\/motorradverleih\/","url":"https:\/\/soulmade-tours.eu\/touren\/motorradverleih\/","name":"Motorradverleih - SOULMADE TOURS","isPartOf":{"@id":"https:\/\/soulmade-tours.eu\/#website"},"primaryImageOfPage":{"@id":"https:\/\/soulmade-tours.eu\/touren\/motorradverleih\/#primaryimage"},"image":{"@id":"https:\/\/soulmade-tours.eu\/touren\/motorradverleih\/#primaryimage"},"thumbnailUrl":"https:\/\/soulmade-tours.eu\/wp-content\/uploads\/2024\/10\/ktm_verleih-450x240.jpg","datePublished":"2024-10-17T12:11:01+00:00","dateModified":"2024-10-17T12:37:18+00:00","breadcrumb":{"@id":"https:\/\/soulmade-tours.eu\/touren\/motorradverleih\/#breadcrumb"},"inLanguage":"en-US","potentialAction":[{"@type":"ReadAction","target":["https:\/\/soulmade-tours.eu\/touren\/motorradverleih\/"]}]},{"@type":"ImageObject","inLanguage":"en-US","@id":"https:\/\/soulmade-tours.eu\/touren\/motorradverleih\/#primaryimage","url":"https:\/\/soulmade-tours.eu\/wp-content\/uploads\/2024\/10\/ktm_verleih-450x240.jpg","contentUrl":"https:\/\/soulmade-tours.eu\/wp-content\/uploads\/2024\/10\/ktm_verleih-450x240.jpg"},{"@type":"BreadcrumbList","@id":"https:\/\/soulmade-tours.eu\/touren\/motorradverleih\/#breadcrumb","itemListElement":[{"@type":"ListItem","position":1,"name":"Startseite","item":"https:\/\/soulmade-tours.eu\/"},{"@type":"ListItem","position":2,"name":"Touren","item":"https:\/\/soulmade-tours.eu\/touren\/"},{"@type":"ListItem","position":3,"name":"Motorradverleih"}]},{"@type":"WebSite","@id":"https:\/\/soulmade-tours.eu\/#website","url":"https:\/\/soulmade-tours.eu\/","name":"SOULMADE TOURS gef\u00fchrte Motorradtouren","description":"Gef\u00fchrte Motorradtouren mit K\u00f6rper, Geist &amp; Seele","publisher":{"@id":"https:\/\/soulmade-tours.eu\/#organization"},"potentialAction":[{"@type":"SearchAction","target":{"@type":"EntryPoint","urlTemplate":"https:\/\/soulmade-tours.eu\/?s={search_term_string}"},"query-input":{"@type":"PropertyValueSpecification","valueRequired":true,"valueName":"search_term_string"}}],"inLanguage":"en-US"},{"@type":"Organization","@id":"https:\/\/soulmade-tours.eu\/#organization","name":"SOULMADE TOURS gef\u00fchrte Motorradtouren","url":"https:\/\/soulmade-tours.eu\/","logo":{"@type":"ImageObject","inLanguage":"en-US","@id":"https:\/\/soulmade-tours.eu\/#\/schema\/logo\/image\/","url":"https:\/\/soulmade-tours.eu\/wp-content\/uploads\/2022\/10\/cropped-512er_logo_soulmade_tours-Kopie-2.png","contentUrl":"https:\/\/soulmade-tours.eu\/wp-content\/uploads\/2022\/10\/cropped-512er_logo_soulmade_tours-Kopie-2.png","width":512,"height":512,"caption":"SOULMADE TOURS gef\u00fchrte Motorradtouren"},"image":{"@id":"https:\/\/soulmade-tours.eu\/#\/schema\/logo\/image\/"}}]}},"_links":{"self":[{"href":"https:\/\/soulmade-tours.eu\/en\/wp-json\/wp\/v2\/pages\/912","targetHints":{"allow":["GET"]}}],"collection":[{"href":"https:\/\/soulmade-tours.eu\/en\/wp-json\/wp\/v2\/pages"}],"about":[{"href":"https:\/\/soulmade-tours.eu\/en\/wp-json\/wp\/v2\/types\/page"}],"author":[{"embeddable":true,"href":"https:\/\/soulmade-tours.eu\/en\/wp-json\/wp\/v2\/users\/1"}],"replies":[{"embeddable":true,"href":"https:\/\/soulmade-tours.eu\/en\/wp-json\/wp\/v2\/comments?post=912"}],"version-history":[{"count":11,"href":"https:\/\/soulmade-tours.eu\/en\/wp-json\/wp\/v2\/pages\/912\/revisions"}],"predecessor-version":[{"id":925,"href":"https:\/\/soulmade-tours.eu\/en\/wp-json\/wp\/v2\/pages\/912\/revisions\/925"}],"up":[{"embeddable":true,"href":"https:\/\/soulmade-tours.eu\/en\/wp-json\/wp\/v2\/pages\/21"}],"wp:attachment":[{"href":"https:\/\/soulmade-tours.eu\/en\/wp-json\/wp\/v2\/media?parent=912"}],"curies":[{"name":"wp","href":"https:\/\/api.w.org\/{rel}","templated":true}]}}